{"id":532427,"date":"2021-11-19T23:13:30","date_gmt":"2021-11-19T22:13:30","guid":{"rendered":"https:\/\/whatsmusic.de\/kuenstlerinterview-stell-deine-musik-vor\/"},"modified":"2024-11-22T21:07:53","modified_gmt":"2024-11-22T20:07:53","slug":"kuenstlerinterview-stell-deine-musik-vor","status":"publish","type":"page","link":"https:\/\/whatsmusic.de\/de\/kuenstlerinterview-stell-deine-musik-vor\/","title":{"rendered":"K\u00fcnstlerinterview &#8211; Stell deine Musik vor"},"content":{"rendered":"\t\t<div data-elementor-type=\"wp-page\" data-elementor-id=\"532427\" class=\"elementor elementor-532427 elementor-59872\">\n\t\t\t\t<div data-particle_enable=\"false\" data-particle-mobile-disabled=\"false\" class=\"elementor-element elementor-element-d1e126a e-con-full e-flex e-con e-parent\" data-id=\"d1e126a\" data-element_type=\"container\" data-settings=\"{&quot;background_background&quot;:&quot;classic&quot;}\">\n\t\t<div data-particle_enable=\"false\" data-particle-mobile-disabled=\"false\" class=\"elementor-element elementor-element-bf1c52a e-flex e-con-boxed e-con e-child\" data-id=\"bf1c52a\" data-element_type=\"container\" data-settings=\"{&quot;background_background&quot;:&quot;classic&quot;}\">\n\t\t\t\t\t<div class=\"e-con-inner\">\n\t\t<div data-particle_enable=\"false\" data-particle-mobile-disabled=\"false\" class=\"elementor-element elementor-element-0f02fc9 e-con-full e-flex e-con e-child\" data-id=\"0f02fc9\" data-element_type=\"container\" data-settings=\"{&quot;background_background&quot;:&quot;classic&quot;}\">\n\t\t<div data-particle_enable=\"false\" data-particle-mobile-disabled=\"false\" class=\"elementor-element elementor-element-b2132ce e-flex e-con-boxed e-con e-child\" data-id=\"b2132ce\" data-element_type=\"container\" data-settings=\"{&quot;background_background&quot;:&quot;classic&quot;}\">\n\t\t\t\t\t<div class=\"e-con-inner\">\n\t\t\t\t<div class=\"elementor-element elementor-element-f5e7129 elementor-widget elementor-widget-heading\" data-id=\"f5e7129\" data-element_type=\"widget\" data-widget_type=\"heading.default\">\n\t\t\t\t<div class=\"elementor-widget-container\">\n\t\t\t\t\t<div class=\"elementor-heading-title elementor-size-default\">Gib hier deine \u00dcberschrift ein<\/div>\t\t\t\t<\/div>\n\t\t\t\t<\/div>\n\t\t\t\t\t<\/div>\n\t\t\t\t<\/div>\n\t\t\t\t<\/div>\n\t\t<div data-particle_enable=\"false\" data-particle-mobile-disabled=\"false\" class=\"elementor-element elementor-element-dadd1ba e-flex e-con-boxed e-con e-child\" data-id=\"dadd1ba\" data-element_type=\"container\" data-settings=\"{&quot;background_background&quot;:&quot;classic&quot;}\">\n\t\t\t\t\t<div class=\"e-con-inner\">\n\t\t<div data-particle_enable=\"false\" data-particle-mobile-disabled=\"false\" class=\"elementor-element elementor-element-eb3a795 e-flex e-con-boxed e-con e-child\" data-id=\"eb3a795\" data-element_type=\"container\">\n\t\t\t\t\t<div class=\"e-con-inner\">\n\t\t\t\t<div class=\"elementor-element elementor-element-1ce854e elementor-widget elementor-widget-heading\" data-id=\"1ce854e\" data-element_type=\"widget\" data-widget_type=\"heading.default\">\n\t\t\t\t<div class=\"elementor-widget-container\">\n\t\t\t\t\t<h2 class=\"elementor-heading-title elementor-size-default\">Interviewformular auf Whats<span style=\"color:#ffce48\">Music<\/span><\/span>.de<\/h2>\t\t\t\t<\/div>\n\t\t\t\t<\/div>\n\t\t\t\t<div class=\"elementor-element elementor-element-87db2c2 elementor-widget elementor-widget-shortcode\" data-id=\"87db2c2\" data-element_type=\"widget\" data-widget_type=\"shortcode.default\">\n\t\t\t\t<div class=\"elementor-widget-container\">\n\t\t\t\t\t\t\t<div class=\"elementor-shortcode\"><form id=\"forminator-module-65556\" class=\"forminator-custom-form forminator-custom-form-65556\" method=\"post\" data-forminator-render=\"0\" data-uid=\"69de1e7c340ed\"><div role=\"alert\" aria-live=\"polite\" class=\"forminator-response-message forminator-error\" aria-hidden=\"true\"><\/div><\/form><\/div>\n\t\t\t\t\t\t<\/div>\n\t\t\t\t<\/div>\n\t\t\t\t\t<\/div>\n\t\t\t\t<\/div>\n\t\t\t\t\t<\/div>\n\t\t\t\t<\/div>\n\t\t\t\t\t<\/div>\n\t\t\t\t<\/div>\n\t\t\t\t<\/div>\n\t\t<div data-particle_enable=\"false\" data-particle-mobile-disabled=\"false\" class=\"elementor-element elementor-element-b3f7b34 e-flex e-con-boxed e-con e-parent\" data-id=\"b3f7b34\" data-element_type=\"container\">\n\t\t\t\t\t<div class=\"e-con-inner\">\n\t\t\t\t<div class=\"elementor-element elementor-element-1c19fe3 elementor-widget elementor-widget-text-editor\" data-id=\"1c19fe3\" data-element_type=\"widget\" data-widget_type=\"text-editor.default\">\n\t\t\t\t<div class=\"elementor-widget-container\">\n\t\t\t\t\t\t\t\t\t<h2><span style=\"color: #ffffff;\">Erlebe die Macht der kostenlosen Interviews auf WhatsMusic.de: Eine Win-Win-Win-Situation f\u00fcr Journalisten, K\u00fcnstler und Leser<\/span><\/h2>\n<p>Auch wenn es im heutigen digitalen Zeitalter unz\u00e4hlige M\u00f6glichkeiten gibt, f\u00fcr dich und deine Musik zu werben, sind traditionelle Interviews nach wie vor ein wichtiger Teil jeder Werbestrategie. Ein gut gemachtes Interview stellt nicht nur eine Verbindung zu deiner bestehenden Fangemeinde her, sondern weckt auch das Interesse von Menschen, die deine Musik sonst vielleicht nicht entdeckt h\u00e4tten. Indem du spannende Anekdoten erz\u00e4hlst und echte Einblicke in dein Leben als K\u00fcnstlerin oder K\u00fcnstler gew\u00e4hrst, kannst du die Leserinnen und Leser fesseln und dauerhafte Verbindungen herstellen.<\/p>\n<p>WhatsMusic.de bietet K\u00fcnstlern die einzigartige M\u00f6glichkeit, an kostenlosen Interviews teilzunehmen, die ihr Talent pr\u00e4sentieren und ein gr\u00f6\u00dferes Publikum erreichen. Wenn du deine Zeit und M\u00fche in ein durchdachtes Interview investierst, kannst du davon profitieren und das Wachstum deiner Musikkarriere vorantreiben.<\/p>\n<h2><span style=\"color: #ffffff;\">Warum w\u00e4hlst du WhatsMusic.de f\u00fcr dein Interview?<\/span><\/h2>\n<p>Als aufstrebender K\u00fcnstler ist es wichtig, jede Gelegenheit zu nutzen, um dich und deine Musik vorzustellen, auch wenn der Nutzen nicht sofort erkennbar ist. Es ist zwar wichtig, Informationen auf deiner Website und in den sozialen Medien zu teilen, aber ein gut gef\u00fchrtes Interview kann neue Perspektiven er\u00f6ffnen und neue Facetten deines musikalischen Werdegangs aufzeigen. Hier sind die Gr\u00fcnde, warum du WhatsMusic.de f\u00fcr dein n\u00e4chstes Interview w\u00e4hlen solltest:<\/p>\n<ul>\n<li><strong>Expertise:<\/strong> Unser Team aus erfahrenen Journalisten und Musikenthusiasten versteht es, spannende Fragen zu formulieren, die tief in deine Geschichte eindringen und dich dazu ermutigen, deine Erfahrungen und Ziele auf sinnvolle Weise zu reflektieren.<\/li>\n<li><strong>Exposure:<\/strong> Durch die Teilnahme an einem WhatsMusic. de-Interviews erreichst du ein breites Publikum von Musikliebhabern, Fachleuten aus der Branche und potenziellen Fans und vergr\u00f6\u00dferst so deine Reichweite und deinen Einfluss.<\/li>\n<li><strong>Algorithmus-Vorteil:<\/strong> Spotify, der f\u00fchrende Musik-Streaming-Dienst, nutzt k\u00fcnstliche Intelligenz, um zu ermitteln, welche Titel bei den H\u00f6rern gut ankommen. Indem du auf Musikblogs wie WhatsMusic.de vorgestellt wirst, erh\u00f6hst du deine Chancen, die Aufmerksamkeit einflussreicher Playlist-Kuratoren und Geschmacksmacher zu erregen, die st\u00e4ndig auf der Suche nach neuen Talenten sind.<\/li>\n<\/ul>\n<p>Verpasse nicht die Gelegenheit, deine Musikkarriere voranzutreiben, indem du an einem kostenlosen Interview auf WhatsMusic.de teilnimmst. Indem du deine Geschichte und Erkenntnisse mit uns teilst, kannst du eine Win-Win-Win-Situation f\u00fcr Journalisten, K\u00fcnstler und Leser gleicherma\u00dfen schaffen. Mach noch heute den ersten Schritt, um das Potenzial deiner Musik freizusetzen!<\/p>\n<p>><\/p>\n\t\t\t\t\t\t\t\t<\/div>\n\t\t\t\t<\/div>\n\t\t\t\t<div class=\"elementor-element elementor-element-fa78ee5 elementor-widget elementor-widget-heading\" data-id=\"fa78ee5\" data-element_type=\"widget\" data-widget_type=\"heading.default\">\n\t\t\t\t<div class=\"elementor-widget-container\">\n\t\t\t\t\t<h3 class=\"elementor-heading-title elementor-size-default\">Gib hier deine \u00dcberschrift ein<\/h3>\t\t\t\t<\/div>\n\t\t\t\t<\/div>\n\t\t\t\t<div class=\"elementor-element elementor-element-a32f68a elementor-widget elementor-widget-heading\" data-id=\"a32f68a\" data-element_type=\"widget\" data-widget_type=\"heading.default\">\n\t\t\t\t<div class=\"elementor-widget-container\">\n\t\t\t\t\t<h3 class=\"elementor-heading-title elementor-size-default\">Gib hier deine \u00dcberschrift ein<\/h3>\t\t\t\t<\/div>\n\t\t\t\t<\/div>\n\t\t\t\t<div class=\"elementor-element elementor-element-0426b4e elementor-widget elementor-widget-eael-post-carousel\" data-id=\"0426b4e\" data-element_type=\"widget\" data-settings=\"{&quot;items&quot;:{&quot;unit&quot;:&quot;px&quot;,&quot;size&quot;:4,&quot;sizes&quot;:[]},&quot;items_tablet&quot;:{&quot;unit&quot;:&quot;px&quot;,&quot;size&quot;:4,&quot;sizes&quot;:[]},&quot;items_mobile&quot;:{&quot;unit&quot;:&quot;px&quot;,&quot;size&quot;:1,&quot;sizes&quot;:[]}}\" data-widget_type=\"eael-post-carousel.default\">\n\t\t\t\t<div class=\"elementor-widget-container\">\n\t\t\t\t\t        <div class=\"swiper-container-wrap eael-post-grid-container eael-post-carousel-wrap eael-post-carousel-style-one\" id=\"eael-post-grid-0426b4e\">\n\t\t\t            <div class=\"swiper swiper-8 eael-post-carousel eael-post-grid swiper-container-0426b4e eael-post-appender-0426b4e\" data-pagination=\".swiper-pagination-0426b4e\" data-arrow-next=\".swiper-button-next-0426b4e\" data-arrow-prev=\".swiper-button-prev-0426b4e\" data-items-mobile=\"1\" data-items-tablet=\"4\" data-items=\"4\" data-margin=\"5\" data-effect=\"slide\" data-speed=\"800\" data-autoplay=\"6000\" data-pause-on-hover=\"true\" data-loop=\"1\" data-grab-cursor=\"1\" data-arrows=\"1\">\n                <div class=\"swiper-wrapper\">\n\t\t\t\t\t<div class=\"swiper-slide\"><article class=\"eael-grid-post eael-post-grid-column\">\n    <div class=\"eael-grid-post-holder\">\n        <div class=\"eael-grid-post-holder-inner\"><div class=\"eael-entry-media eael-entry-medianone\"><div class=\"eael-entry-overlay fade-in\"><div class='eael-entry-wrapper-fade-in'><div class=\"eael-entry-wrapper\"><header class=\"eael-entry-header\"><a class=\"eael-grid-post-link\" href=\"https:\/\/whatsmusic.de\/de\/interview\/interview-with-wildi-horses\/\" title=\"Interview with Wildi Horses\"><h3 class=\"eael-entry-title\">Interview with Wildi Horses<\/a><\/h3><\/header><\/div><div class=\"eael-entry-content\">\n\t\t\t\t<div class=\"eael-grid-post-excerpt\"><\/div>\n\t\t\t<\/div><\/div><a href=\"https:\/\/whatsmusic.de\/de\/interview\/interview-with-wildi-horses\/\"><\/a><\/div><div class=\"eael-entry-thumbnail eael-image-ratio\">\n                    <img decoding=\"async\" src=\"https:\/\/whatsmusic.de\/wp-content\/uploads\/2026\/04\/Youtube-Wildi-Horses-Pro-Pic-300x300.webp\" alt=\"\">\n                <\/div><\/div><\/div><\/div><\/article><\/div><div class=\"swiper-slide\"><article class=\"eael-grid-post eael-post-grid-column\">\n    <div class=\"eael-grid-post-holder\">\n        <div class=\"eael-grid-post-holder-inner\"><div class=\"eael-entry-media eael-entry-medianone\"><div class=\"eael-entry-overlay fade-in\"><div class='eael-entry-wrapper-fade-in'><div class=\"eael-entry-wrapper\"><header class=\"eael-entry-header\"><a class=\"eael-grid-post-link\" href=\"https:\/\/whatsmusic.de\/de\/interview\/self-made-by-ashton-mallory\/\" title=\"&#8222;Self Made&#8220; by Ashton Mallory\"><h3 class=\"eael-entry-title\">&#8222;Self Made&#8220; by Ashton Mallory<\/a><\/h3><\/header><\/div><div class=\"eael-entry-content\">\n\t\t\t\t<div class=\"eael-grid-post-excerpt\"><\/div>\n\t\t\t<\/div><\/div><a href=\"https:\/\/whatsmusic.de\/de\/interview\/self-made-by-ashton-mallory\/\"><\/a><\/div><div class=\"eael-entry-thumbnail eael-image-ratio\">\n                    <img decoding=\"async\" src=\"https:\/\/whatsmusic.de\/wp-content\/uploads\/2026\/03\/Cannon-Tunnel-300x199.webp\" alt=\"\">\n                <\/div><\/div><\/div><\/div><\/article><\/div><div class=\"swiper-slide\"><article class=\"eael-grid-post eael-post-grid-column\">\n    <div class=\"eael-grid-post-holder\">\n        <div class=\"eael-grid-post-holder-inner\"><div class=\"eael-entry-media eael-entry-medianone\"><div class=\"eael-entry-overlay fade-in\"><div class='eael-entry-wrapper-fade-in'><div class=\"eael-entry-wrapper\"><header class=\"eael-entry-header\"><a class=\"eael-grid-post-link\" href=\"https:\/\/whatsmusic.de\/de\/interview\/smash-sound-presents-mac-nass-rimmed-up-and-shinin\/\" title=\"Smash Sound presents: Mac Nass &#8211; &#8222;Rimmed Up and Shinin&#039;&#8220;\"><h3 class=\"eael-entry-title\">Smash Sound presents: Mac Nass &#8211; &#8222;Rimmed Up and Shinin'&#8220;<\/a><\/h3><\/header><\/div><div class=\"eael-entry-content\">\n\t\t\t\t<div class=\"eael-grid-post-excerpt\"><\/div>\n\t\t\t<\/div><\/div><a href=\"https:\/\/whatsmusic.de\/de\/interview\/smash-sound-presents-mac-nass-rimmed-up-and-shinin\/\"><\/a><\/div><div class=\"eael-entry-thumbnail eael-image-ratio\">\n                    <img decoding=\"async\" src=\"https:\/\/whatsmusic.de\/wp-content\/uploads\/2026\/03\/1352-300x300.webp\" alt=\"\">\n                <\/div><\/div><\/div><\/div><\/article><\/div><div class=\"swiper-slide\"><article class=\"eael-grid-post eael-post-grid-column\">\n    <div class=\"eael-grid-post-holder\">\n        <div class=\"eael-grid-post-holder-inner\"><div class=\"eael-entry-media eael-entry-medianone\"><div class=\"eael-entry-overlay fade-in\"><div class='eael-entry-wrapper-fade-in'><div class=\"eael-entry-wrapper\"><header class=\"eael-entry-header\"><a class=\"eael-grid-post-link\" href=\"https:\/\/whatsmusic.de\/de\/interview\/from-windows-7-to-3-million-streams-the-rise-of-configban\/\" title=\"From Windows 7 to 3 Million Streams: The Rise of CONFIGBAN\"><h3 class=\"eael-entry-title\">From Windows 7 to 3 Million Streams: The Rise of CONFIGBAN<\/a><\/h3><\/header><\/div><div class=\"eael-entry-content\">\n\t\t\t\t<div class=\"eael-grid-post-excerpt\"><\/div>\n\t\t\t<\/div><\/div><a href=\"https:\/\/whatsmusic.de\/de\/interview\/from-windows-7-to-3-million-streams-the-rise-of-configban\/\"><\/a><\/div><div class=\"eael-entry-thumbnail eael-image-ratio\">\n                    <img decoding=\"async\" src=\"https:\/\/whatsmusic.de\/wp-content\/uploads\/2026\/03\/639499475_18108778234777295_3592209728122159011_n-300x300.webp\" alt=\"\">\n                <\/div><\/div><\/div><\/div><\/article><\/div><div class=\"swiper-slide\"><article class=\"eael-grid-post eael-post-grid-column\">\n    <div class=\"eael-grid-post-holder\">\n        <div class=\"eael-grid-post-holder-inner\"><div class=\"eael-entry-media eael-entry-medianone\"><div class=\"eael-entry-overlay fade-in\"><div class='eael-entry-wrapper-fade-in'><div class=\"eael-entry-wrapper\"><header class=\"eael-entry-header\"><a class=\"eael-grid-post-link\" href=\"https:\/\/whatsmusic.de\/de\/interview\/interview-with-rtistry\/\" title=\"Interview with Rtistry\"><h3 class=\"eael-entry-title\">Interview with Rtistry<\/a><\/h3><\/header><\/div><div class=\"eael-entry-content\">\n\t\t\t\t<div class=\"eael-grid-post-excerpt\"><\/div>\n\t\t\t<\/div><\/div><a href=\"https:\/\/whatsmusic.de\/de\/interview\/interview-with-rtistry\/\"><\/a><\/div><div class=\"eael-entry-thumbnail eael-image-ratio\">\n                    <img decoding=\"async\" src=\"https:\/\/whatsmusic.de\/wp-content\/uploads\/2026\/03\/IMG_0459-139x300.webp\" alt=\"\">\n                <\/div><\/div><\/div><\/div><\/article><\/div><div class=\"swiper-slide\"><article class=\"eael-grid-post eael-post-grid-column\">\n    <div class=\"eael-grid-post-holder\">\n        <div class=\"eael-grid-post-holder-inner\"><div class=\"eael-entry-media eael-entry-medianone\"><div class=\"eael-entry-overlay fade-in\"><div class='eael-entry-wrapper-fade-in'><div class=\"eael-entry-wrapper\"><header class=\"eael-entry-header\"><a class=\"eael-grid-post-link\" href=\"https:\/\/whatsmusic.de\/de\/interview\/yuvanshree-dhayanithi-talks-about-un-ninaivugal-and-his-journey-as-an-independent-tamil-composer\/\" title=\"Yuvanshree Dhayanithi Talks About \u2018Un Ninaivugal\u2019 and His Journey as an Independent Tamil Composer\"><h3 class=\"eael-entry-title\">Yuvanshree Dhayanithi Talks About \u2018Un Ninaivugal\u2019 and His Journey as an Independent Tamil Composer<\/a><\/h3><\/header><\/div><div class=\"eael-entry-content\">\n\t\t\t\t<div class=\"eael-grid-post-excerpt\"><\/div>\n\t\t\t<\/div><\/div><a href=\"https:\/\/whatsmusic.de\/de\/interview\/yuvanshree-dhayanithi-talks-about-un-ninaivugal-and-his-journey-as-an-independent-tamil-composer\/\"><\/a><\/div><div class=\"eael-entry-thumbnail eael-image-ratio\">\n                    <img decoding=\"async\" src=\"https:\/\/whatsmusic.de\/wp-content\/uploads\/2026\/02\/1000147214-300x300.webp\" alt=\"\">\n                <\/div><\/div><\/div><\/div><\/article><\/div><div class=\"swiper-slide\"><article class=\"eael-grid-post eael-post-grid-column\">\n    <div class=\"eael-grid-post-holder\">\n        <div class=\"eael-grid-post-holder-inner\"><div class=\"eael-entry-media eael-entry-medianone\"><div class=\"eael-entry-overlay fade-in\"><div class='eael-entry-wrapper-fade-in'><div class=\"eael-entry-wrapper\"><header class=\"eael-entry-header\"><a class=\"eael-grid-post-link\" href=\"https:\/\/whatsmusic.de\/de\/interview\/introducing-etherea-the-world-vigne-is-about-to-unveil\/\" title=\"Introducing Etherea: The World Vign\u00ea Is About to Unveil\"><h3 class=\"eael-entry-title\">Introducing Etherea: The World Vign\u00ea Is About to Unveil<\/a><\/h3><\/header><\/div><div class=\"eael-entry-content\">\n\t\t\t\t<div class=\"eael-grid-post-excerpt\"><\/div>\n\t\t\t<\/div><\/div><a href=\"https:\/\/whatsmusic.de\/de\/interview\/introducing-etherea-the-world-vigne-is-about-to-unveil\/\"><\/a><\/div><div class=\"eael-entry-thumbnail eael-image-ratio\">\n                    <img decoding=\"async\" src=\"https:\/\/whatsmusic.de\/wp-content\/uploads\/2026\/01\/file_000000003dbc722f9d5fca5858e524e9_1-200x300.webp\" alt=\"\">\n                <\/div><\/div><\/div><\/div><\/article><\/div><div class=\"swiper-slide\"><article class=\"eael-grid-post eael-post-grid-column\">\n    <div class=\"eael-grid-post-holder\">\n        <div class=\"eael-grid-post-holder-inner\"><div class=\"eael-entry-media eael-entry-medianone\"><div class=\"eael-entry-overlay fade-in\"><div class='eael-entry-wrapper-fade-in'><div class=\"eael-entry-wrapper\"><header class=\"eael-entry-header\"><a class=\"eael-grid-post-link\" href=\"https:\/\/whatsmusic.de\/de\/interview\/interview-with-bakki-wave\/\" title=\"Interview with Bakki Wave\"><h3 class=\"eael-entry-title\">Interview with Bakki Wave<\/a><\/h3><\/header><\/div><div class=\"eael-entry-content\">\n\t\t\t\t<div class=\"eael-grid-post-excerpt\"><\/div>\n\t\t\t<\/div><\/div><a href=\"https:\/\/whatsmusic.de\/de\/interview\/interview-with-bakki-wave\/\"><\/a><\/div><div class=\"eael-entry-thumbnail eael-image-ratio\">\n                    <img decoding=\"async\" src=\"https:\/\/whatsmusic.de\/wp-content\/uploads\/2026\/01\/1707-135x300.webp\" alt=\"\">\n                <\/div><\/div><\/div><\/div><\/article><\/div><div class=\"swiper-slide\"><article class=\"eael-grid-post eael-post-grid-column\">\n    <div class=\"eael-grid-post-holder\">\n        <div class=\"eael-grid-post-holder-inner\"><div class=\"eael-entry-media eael-entry-medianone\"><div class=\"eael-entry-overlay fade-in\"><div class='eael-entry-wrapper-fade-in'><div class=\"eael-entry-wrapper\"><header class=\"eael-entry-header\"><a class=\"eael-grid-post-link\" href=\"https:\/\/whatsmusic.de\/de\/interview\/exclusive-interview-with-saeed-zarei-karyani\/\" title=\"Exclusive Interview with Saeed Zarei Karyani\"><h3 class=\"eael-entry-title\">Exclusive Interview with Saeed Zarei Karyani<\/a><\/h3><\/header><\/div><div class=\"eael-entry-content\">\n\t\t\t\t<div class=\"eael-grid-post-excerpt\"><\/div>\n\t\t\t<\/div><\/div><a href=\"https:\/\/whatsmusic.de\/de\/interview\/exclusive-interview-with-saeed-zarei-karyani\/\"><\/a><\/div><div class=\"eael-entry-thumbnail eael-image-ratio\">\n                    <img decoding=\"async\" src=\"https:\/\/whatsmusic.de\/wp-content\/uploads\/2025\/12\/IMG_20251218_000852-300x300.webp\" alt=\"\">\n                <\/div><\/div><\/div><\/div><\/article><\/div><div class=\"swiper-slide\"><article class=\"eael-grid-post eael-post-grid-column\">\n    <div class=\"eael-grid-post-holder\">\n        <div class=\"eael-grid-post-holder-inner\"><div class=\"eael-entry-media eael-entry-medianone\"><div class=\"eael-entry-overlay fade-in\"><div class='eael-entry-wrapper-fade-in'><div class=\"eael-entry-wrapper\"><header class=\"eael-entry-header\"><a class=\"eael-grid-post-link\" href=\"https:\/\/whatsmusic.de\/de\/interview\/interview-with-khaile-emjey-esquivel\/\" title=\"Interview with Khaile Emjey Esquivel\"><h3 class=\"eael-entry-title\">Interview with Khaile Emjey Esquivel<\/a><\/h3><\/header><\/div><div class=\"eael-entry-content\">\n\t\t\t\t<div class=\"eael-grid-post-excerpt\"><\/div>\n\t\t\t<\/div><\/div><a href=\"https:\/\/whatsmusic.de\/de\/interview\/interview-with-khaile-emjey-esquivel\/\"><\/a><\/div><div class=\"eael-entry-thumbnail eael-image-ratio\">\n                    <img decoding=\"async\" src=\"https:\/\/whatsmusic.de\/wp-content\/uploads\/2025\/10\/1000020641-140x300.webp\" alt=\"\">\n                <\/div><\/div><\/div><\/div><\/article><\/div>                <\/div>\n            <\/div>\n            <div class=\"clearfix\"><\/div>\n\t\t\t\t\t\t            <!-- Add Arrows -->\n            <div class=\"swiper-button-next swiper-button-next-0426b4e\">\n                <i class=\"fa fa-angle-right\"><\/i>\n            <\/div>\n            <div class=\"swiper-button-prev swiper-button-prev-0426b4e\">\n                <i class=\"fa fa-angle-left\"><\/i>\n            <\/div>\n\t\t\t        <\/div>\n\t\t\t\t\t\t<\/div>\n\t\t\t\t<\/div>\n\t\t\t\t\t<\/div>\n\t\t\t\t<\/div>\n\t\t\t\t<\/div>\n\t\t","protected":false},"excerpt":{"rendered":"<p>Add Your Heading Text Here Interviewformular auf WhatsMusic.de Erlebe die Macht der kostenlosen Interviews auf WhatsMusic.de: Eine Win-Win-Win-Situation f\u00fcr Journalisten, K\u00fcnstler und Leser Auch wenn es im heutigen digitalen Zeitalter unz\u00e4hlige M\u00f6glichkeiten gibt, f\u00fcr dich und deine Musik zu werben, sind traditionelle Interviews nach wie vor ein wichtiger Teil jeder Werbestrategie. Ein gut gemachtes Interview [&hellip;]<\/p>\n","protected":false},"author":1,"featured_media":557205,"parent":0,"menu_order":0,"comment_status":"closed","ping_status":"closed","template":"","meta":{"_acf_changed":false,"footnotes":""},"class_list":["post-532427","page","type-page","status-publish","has-post-thumbnail","hentry"],"acf":[],"_links":{"self":[{"href":"https:\/\/whatsmusic.de\/de\/wp-json\/wp\/v2\/pages\/532427","targetHints":{"allow":["GET"]}}],"collection":[{"href":"https:\/\/whatsmusic.de\/de\/wp-json\/wp\/v2\/pages"}],"about":[{"href":"https:\/\/whatsmusic.de\/de\/wp-json\/wp\/v2\/types\/page"}],"author":[{"embeddable":true,"href":"https:\/\/whatsmusic.de\/de\/wp-json\/wp\/v2\/users\/1"}],"replies":[{"embeddable":true,"href":"https:\/\/whatsmusic.de\/de\/wp-json\/wp\/v2\/comments?post=532427"}],"version-history":[{"count":4,"href":"https:\/\/whatsmusic.de\/de\/wp-json\/wp\/v2\/pages\/532427\/revisions"}],"predecessor-version":[{"id":558329,"href":"https:\/\/whatsmusic.de\/de\/wp-json\/wp\/v2\/pages\/532427\/revisions\/558329"}],"wp:featuredmedia":[{"embeddable":true,"href":"https:\/\/whatsmusic.de\/de\/wp-json\/wp\/v2\/media\/557205"}],"wp:attachment":[{"href":"https:\/\/whatsmusic.de\/de\/wp-json\/wp\/v2\/media?parent=532427"}],"curies":[{"name":"wp","href":"https:\/\/api.w.org\/{rel}","templated":true}]}}