{"id":545337,"date":"2024-07-24T07:47:09","date_gmt":"2024-07-24T05:47:09","guid":{"rendered":"https:\/\/whatsmusic.de\/musik-blog-eintraege-reiche-deine-song-und-album-veroeffentlichungen-ein\/"},"modified":"2024-11-22T21:07:52","modified_gmt":"2024-11-22T20:07:52","slug":"musik-blog-eintraege-reiche-deine-song-und-album-veroeffentlichungen-ein","status":"publish","type":"page","link":"https:\/\/whatsmusic.de\/de\/musik-blog-eintraege-reiche-deine-song-und-album-veroeffentlichungen-ein\/","title":{"rendered":"Musik-Blog-Eintr\u00e4ge &#8211; Reiche deine Song- und Album-Ver\u00f6ffentlichungen ein"},"content":{"rendered":"\t\t<div data-elementor-type=\"wp-page\" data-elementor-id=\"545337\" class=\"elementor elementor-545337 elementor-545287\">\n\t\t\t\t<div data-particle_enable=\"false\" data-particle-mobile-disabled=\"false\" class=\"elementor-element elementor-element-f658288 e-con-full e-flex e-con e-parent\" data-id=\"f658288\" data-element_type=\"container\" data-settings=\"{&quot;background_background&quot;:&quot;classic&quot;}\">\n\t\t<div data-particle_enable=\"false\" data-particle-mobile-disabled=\"false\" class=\"elementor-element elementor-element-4a8144f e-flex e-con-boxed e-con e-child\" data-id=\"4a8144f\" data-element_type=\"container\" data-settings=\"{&quot;background_background&quot;:&quot;classic&quot;}\">\n\t\t\t\t\t<div class=\"e-con-inner\">\n\t\t\t\t<div class=\"elementor-element elementor-element-dbee37d elementor-widget elementor-widget-heading\" data-id=\"dbee37d\" data-element_type=\"widget\" data-widget_type=\"heading.default\">\n\t\t\t\t<div class=\"elementor-widget-container\">\n\t\t\t\t\t<div class=\"elementor-heading-title elementor-size-default\">Wir freuen uns darauf, deine Musik zu h\u00f6ren und sie mit unserem Publikum zu teilen.  <\/div>\t\t\t\t<\/div>\n\t\t\t\t<\/div>\n\t\t\t\t\t<\/div>\n\t\t\t\t<\/div>\n\t\t\t\t<\/div>\n\t\t<div data-particle_enable=\"false\" data-particle-mobile-disabled=\"false\" class=\"elementor-element elementor-element-34a4b28 e-flex e-con-boxed e-con e-parent\" data-id=\"34a4b28\" data-element_type=\"container\" data-settings=\"{&quot;background_background&quot;:&quot;classic&quot;}\">\n\t\t\t\t\t<div class=\"e-con-inner\">\n\t\t\t\t<div class=\"elementor-element elementor-element-e504e69 elementor-widget elementor-widget-heading\" data-id=\"e504e69\" data-element_type=\"widget\" data-widget_type=\"heading.default\">\n\t\t\t\t<div class=\"elementor-widget-container\">\n\t\t\t\t\t<h2 class=\"elementor-heading-title elementor-size-default\">Gib hier deine \u00dcberschrift ein<\/h2>\t\t\t\t<\/div>\n\t\t\t\t<\/div>\n\t\t\t\t<div class=\"elementor-element elementor-element-6ea03c1 elementor-widget__width-inherit elementor-widget elementor-widget-shortcode\" data-id=\"6ea03c1\" data-element_type=\"widget\" data-widget_type=\"shortcode.default\">\n\t\t\t\t<div class=\"elementor-widget-container\">\n\t\t\t\t\t\t\t<div class=\"elementor-shortcode\"><form id=\"forminator-module-542302\" class=\"forminator-custom-form forminator-custom-form-542302\" method=\"post\" data-forminator-render=\"0\" data-uid=\"69dcc3d85df86\"><div role=\"alert\" aria-live=\"polite\" class=\"forminator-response-message forminator-error\" aria-hidden=\"true\"><\/div><\/form><\/div>\n\t\t\t\t\t\t<\/div>\n\t\t\t\t<\/div>\n\t\t\t\t\t<\/div>\n\t\t\t\t<\/div>\n\t\t<div data-particle_enable=\"false\" data-particle-mobile-disabled=\"false\" class=\"elementor-element elementor-element-20919c39 e-flex e-con-boxed e-con e-parent\" data-id=\"20919c39\" data-element_type=\"container\" data-settings=\"{&quot;background_background&quot;:&quot;classic&quot;}\">\n\t\t\t\t\t<div class=\"e-con-inner\">\n\t\t\t\t<div class=\"elementor-element elementor-element-27f97eed elementor-widget elementor-widget-text-editor\" data-id=\"27f97eed\" data-element_type=\"widget\" data-widget_type=\"text-editor.default\">\n\t\t\t\t<div class=\"elementor-widget-container\">\n\t\t\t\t\t\t\t\t\t<ul>\n<li><strong>Gro\u00dfe Reichweite:<\/strong><br \/>Bringe deine Musik vor unser engagiertes und wachsendes Publikum.<br \/>\nUnser Blog zieht Tausende von Musikliebhabern, Fachleuten und potenziellen Fans an, die immer auf der Suche nach neuer und spannender Musik sind.<br \/>\nIndem du dich in unserem Blog vorstellst, bringst du deine Musik in eine optimale Position, um von einer vielf\u00e4ltigen und engagierten Leserschaft entdeckt und gesch\u00e4tzt zu werden.  <\/li>\n<li><strong>SEO-Vorteile:<\/strong><br \/>Steigere deine Online-Pr\u00e4senz mit Backlinks aus unserem Blog.<br \/>\nJeder Beitrag enth\u00e4lt Links zu deiner Website und deinen Social-Media-Profilen, die dein Suchmaschinenranking verbessern.<br \/>\nDas kann zu mehr Traffic auf deinen eigenen Plattformen, mehr Sichtbarkeit in den Suchergebnissen und letztendlich zu mehr Zuh\u00f6rern und Followern f\u00fchren.  <\/li>\n<li><strong>Kostenlose Ver\u00f6ffentlichung:<\/strong><br \/>Unsere Interviewoption ist v\u00f6llig kostenlos!<br \/>\nDu kannst deine Geschichte, deine Erkenntnisse und die Inspiration, die hinter deiner Musik steckt, kostenlos teilen.<br \/>\nDiese Option ist perfekt f\u00fcr unabh\u00e4ngige K\u00fcnstler\/innen, die auf sich aufmerksam machen wollen, ohne die Bank zu sprengen.<br \/>\nEs ist eine hervorragende Gelegenheit, mit unserem Publikum auf einer pers\u00f6nlichen Ebene in Kontakt zu treten und sich eine treue Fangemeinde aufzubauen.   <\/li>\n<li><strong>Ma\u00dfgeschneiderte Beitr\u00e4ge:<\/strong><br \/>Wir schneiden unsere Beitr\u00e4ge so zu, dass sie das hervorheben, was deine Musik einzigartig macht.<br \/>\nOb durch ein ausf\u00fchrliches Interview oder eine gut formulierte Pressemitteilung &#8211; wir sorgen daf\u00fcr, dass deine Geschichte und dein Sound im besten Licht erscheinen.<br \/>\nMit diesem pers\u00f6nlichen Ansatz hebst du dich von der Masse ab und hinterl\u00e4sst bei unseren Lesern einen bleibenden Eindruck.  <\/li>\n<li><strong>Engagierte Gemeinschaft:<\/strong><br \/>Werde Teil einer Gemeinschaft von gleichgesinnten Musikern und Musikliebhabern.<br \/>\nUnser Blog bietet ein unterst\u00fctzendes und interaktives Umfeld, in dem K\u00fcnstler\/innen sich vernetzen, zusammenarbeiten und wachsen k\u00f6nnen.<br \/>\nWenn du auf unserem Blog vertreten bist, wirst du Teil dieses lebendigen Netzwerks und gewinnst nicht nur Fans, sondern auch potenzielle Kooperationspartner und Branchenkontakte.  <\/li>\n<li><strong>Rechtzeitige Bekanntmachung:<\/strong><br \/>Bleib relevant, indem du zum Zeitpunkt deiner Ver\u00f6ffentlichung bekannt gemacht wirst.<br \/>\nWir wissen, wie wichtig das Timing in der Musikindustrie ist.<br \/>\nIndem du deine Beitr\u00e4ge auf deinen Ver\u00f6ffentlichungszeitplan abstimmst, sorgst du daf\u00fcr, dass deine neue Musik die Aufmerksamkeit bekommt, die sie verdient.  <\/li>\n<li><strong>Langanhaltende Wirkung:<\/strong><br \/>Unsere Beitr\u00e4ge haben eine anhaltende Wirkung.<br \/>\nSobald deine Musik in unserem Blog ver\u00f6ffentlicht ist, bleibt sie f\u00fcr neue Besucher und Suchmaschinen zug\u00e4nglich und wird so \u00fcber einen l\u00e4ngeren Zeitraum ver\u00f6ffentlicht.<br \/>\nDas bedeutet, dass dein Beitrag auch lange nach der Ver\u00f6ffentlichung noch H\u00f6rer\/innen anziehen kann, so dass du von einem einzigen Beitrag dauerhaft profitierst.<br \/>\nEgal, ob du ein aufstrebender K\u00fcnstler oder ein etablierter Act bist, unsere Beitragsoptionen bieten dir wertvolle Vorteile, damit du deine Ziele erreichen kannst.   <\/li>\n<\/ul>\n\t\t\t\t\t\t\t\t<\/div>\n\t\t\t\t<\/div>\n\t\t\t\t<div class=\"elementor-element elementor-element-d78d150 elementor-widget elementor-widget-heading\" data-id=\"d78d150\" data-element_type=\"widget\" data-widget_type=\"heading.default\">\n\t\t\t\t<div class=\"elementor-widget-container\">\n\t\t\t\t\t<h3 class=\"elementor-heading-title elementor-size-default\">Warum bei WhatsMusic.de Musikblog einreichen?<\/h3>\t\t\t\t<\/div>\n\t\t\t\t<\/div>\n\t\t\t\t<div class=\"elementor-element elementor-element-7857001 elementor-widget elementor-widget-heading\" data-id=\"7857001\" data-element_type=\"widget\" data-widget_type=\"heading.default\">\n\t\t\t\t<div class=\"elementor-widget-container\">\n\t\t\t\t\t<h3 class=\"elementor-heading-title elementor-size-default\">Gib hier deine \u00dcberschrift ein<\/h3>\t\t\t\t<\/div>\n\t\t\t\t<\/div>\n\t\t\t\t<div class=\"elementor-element elementor-element-2b15f01 elementor-widget elementor-widget-eael-post-carousel\" data-id=\"2b15f01\" data-element_type=\"widget\" data-settings=\"{&quot;items&quot;:{&quot;unit&quot;:&quot;px&quot;,&quot;size&quot;:4,&quot;sizes&quot;:[]},&quot;items_tablet&quot;:{&quot;unit&quot;:&quot;px&quot;,&quot;size&quot;:4,&quot;sizes&quot;:[]},&quot;items_mobile&quot;:{&quot;unit&quot;:&quot;px&quot;,&quot;size&quot;:1,&quot;sizes&quot;:[]}}\" data-widget_type=\"eael-post-carousel.default\">\n\t\t\t\t<div class=\"elementor-widget-container\">\n\t\t\t\t\t        <div class=\"swiper-container-wrap eael-post-grid-container eael-post-carousel-wrap eael-post-carousel-style-one\" id=\"eael-post-grid-2b15f01\">\n\t\t\t            <div class=\"swiper swiper-8 eael-post-carousel eael-post-grid swiper-container-2b15f01 eael-post-appender-2b15f01\" data-pagination=\".swiper-pagination-2b15f01\" data-arrow-next=\".swiper-button-next-2b15f01\" data-arrow-prev=\".swiper-button-prev-2b15f01\" data-items-mobile=\"1\" data-items-tablet=\"4\" data-items=\"4\" data-margin=\"5\" data-effect=\"slide\" data-speed=\"800\" data-autoplay=\"6000\" data-pause-on-hover=\"true\" data-loop=\"1\" data-grab-cursor=\"1\" data-arrows=\"1\">\n                <div class=\"swiper-wrapper\">\n\t\t\t\t\t<div class=\"swiper-slide\"><article class=\"eael-grid-post eael-post-grid-column\">\n    <div class=\"eael-grid-post-holder\">\n        <div class=\"eael-grid-post-holder-inner\"><div class=\"eael-entry-media eael-entry-medianone\"><div class=\"eael-entry-overlay fade-in\"><div class='eael-entry-wrapper-fade-in'><div class=\"eael-entry-wrapper\"><header class=\"eael-entry-header\"><a class=\"eael-grid-post-link\" href=\"https:\/\/whatsmusic.de\/de\/music-press-release\/ki-schmeist-die-songwriter-raus-die-ziemlich-gute-band-lasst-die-katze-aus-dem-sack\/\" title=\"KI schmei\u00dft die Songwriter raus \u2013 \u201eDie ziemlich gute Band\u201c l\u00e4sst die Katze aus dem Sack\"><h3 class=\"eael-entry-title\">KI schmei\u00dft die Songwriter raus \u2013 \u201eDie ziemlich gute Band\u201c l\u00e4sst die Katze aus dem Sack<\/a><\/h3><\/header><\/div><div class=\"eael-entry-content\">\n\t\t\t\t<div class=\"eael-grid-post-excerpt\"><\/div>\n\t\t\t<\/div><\/div><a href=\"https:\/\/whatsmusic.de\/de\/music-press-release\/ki-schmeist-die-songwriter-raus-die-ziemlich-gute-band-lasst-die-katze-aus-dem-sack\/\"><\/a><\/div><div class=\"eael-entry-thumbnail eael-image-ratio\">\n                    <img decoding=\"async\" src=\"https:\/\/whatsmusic.de\/wp-content\/uploads\/2026\/04\/die-ziemlich-gute-band-meine-katze-hat-ein-lied-gemacht-pressefoto-300x219.webp\" alt=\"\">\n                <\/div><\/div><\/div><\/div><\/article><\/div><div class=\"swiper-slide\"><article class=\"eael-grid-post eael-post-grid-column\">\n    <div class=\"eael-grid-post-holder\">\n        <div class=\"eael-grid-post-holder-inner\"><div class=\"eael-entry-media eael-entry-medianone\"><div class=\"eael-entry-overlay fade-in\"><div class='eael-entry-wrapper-fade-in'><div class=\"eael-entry-wrapper\"><header class=\"eael-entry-header\"><a class=\"eael-grid-post-link\" href=\"https:\/\/whatsmusic.de\/de\/music-press-release\/new-music-know-about-it-by-demitrius-marley\/\" title=\"New music &#8222;Know About It&#8220; by Demitrius Marley &#8211;\"><h3 class=\"eael-entry-title\">New music &#8222;Know About It&#8220; by Demitrius Marley &#8211;<\/a><\/h3><\/header><\/div><div class=\"eael-entry-content\">\n\t\t\t\t<div class=\"eael-grid-post-excerpt\"><\/div>\n\t\t\t<\/div><\/div><a href=\"https:\/\/whatsmusic.de\/de\/music-press-release\/new-music-know-about-it-by-demitrius-marley\/\"><\/a><\/div><div class=\"eael-entry-thumbnail eael-image-ratio\">\n                    <img decoding=\"async\" src=\"https:\/\/whatsmusic.de\/wp-content\/uploads\/2026\/04\/2417-300x300.webp\" alt=\"\">\n                <\/div><\/div><\/div><\/div><\/article><\/div><div class=\"swiper-slide\"><article class=\"eael-grid-post eael-post-grid-column\">\n    <div class=\"eael-grid-post-holder\">\n        <div class=\"eael-grid-post-holder-inner\"><div class=\"eael-entry-media eael-entry-medianone\"><div class=\"eael-entry-overlay fade-in\"><div class='eael-entry-wrapper-fade-in'><div class=\"eael-entry-wrapper\"><header class=\"eael-entry-header\"><a class=\"eael-grid-post-link\" href=\"https:\/\/whatsmusic.de\/de\/music-press-release\/drei-brueder-aus-hessen-starten-mit-single-kalt-in-die-indie-szene-%f0%9f%8e%b6\/\" title=\"Drei Br\u00fcder aus Hessen starten mit Single &#8222;Kalt&#8220; in die Indie-Szene. \ud83c\udfb6\"><h3 class=\"eael-entry-title\">Drei Br\u00fcder aus Hessen starten mit Single &#8222;Kalt&#8220; in die Indie-Szene. \ud83c\udfb6<\/a><\/h3><\/header><\/div><div class=\"eael-entry-content\">\n\t\t\t\t<div class=\"eael-grid-post-excerpt\"><\/div>\n\t\t\t<\/div><\/div><a href=\"https:\/\/whatsmusic.de\/de\/music-press-release\/drei-brueder-aus-hessen-starten-mit-single-kalt-in-die-indie-szene-%f0%9f%8e%b6\/\"><\/a><\/div><div class=\"eael-entry-thumbnail eael-image-ratio\">\n                    <img decoding=\"async\" src=\"https:\/\/whatsmusic.de\/wp-content\/uploads\/2026\/03\/Kalt-Cover-300x300.webp\" alt=\"\">\n                <\/div><\/div><\/div><\/div><\/article><\/div><div class=\"swiper-slide\"><article class=\"eael-grid-post eael-post-grid-column\">\n    <div class=\"eael-grid-post-holder\">\n        <div class=\"eael-grid-post-holder-inner\"><div class=\"eael-entry-media eael-entry-medianone\"><div class=\"eael-entry-overlay fade-in\"><div class='eael-entry-wrapper-fade-in'><div class=\"eael-entry-wrapper\"><header class=\"eael-entry-header\"><a class=\"eael-grid-post-link\" href=\"https:\/\/whatsmusic.de\/de\/music-press-release\/winterlich-intensiv-voller-gefuehl-%e2%9d%84%ef%b8%8f-mel-mit-neuer-single-snow\/\" title=\"Winterlich, intensiv, voller Gef\u00fchl \u2744\ufe0f MEL mit neuer Single &#8222;Snow&#8220;\"><h3 class=\"eael-entry-title\">Winterlich, intensiv, voller Gef\u00fchl \u2744\ufe0f MEL mit neuer Single &#8222;Snow&#8220;<\/a><\/h3><\/header><\/div><div class=\"eael-entry-content\">\n\t\t\t\t<div class=\"eael-grid-post-excerpt\"><\/div>\n\t\t\t<\/div><\/div><a href=\"https:\/\/whatsmusic.de\/de\/music-press-release\/winterlich-intensiv-voller-gefuehl-%e2%9d%84%ef%b8%8f-mel-mit-neuer-single-snow\/\"><\/a><\/div><div class=\"eael-entry-thumbnail eael-image-ratio\">\n                    <img decoding=\"async\" src=\"https:\/\/whatsmusic.de\/wp-content\/uploads\/2026\/03\/ARTWORK_SNOW-COVER-300x300.webp\" alt=\"\">\n                <\/div><\/div><\/div><\/div><\/article><\/div><div class=\"swiper-slide\"><article class=\"eael-grid-post eael-post-grid-column\">\n    <div class=\"eael-grid-post-holder\">\n        <div class=\"eael-grid-post-holder-inner\"><div class=\"eael-entry-media eael-entry-medianone\"><div class=\"eael-entry-overlay fade-in\"><div class='eael-entry-wrapper-fade-in'><div class=\"eael-entry-wrapper\"><header class=\"eael-entry-header\"><a class=\"eael-grid-post-link\" href=\"https:\/\/whatsmusic.de\/de\/music-press-release\/valerie-skyler-x-aq-return-with-about-you-an-electro-pop-progressive-house-anthem-about-the-ache-of-forgetting\/\" title=\"Valerie Skyler x AQ Return with \u2018About You\u2019: An Electro-Pop \/ Progressive House Anthem About the Ache of Forgetting\"><h3 class=\"eael-entry-title\">Valerie Skyler x AQ Return with \u2018About You\u2019: An Electro-Pop \/ Progressive House Anthem About the Ache of Forgetting<\/a><\/h3><\/header><\/div><div class=\"eael-entry-content\">\n\t\t\t\t<div class=\"eael-grid-post-excerpt\"><\/div>\n\t\t\t<\/div><\/div><a href=\"https:\/\/whatsmusic.de\/de\/music-press-release\/valerie-skyler-x-aq-return-with-about-you-an-electro-pop-progressive-house-anthem-about-the-ache-of-forgetting\/\"><\/a><\/div><div class=\"eael-entry-thumbnail eael-image-ratio\">\n                    <img decoding=\"async\" src=\"https:\/\/whatsmusic.de\/wp-content\/uploads\/2026\/03\/AboutYou-CoverARt-1-1-300x300.webp\" alt=\"\">\n                <\/div><\/div><\/div><\/div><\/article><\/div><div class=\"swiper-slide\"><article class=\"eael-grid-post eael-post-grid-column\">\n    <div class=\"eael-grid-post-holder\">\n        <div class=\"eael-grid-post-holder-inner\"><div class=\"eael-entry-media eael-entry-medianone\"><div class=\"eael-entry-overlay fade-in\"><div class='eael-entry-wrapper-fade-in'><div class=\"eael-entry-wrapper\"><header class=\"eael-entry-header\"><a class=\"eael-grid-post-link\" href=\"https:\/\/whatsmusic.de\/de\/music-press-release\/self-made-by-ashton-mallory\/\" title=\"&#8222;Self Made&#8220; by Ashton Mallory\"><h3 class=\"eael-entry-title\">&#8222;Self Made&#8220; by Ashton Mallory<\/a><\/h3><\/header><\/div><div class=\"eael-entry-content\">\n\t\t\t\t<div class=\"eael-grid-post-excerpt\"><\/div>\n\t\t\t<\/div><\/div><a href=\"https:\/\/whatsmusic.de\/de\/music-press-release\/self-made-by-ashton-mallory\/\"><\/a><\/div><div class=\"eael-entry-thumbnail eael-image-ratio\">\n                    <img decoding=\"async\" src=\"https:\/\/whatsmusic.de\/wp-content\/uploads\/2026\/03\/Ground-Zero-Cover-Art-300x300.webp\" alt=\"\">\n                <\/div><\/div><\/div><\/div><\/article><\/div><div class=\"swiper-slide\"><article class=\"eael-grid-post eael-post-grid-column\">\n    <div class=\"eael-grid-post-holder\">\n        <div class=\"eael-grid-post-holder-inner\"><div class=\"eael-entry-media eael-entry-medianone\"><div class=\"eael-entry-overlay fade-in\"><div class='eael-entry-wrapper-fade-in'><div class=\"eael-entry-wrapper\"><header class=\"eael-entry-header\"><a class=\"eael-grid-post-link\" href=\"https:\/\/whatsmusic.de\/de\/music-press-release\/sonic-panda-releases-invisible-boy-an-emotional-and-surreal-take-on-isolation\/\" title=\"Sonic Panda releases Invisible Boy, an emotional and surreal take on isolation.\"><h3 class=\"eael-entry-title\">Sonic Panda releases Invisible Boy, an emotional and surreal take on isolation.<\/a><\/h3><\/header><\/div><div class=\"eael-entry-content\">\n\t\t\t\t<div class=\"eael-grid-post-excerpt\"><\/div>\n\t\t\t<\/div><\/div><a href=\"https:\/\/whatsmusic.de\/de\/music-press-release\/sonic-panda-releases-invisible-boy-an-emotional-and-surreal-take-on-isolation\/\"><\/a><\/div><div class=\"eael-entry-thumbnail eael-image-ratio\">\n                    <img decoding=\"async\" src=\"https:\/\/whatsmusic.de\/wp-content\/uploads\/2026\/03\/IB-web-300x300.webp\" alt=\"\">\n                <\/div><\/div><\/div><\/div><\/article><\/div><div class=\"swiper-slide\"><article class=\"eael-grid-post eael-post-grid-column\">\n    <div class=\"eael-grid-post-holder\">\n        <div class=\"eael-grid-post-holder-inner\"><div class=\"eael-entry-media eael-entry-medianone\"><div class=\"eael-entry-overlay fade-in\"><div class='eael-entry-wrapper-fade-in'><div class=\"eael-entry-wrapper\"><header class=\"eael-entry-header\"><a class=\"eael-grid-post-link\" href=\"https:\/\/whatsmusic.de\/de\/music-press-release\/alday-blue-from-independent-force-to-international-superstar\/\" title=\"Alday Blue: From Independent Force to International Superstar\"><h3 class=\"eael-entry-title\">Alday Blue: From Independent Force to International Superstar<\/a><\/h3><\/header><\/div><div class=\"eael-entry-content\">\n\t\t\t\t<div class=\"eael-grid-post-excerpt\"><\/div>\n\t\t\t<\/div><\/div><a href=\"https:\/\/whatsmusic.de\/de\/music-press-release\/alday-blue-from-independent-force-to-international-superstar\/\"><\/a><\/div><div class=\"eael-entry-thumbnail eael-image-ratio\">\n                    <img decoding=\"async\" src=\"https:\/\/whatsmusic.de\/wp-content\/uploads\/2026\/02\/1000509373-1-149x300.webp\" alt=\"\">\n                <\/div><\/div><\/div><\/div><\/article><\/div><div class=\"swiper-slide\"><article class=\"eael-grid-post eael-post-grid-column\">\n    <div class=\"eael-grid-post-holder\">\n        <div class=\"eael-grid-post-holder-inner\"><div class=\"eael-entry-media eael-entry-medianone\"><div class=\"eael-entry-overlay fade-in\"><div class='eael-entry-wrapper-fade-in'><div class=\"eael-entry-wrapper\"><header class=\"eael-entry-header\"><a class=\"eael-grid-post-link\" href=\"https:\/\/whatsmusic.de\/de\/music-press-release\/inwater-release-it-takes-2-to-tango-new-single-from-debut-album-wet-dreams-with-you\/\" title=\"iNWATER RELEASE \u201c IT TAKES 2 TO TANGO\u201d NEW SINGLE FROM DEBUT ALBUM WET DREAMS WITH YOU\"><h3 class=\"eael-entry-title\">iNWATER RELEASE \u201c IT TAKES 2 TO TANGO\u201d NEW SINGLE FROM DEBUT ALBUM WET DREAMS WITH YOU<\/a><\/h3><\/header><\/div><div class=\"eael-entry-content\">\n\t\t\t\t<div class=\"eael-grid-post-excerpt\"><\/div>\n\t\t\t<\/div><\/div><a href=\"https:\/\/whatsmusic.de\/de\/music-press-release\/inwater-release-it-takes-2-to-tango-new-single-from-debut-album-wet-dreams-with-you\/\"><\/a><\/div><div class=\"eael-entry-thumbnail eael-image-ratio\">\n                    <img decoding=\"async\" src=\"https:\/\/whatsmusic.de\/wp-content\/uploads\/2026\/02\/iNWATER_It-Takes_2_To_Tango_picture_1-240x300.webp\" alt=\"\">\n                <\/div><\/div><\/div><\/div><\/article><\/div><div class=\"swiper-slide\"><article class=\"eael-grid-post eael-post-grid-column\">\n    <div class=\"eael-grid-post-holder\">\n        <div class=\"eael-grid-post-holder-inner\"><div class=\"eael-entry-media eael-entry-medianone\"><div class=\"eael-entry-overlay fade-in\"><div class='eael-entry-wrapper-fade-in'><div class=\"eael-entry-wrapper\"><header class=\"eael-entry-header\"><a class=\"eael-grid-post-link\" href=\"https:\/\/whatsmusic.de\/de\/music-press-release\/south-african-artist-zie-zie-zondi-releases-a-debut-ep-siyeza\/\" title=\"South African artist Zie Zie Zondi releases a debut EP &#8222;Siyeza&#8220;\"><h3 class=\"eael-entry-title\">South African artist Zie Zie Zondi releases a debut EP &#8222;Siyeza&#8220;<\/a><\/h3><\/header><\/div><div class=\"eael-entry-content\">\n\t\t\t\t<div class=\"eael-grid-post-excerpt\"><\/div>\n\t\t\t<\/div><\/div><a href=\"https:\/\/whatsmusic.de\/de\/music-press-release\/south-african-artist-zie-zie-zondi-releases-a-debut-ep-siyeza\/\"><\/a><\/div><div class=\"eael-entry-thumbnail eael-image-ratio\">\n                    <img decoding=\"async\" src=\"https:\/\/whatsmusic.de\/wp-content\/uploads\/2026\/02\/1000053667-300x300.webp\" alt=\"\">\n                <\/div><\/div><\/div><\/div><\/article><\/div>                <\/div>\n            <\/div>\n            <div class=\"clearfix\"><\/div>\n\t\t\t\t\t\t            <!-- Add Arrows -->\n            <div class=\"swiper-button-next swiper-button-next-2b15f01\">\n                <i class=\"fa fa-angle-right\"><\/i>\n            <\/div>\n            <div class=\"swiper-button-prev swiper-button-prev-2b15f01\">\n                <i class=\"fa fa-angle-left\"><\/i>\n            <\/div>\n\t\t\t        <\/div>\n\t\t\t\t\t\t<\/div>\n\t\t\t\t<\/div>\n\t\t\t\t\t<\/div>\n\t\t\t\t<\/div>\n\t\t\t\t<\/div>\n\t\t","protected":false},"excerpt":{"rendered":"<p>Bringe deine Musik vor unser engagiertes Publikum, steigere deine Online-Pr\u00e4senz mit SEO-Vorteilen und genie\u00dfe kostenlose Aufmerksamkeit durch unsere Interview-Einsendungen.<br \/>\nSchlie\u00dfe dich einer unterst\u00fctzenden Community an, erhalte ma\u00dfgeschneiderte Beitr\u00e4ge und erreiche eine zeitnahe und dauerhafte Wirkung.<br \/>\nMit einem Beitrag in unserem Blog baust du eine dauerhafte Pr\u00e4senz auf und schaffst neue M\u00f6glichkeiten f\u00fcr deine Musikkarriere.  <\/p>\n","protected":false},"author":3,"featured_media":545294,"parent":0,"menu_order":0,"comment_status":"closed","ping_status":"closed","template":"","meta":{"_acf_changed":false,"footnotes":""},"class_list":["post-545337","page","type-page","status-publish","has-post-thumbnail","hentry"],"acf":[],"_links":{"self":[{"href":"https:\/\/whatsmusic.de\/de\/wp-json\/wp\/v2\/pages\/545337","targetHints":{"allow":["GET"]}}],"collection":[{"href":"https:\/\/whatsmusic.de\/de\/wp-json\/wp\/v2\/pages"}],"about":[{"href":"https:\/\/whatsmusic.de\/de\/wp-json\/wp\/v2\/types\/page"}],"author":[{"embeddable":true,"href":"https:\/\/whatsmusic.de\/de\/wp-json\/wp\/v2\/users\/3"}],"replies":[{"embeddable":true,"href":"https:\/\/whatsmusic.de\/de\/wp-json\/wp\/v2\/comments?post=545337"}],"version-history":[{"count":5,"href":"https:\/\/whatsmusic.de\/de\/wp-json\/wp\/v2\/pages\/545337\/revisions"}],"predecessor-version":[{"id":558325,"href":"https:\/\/whatsmusic.de\/de\/wp-json\/wp\/v2\/pages\/545337\/revisions\/558325"}],"wp:featuredmedia":[{"embeddable":true,"href":"https:\/\/whatsmusic.de\/de\/wp-json\/wp\/v2\/media\/545294"}],"wp:attachment":[{"href":"https:\/\/whatsmusic.de\/de\/wp-json\/wp\/v2\/media?parent=545337"}],"curies":[{"name":"wp","href":"https:\/\/api.w.org\/{rel}","templated":true}]}}