{"id":545609,"date":"2024-07-24T09:45:11","date_gmt":"2024-07-24T07:45:11","guid":{"rendered":"https:\/\/whatsmusic.de\/kostenlose-musik-promo-tools-cover-maker-merch-designer-ai-writer\/"},"modified":"2024-07-24T11:14:49","modified_gmt":"2024-07-24T09:14:49","slug":"kostenlose-musik-promo-tools-cover-maker-merch-designer-ai-writer","status":"publish","type":"page","link":"https:\/\/whatsmusic.de\/de\/kostenlose-musik-promo-tools-cover-maker-merch-designer-ai-writer\/","title":{"rendered":"Kostenlose Musik-Promo-Tools &#8211; Cover Maker, Merch Designer, Ai-Writer"},"content":{"rendered":"\t\t<div data-elementor-type=\"wp-page\" data-elementor-id=\"545609\" class=\"elementor elementor-545609 elementor-545505\">\n\t\t\t\t<div data-particle_enable=\"false\" data-particle-mobile-disabled=\"false\" class=\"elementor-element elementor-element-6a4f4419 e-con-full e-flex e-con e-parent\" data-id=\"6a4f4419\" data-element_type=\"container\" data-settings=\"{&quot;background_background&quot;:&quot;classic&quot;}\">\n\t\t<div data-particle_enable=\"false\" data-particle-mobile-disabled=\"false\" class=\"elementor-element elementor-element-7d35e030 e-con-full e-flex e-con e-child\" data-id=\"7d35e030\" data-element_type=\"container\" data-settings=\"{&quot;background_background&quot;:&quot;classic&quot;}\">\n\t\t\t\t<div class=\"elementor-element elementor-element-5fa9a16b elementor-widget elementor-widget-heading\" data-id=\"5fa9a16b\" data-element_type=\"widget\" data-widget_type=\"heading.default\">\n\t\t\t\t<div class=\"elementor-widget-container\">\n\t\t\t\t\t<h2 class=\"elementor-heading-title elementor-size-default\">Kostenlose Musik-Promo-Tools<\/h2>\t\t\t\t<\/div>\n\t\t\t\t<\/div>\n\t\t\t\t<div class=\"elementor-element elementor-element-749d3c92 elementor-widget elementor-widget-text-editor\" data-id=\"749d3c92\" data-element_type=\"widget\" data-widget_type=\"text-editor.default\">\n\t\t\t\t<div class=\"elementor-widget-container\">\n\t\t\t\t\t\t\t\t\t<p>Willkommen auf unserer Seite mit kostenlosen Musik-Promo-Tools!<br \/>\nVerbessere deine Musikpromotion mit unseren innovativen und einfach zu bedienenden Tools, die speziell f\u00fcr Musiker entwickelt wurden.<br \/>\nVon der Erstellung von atemberaubenden Albumcovern \u00fcber die Gestaltung von Merchandise-Artikeln bis hin zur Erstellung der perfekten K\u00fcnstlerbiografie &#8211; wir haben alles f\u00fcr dich.<br \/>\nUnd das Beste ist, dass diese Tools v\u00f6llig kostenlos sind!   <\/p>\n\t\t\t\t\t\t\t\t<\/div>\n\t\t\t\t<\/div>\n\t\t\t\t<div class=\"elementor-element elementor-element-0b25520 elementor-widget elementor-widget-image\" data-id=\"0b25520\" data-element_type=\"widget\" data-widget_type=\"image.default\">\n\t\t\t\t<div class=\"elementor-widget-container\">\n\t\t\t\t\t\t\t\t\t\t\t\t\t\t\t<img loading=\"lazy\" decoding=\"async\" width=\"800\" height=\"800\" src=\"https:\/\/whatsmusic.de\/wp-content\/uploads\/2024\/07\/A-retro-dystopian-graphic-style-illustration-visualizing-Free-Music-Promotion-Tools.-The-scene-depicts-a-nostalgic-yet-foreboding-mood-blending-past-.webp\" class=\"attachment-large size-large wp-image-545524\" alt=\"Retro dystopian graphic style illustration visualizing Free Music Promotion Tools. The scene features a musician with various promotional tools like an album cover generator, merchandise designer, and writing tools standing under neon lights, with neon signs indicating &#039;Music Promotion Tools&#039;, &#039;AI Music Tools&#039;, and &#039;Free Music Promo&#039; in the background. The sky is a mix of dull grays and vibrant neon colors, creating a surreal atmosphere.\" srcset=\"https:\/\/whatsmusic.de\/wp-content\/uploads\/2024\/07\/A-retro-dystopian-graphic-style-illustration-visualizing-Free-Music-Promotion-Tools.-The-scene-depicts-a-nostalgic-yet-foreboding-mood-blending-past-.webp 1024w, https:\/\/whatsmusic.de\/wp-content\/uploads\/2024\/07\/A-retro-dystopian-graphic-style-illustration-visualizing-Free-Music-Promotion-Tools.-The-scene-depicts-a-nostalgic-yet-foreboding-mood-blending-past--300x300.webp 300w, https:\/\/whatsmusic.de\/wp-content\/uploads\/2024\/07\/A-retro-dystopian-graphic-style-illustration-visualizing-Free-Music-Promotion-Tools.-The-scene-depicts-a-nostalgic-yet-foreboding-mood-blending-past--150x150.webp 150w, https:\/\/whatsmusic.de\/wp-content\/uploads\/2024\/07\/A-retro-dystopian-graphic-style-illustration-visualizing-Free-Music-Promotion-Tools.-The-scene-depicts-a-nostalgic-yet-foreboding-mood-blending-past--768x768.webp 768w, https:\/\/whatsmusic.de\/wp-content\/uploads\/2024\/07\/A-retro-dystopian-graphic-style-illustration-visualizing-Free-Music-Promotion-Tools.-The-scene-depicts-a-nostalgic-yet-foreboding-mood-blending-past--100x100.webp 100w\" sizes=\"auto, (max-width: 800px) 100vw, 800px\" \/>\t\t\t\t\t\t\t\t\t\t\t\t\t\t\t<\/div>\n\t\t\t\t<\/div>\n\t\t\t\t<\/div>\n\t\t<div data-particle_enable=\"false\" data-particle-mobile-disabled=\"false\" class=\"elementor-element elementor-element-2afc50ea e-con-full e-flex e-con e-child\" data-id=\"2afc50ea\" data-element_type=\"container\" data-settings=\"{&quot;background_background&quot;:&quot;classic&quot;}\">\n\t\t\t\t<div class=\"elementor-element elementor-element-53ad3a92 elementor-position-left animated-slow elementor-view-framed elementor-shape-square elementor-mobile-position-top elementor-invisible elementor-widget elementor-widget-icon-box\" data-id=\"53ad3a92\" data-element_type=\"widget\" data-settings=\"{&quot;_animation&quot;:&quot;fadeIn&quot;,&quot;_animation_delay&quot;:&quot;0&quot;}\" data-widget_type=\"icon-box.default\">\n\t\t\t\t<div class=\"elementor-widget-container\">\n\t\t\t\t\t\t\t<div class=\"elementor-icon-box-wrapper\">\n\n\t\t\t\t\t\t<div class=\"elementor-icon-box-icon\">\n\t\t\t\t<a href=\"https:\/\/whatsmusic.de\/de\/kostenloser-albumcover-generator-fuer-ihre-alben-und-wiedergabelisten\/\" class=\"elementor-icon elementor-animation-grow\" tabindex=\"-1\" aria-label=\"Kostenloser Album Cover Generator\">\n\t\t\t\t<svg aria-hidden=\"true\" class=\"e-font-icon-svg e-fas-compact-disc\" viewBox=\"0 0 496 512\" xmlns=\"http:\/\/www.w3.org\/2000\/svg\"><path d=\"M248 8C111 8 0 119 0 256s111 248 248 248 248-111 248-248S385 8 248 8zM88 256H56c0-105.9 86.1-192 192-192v32c-88.2 0-160 71.8-160 160zm160 96c-53 0-96-43-96-96s43-96 96-96 96 43 96 96-43 96-96 96zm0-128c-17.7 0-32 14.3-32 32s14.3 32 32 32 32-14.3 32-32-14.3-32-32-32z\"><\/path><\/svg>\t\t\t\t<\/a>\n\t\t\t<\/div>\n\t\t\t\n\t\t\t\t\t\t<div class=\"elementor-icon-box-content\">\n\n\t\t\t\t\t\t\t\t\t<h3 class=\"elementor-icon-box-title\">\n\t\t\t\t\t\t<a href=\"https:\/\/whatsmusic.de\/de\/kostenloser-albumcover-generator-fuer-ihre-alben-und-wiedergabelisten\/\" >\n\t\t\t\t\t\t\tKostenloser Album Cover Generator\t\t\t\t\t\t<\/a>\n\t\t\t\t\t<\/h3>\n\t\t\t\t\n\t\t\t\t\t\t\t\t\t<p class=\"elementor-icon-box-description\">\n\t\t\t\t\t\tErstelle mit wenigen Klicks aufmerksamkeitsstarke Albumcover.\nUnser Albumcover-Generator bietet eine Vielzahl von Vorlagen und Anpassungsm\u00f6glichkeiten, mit denen du ein Cover gestalten kannst, das deine Musik perfekt repr\u00e4sentiert. \t\t\t\t\t<\/p>\n\t\t\t\t\n\t\t\t<\/div>\n\t\t\t\n\t\t<\/div>\n\t\t\t\t\t\t<\/div>\n\t\t\t\t<\/div>\n\t\t\t\t<div class=\"elementor-element elementor-element-5e324d39 elementor-position-left animated-slow elementor-view-framed elementor-shape-square elementor-mobile-position-top elementor-invisible elementor-widget elementor-widget-icon-box\" data-id=\"5e324d39\" data-element_type=\"widget\" data-settings=\"{&quot;_animation&quot;:&quot;fadeIn&quot;,&quot;_animation_delay&quot;:&quot;0&quot;}\" data-widget_type=\"icon-box.default\">\n\t\t\t\t<div class=\"elementor-widget-container\">\n\t\t\t\t\t\t\t<div class=\"elementor-icon-box-wrapper\">\n\n\t\t\t\t\t\t<div class=\"elementor-icon-box-icon\">\n\t\t\t\t<a href=\"https:\/\/whatsmusic.de\/merchandise\/create\" class=\"elementor-icon elementor-animation-grow\" tabindex=\"-1\" aria-label=\"Kostenloser Fanartikel \/ Merchandise Maker\">\n\t\t\t\t<svg aria-hidden=\"true\" class=\"e-font-icon-svg e-fas-tshirt\" viewBox=\"0 0 640 512\" xmlns=\"http:\/\/www.w3.org\/2000\/svg\"><path d=\"M631.2 96.5L436.5 0C416.4 27.8 371.9 47.2 320 47.2S223.6 27.8 203.5 0L8.8 96.5c-7.9 4-11.1 13.6-7.2 21.5l57.2 114.5c4 7.9 13.6 11.1 21.5 7.2l56.6-27.7c10.6-5.2 23 2.5 23 14.4V480c0 17.7 14.3 32 32 32h256c17.7 0 32-14.3 32-32V226.3c0-11.8 12.4-19.6 23-14.4l56.6 27.7c7.9 4 17.5.8 21.5-7.2L638.3 118c4-7.9.8-17.6-7.1-21.5z\"><\/path><\/svg>\t\t\t\t<\/a>\n\t\t\t<\/div>\n\t\t\t\n\t\t\t\t\t\t<div class=\"elementor-icon-box-content\">\n\n\t\t\t\t\t\t\t\t\t<h3 class=\"elementor-icon-box-title\">\n\t\t\t\t\t\t<a href=\"https:\/\/whatsmusic.de\/merchandise\/create\" >\n\t\t\t\t\t\t\tKostenloser Fanartikel \/ Merchandise Maker\t\t\t\t\t\t<\/a>\n\t\t\t\t\t<\/h3>\n\t\t\t\t\n\t\t\t\t\t\t\t\t\t<p class=\"elementor-icon-box-description\">\n\t\t\t\t\t\tGestalte deine eigenen Merchandise-Fanartikel und bestelle sie direkt.\nMit unserem Merchandise-Artikel-Designer kannst du individuelle T-Shirts, Hoodies, Poster und vieles mehr gestalten, um mit deinen Fans in Kontakt zu treten und deine Marke zu bewerben. \t\t\t\t\t<\/p>\n\t\t\t\t\n\t\t\t<\/div>\n\t\t\t\n\t\t<\/div>\n\t\t\t\t\t\t<\/div>\n\t\t\t\t<\/div>\n\t\t\t\t<\/div>\n\t\t\t\t<\/div>\n\t\t<div data-particle_enable=\"false\" data-particle-mobile-disabled=\"false\" class=\"elementor-element elementor-element-d602ca6 e-con-full e-flex e-con e-parent\" data-id=\"d602ca6\" data-element_type=\"container\" data-settings=\"{&quot;background_background&quot;:&quot;classic&quot;}\">\n\t\t<div data-particle_enable=\"false\" data-particle-mobile-disabled=\"false\" class=\"elementor-element elementor-element-feb8c1d e-flex e-con-boxed e-con e-child\" data-id=\"feb8c1d\" data-element_type=\"container\">\n\t\t\t\t\t<div class=\"e-con-inner\">\n\t\t\t\t<div class=\"elementor-element elementor-element-0b7ebf6 elementor-widget elementor-widget-heading\" data-id=\"0b7ebf6\" data-element_type=\"widget\" data-widget_type=\"heading.default\">\n\t\t\t\t<div class=\"elementor-widget-container\">\n\t\t\t\t\t<h2 class=\"elementor-heading-title elementor-size-default\">Warum unsere kostenlosen Musik-Promo-Tools nutzen?  <\/h2>\t\t\t\t<\/div>\n\t\t\t\t<\/div>\n\t\t\t\t<div class=\"elementor-element elementor-element-efc9016 elementor-widget elementor-widget-text-editor\" data-id=\"efc9016\" data-element_type=\"widget\" data-widget_type=\"text-editor.default\">\n\t\t\t\t<div class=\"elementor-widget-container\">\n\t\t\t\t\t\t\t\t\t<p><strong>Benutzerfreundlich:<\/strong> Unsere Tools wurden speziell f\u00fcr Musiker\/innen entwickelt, damit sie einfach zu bedienen sind, auch wenn du keine Erfahrung mit Design oder Schreiben hast.<br \/>\nEgal, ob du ein Albumcover erstellst, Merchandise-Artikel entwirfst oder eine Pressemitteilung schreibst, unsere intuitiven Oberfl\u00e4chen machen den Prozess einfach und angenehm.<br \/>\nDas bedeutet, dass du dich mehr auf deine Musik und weniger auf die technischen Details konzentrieren kannst.  <\/p>\n<p><strong>Hohe Qualit\u00e4t:<\/strong> Alle unsere Tools liefern Ergebnisse in professioneller Qualit\u00e4t, mit denen du dich in der \u00fcberf\u00fcllten Musikbranche abheben kannst.<br \/>\nVom hochaufl\u00f6senden Albumcover bis zur ausgefeilten Pressemitteilung &#8211; die Qualit\u00e4t deiner Werbematerialien spiegelt die Professionalit\u00e4t deiner Musik wider.<br \/>\nHochwertiges Bildmaterial und gut geschriebene Inhalte k\u00f6nnen das Image deiner Marke deutlich verbessern und die Aufmerksamkeit von Fans und Branchenexperten gleicherma\u00dfen erh\u00f6hen.  <\/p>\n<p><strong>Spare Zeit und Geld:<\/strong> Erhalte hochwertige Werbematerialien, ohne einen Cent oder viele Stunden deiner Zeit zu investieren.<br \/>\nTraditionelle Design- und Schreibdienstleistungen k\u00f6nnen teuer und zeitaufw\u00e4ndig sein.<br \/>\nUnsere kostenlosen Tools bieten eine kosteng\u00fcnstige L\u00f6sung, mit der du schnell alles erstellen kannst, was du brauchst, um deine Musik effizient zu bewerben.<br \/>\nDas ist vor allem f\u00fcr unabh\u00e4ngige K\u00fcnstler\/innen von Vorteil, die nur \u00fcber begrenzte Budgets und Ressourcen verf\u00fcgen.   <\/p>\n<p><strong>F\u00f6rdere deine Werbung:<\/strong> Verbessere deine Werbema\u00dfnahmen mit auff\u00e4lligem Bildmaterial und ansprechenden Texten, die dir helfen, mit deinem Publikum in Kontakt zu treten und deine Fangemeinde zu vergr\u00f6\u00dfern.<br \/>\nProfessionell gestaltete Albumcover, individuelle Merchandise-Artikel und \u00fcberzeugende Pressemitteilungen k\u00f6nnen deine Werbekampagnen erheblich beeinflussen.<br \/>\nEffektive Promotion kann zu mehr Aufmerksamkeit, mehr Auftritten und letztendlich zu einer gr\u00f6\u00dferen und engagierteren Fangemeinde f\u00fchren.  <\/p>\n<p><strong>SEO-Vorteile:<\/strong> Die Nutzung unserer Tools kann auch deine Online-Sichtbarkeit verbessern.<br \/>\nQualitativ hochwertige Werbematerialien werden eher in den sozialen Medien und auf anderen Plattformen geteilt, wodurch Backlinks zu deiner Website entstehen.<br \/>\nDas kann dein Suchmaschinenranking verbessern und es neuen Fans leichter machen, deine Musik zu entdecken.<br \/>\nAu\u00dferdem k\u00f6nnen gut gestaltete K\u00fcnstlerbiografien und Pressemitteilungen, die f\u00fcr SEO optimiert sind, dazu beitragen, dass deine Website in den Suchergebnissen besser platziert wird und mehr organischer Traffic auf deine Website gelangt.   <\/p>\n<p><strong>Erh\u00f6htes Engagement:<\/strong> Mit ansprechenden Bildern und Inhalten ist es wahrscheinlicher, dass du die Aufmerksamkeit deines Publikums erregst.<br \/>\nMit unseren Tools kannst du Materialien erstellen, die nicht nur optisch ansprechend, sondern auch aussagekr\u00e4ftig und relevant f\u00fcr deine Fans sind.<br \/>\nDieses erh\u00f6hte Engagement kann dazu f\u00fchren, dass deine Beitr\u00e4ge h\u00e4ufiger geteilt, geliked und kommentiert werden, was deine Reichweite und Wirkung weiter erh\u00f6ht.  <\/p>\n<p><strong>Vielseitig und umfangreich:<\/strong> Unser Angebot an Promo-Tools deckt alle deine Bed\u00fcrfnisse ab, von Album-Covern und Merchandise-Design bis hin zum Schreiben von Pressemitteilungen und Biografien.<br \/>\nDiese Vielseitigkeit stellt sicher, dass du \u00fcber eine umfassende Werbestrategie verf\u00fcgst, die jeden Aspekt deines Musikmarketings abdeckt.<br \/>\nDurch die Verwendung eines zusammenh\u00e4ngenden Satzes von Tools kannst du ein einheitliches Markenimage f\u00fcr alle deine Werbematerialien aufrechterhalten.  <\/p>\n<h3>Fang jetzt an!<\/h3>\n<p>Entdecke noch heute unsere kostenlosen Tools und bringe deine Musikpromotion auf die n\u00e4chste Stufe.<br \/>\nEgal ob du ein aufstrebender K\u00fcnstler oder ein etablierter Musiker bist, unsere Tools helfen dir, erfolgreich zu sein. <\/p>\n\t\t\t\t\t\t\t\t<\/div>\n\t\t\t\t<\/div>\n\t\t\t\t\t<\/div>\n\t\t\t\t<\/div>\n\t\t\t\t<\/div>\n\t\t\t\t<\/div>\n\t\t","protected":false},"excerpt":{"rendered":"<p>Entdecke unsere kostenlosen Musik-Promo-Tools, die speziell f\u00fcr Musiker entwickelt wurden.<br \/>\nErstelle atemberaubende Albumcover, entwerfe individuelle Merchandise-Artikel und erstelle professionelle Pressemitteilungen und K\u00fcnstlerbiografien.<br \/>\nUnsere benutzerfreundlichen Tools bieten qualitativ hochwertige Ergebnisse, sparen Zeit und Geld und unterst\u00fctzen dich bei deinen Werbeaktivit\u00e4ten.<br \/>\nFang noch heute an, deine Musikblogs zu verbessern, deinen Song einzureichen und deine Strategie f\u00fcr Pressemitteilungen zu verbessern.   <\/p>\n","protected":false},"author":3,"featured_media":545524,"parent":0,"menu_order":0,"comment_status":"closed","ping_status":"closed","template":"","meta":{"_acf_changed":false,"footnotes":""},"class_list":["post-545609","page","type-page","status-publish","has-post-thumbnail","hentry"],"acf":[],"_links":{"self":[{"href":"https:\/\/whatsmusic.de\/de\/wp-json\/wp\/v2\/pages\/545609","targetHints":{"allow":["GET"]}}],"collection":[{"href":"https:\/\/whatsmusic.de\/de\/wp-json\/wp\/v2\/pages"}],"about":[{"href":"https:\/\/whatsmusic.de\/de\/wp-json\/wp\/v2\/types\/page"}],"author":[{"embeddable":true,"href":"https:\/\/whatsmusic.de\/de\/wp-json\/wp\/v2\/users\/3"}],"replies":[{"embeddable":true,"href":"https:\/\/whatsmusic.de\/de\/wp-json\/wp\/v2\/comments?post=545609"}],"version-history":[{"count":0,"href":"https:\/\/whatsmusic.de\/de\/wp-json\/wp\/v2\/pages\/545609\/revisions"}],"wp:featuredmedia":[{"embeddable":true,"href":"https:\/\/whatsmusic.de\/de\/wp-json\/wp\/v2\/media\/545524"}],"wp:attachment":[{"href":"https:\/\/whatsmusic.de\/de\/wp-json\/wp\/v2\/media?parent=545609"}],"curies":[{"name":"wp","href":"https:\/\/api.w.org\/{rel}","templated":true}]}}