{"id":558289,"date":"2024-10-05T23:09:37","date_gmt":"2024-10-05T21:09:37","guid":{"rendered":"https:\/\/whatsmusic.de\/kostenloser-song-review-generator-und-epk-whatsmusicepk\/"},"modified":"2024-11-21T22:12:30","modified_gmt":"2024-11-21T21:12:30","slug":"kostenloser-song-review-generator-und-epk-whatsmusicepk","status":"publish","type":"page","link":"https:\/\/whatsmusic.de\/de\/kostenloser-song-review-generator-und-epk-whatsmusicepk\/","title":{"rendered":"Kostenloser Song Review Generator und EPK &#8211; WhatsMusicEPK"},"content":{"rendered":"\t\t<div data-elementor-type=\"wp-page\" data-elementor-id=\"558289\" class=\"elementor elementor-558289 elementor-557703\">\n\t\t\t\t<div data-particle_enable=\"false\" data-particle-mobile-disabled=\"false\" class=\"elementor-element elementor-element-76dca73 e-flex e-con-boxed e-con e-parent\" data-id=\"76dca73\" data-element_type=\"container\">\n\t\t\t\t\t<div class=\"e-con-inner\">\n\t\t\t\t<div class=\"elementor-element elementor-element-a234e60 elementor-widget elementor-widget-heading\" data-id=\"a234e60\" data-element_type=\"widget\" data-widget_type=\"heading.default\">\n\t\t\t\t<div class=\"elementor-widget-container\">\n\t\t\t\t\t<h2 class=\"elementor-heading-title elementor-size-default\"><strong>Kostenloser Song Review Generator &amp; EPK von WhatsMusicEPK<\/strong>\n<\/h2>\t\t\t\t<\/div>\n\t\t\t\t<\/div>\n\t\t\t\t\t<\/div>\n\t\t\t\t<\/div>\n\t\t<div data-particle_enable=\"false\" data-particle-mobile-disabled=\"false\" class=\"elementor-element elementor-element-0cf9127 e-flex e-con-boxed e-con e-parent\" data-id=\"0cf9127\" data-element_type=\"container\">\n\t\t\t\t\t<div class=\"e-con-inner\">\n\t\t\t\t<div class=\"elementor-element elementor-element-a592945 elementor-widget elementor-widget-shortcode\" data-id=\"a592945\" data-element_type=\"widget\" data-widget_type=\"shortcode.default\">\n\t\t\t\t<div class=\"elementor-widget-container\">\n\t\t\t\t\t\t\t<div class=\"elementor-shortcode\">    <div id=\"spotify-search-container\">\n        <label class=\"screen-reader-text\" for=\"spotify-search-input\">\n            Search for a song or artist        <\/label>\n        <input\n            type=\"text\"\n            id=\"spotify-search-input\"\n            class=\"spotify-search-input\"\n            placeholder=\"Suche nach einem Song oder K\u00fcnstler...\"\n            autocomplete=\"off\"\n        \/>\n        <div id=\"spotify-loader\" class=\"spotify-loader\" hidden>\n            <div class=\"loader\" aria-hidden=\"true\"><\/div>\n            <div class=\"loader-text\">Loading\u2026<\/div>\n        <\/div>\n        <div id=\"spotify-suggestions\" class=\"spotify-suggestions\" aria-live=\"polite\"><\/div>\n        <div id=\"spotify-details\" class=\"spotify-details\"><\/div>\n    <\/div>\n    <\/div>\n\t\t\t\t\t\t<\/div>\n\t\t\t\t<\/div>\n\t\t\t\t\t<\/div>\n\t\t\t\t<\/div>\n\t\t<div data-particle_enable=\"false\" data-particle-mobile-disabled=\"false\" class=\"elementor-element elementor-element-4e1cbf0b e-flex e-con-boxed e-con e-parent\" data-id=\"4e1cbf0b\" data-element_type=\"container\">\n\t\t\t\t\t<div class=\"e-con-inner\">\n\t\t\t\t<div class=\"elementor-element elementor-element-b4fdb7e elementor-widget elementor-widget-text-editor\" data-id=\"b4fdb7e\" data-element_type=\"widget\" data-widget_type=\"text-editor.default\">\n\t\t\t\t<div class=\"elementor-widget-container\">\n\t\t\t\t\t\t\t\t\t<h3><strong>\u00dcber WhatsMusicEPK<\/strong><\/h3>\n<p>Deine All-in-One-L\u00f6sung f\u00fcr Song-Reviews und elektronische Pressemappen<\/p>\n<p>WhatsMusicEPK ist das ultimative Tool f\u00fcr Musiker, Musikblogger und Enthusiasten, die m\u00fchelos beeindruckende, datenreiche Inhalte erstellen m\u00f6chten. Dieser kostenlose Song-Review-Generator und das Electronic Press Kit (EPK) bieten alles, was du brauchst, um deine Songs zu pr\u00e4sentieren und dein Publikum zu fesseln. <\/p>\n<h4><strong>Was kann WhatsMusicEPK f\u00fcr dich tun?<\/strong><\/h4>\n<p><img loading=\"lazy\" decoding=\"async\" class=\"wp-image-558264 alignright\" src=\"https:\/\/whatsmusic.de\/wp-content\/uploads\/2024\/11\/WhatsMusicEPK-Grid-300x300.webp\" alt=\"\" width=\"217\" height=\"217\" srcset=\"https:\/\/whatsmusic.de\/wp-content\/uploads\/2024\/11\/WhatsMusicEPK-Grid-300x300.webp 300w, https:\/\/whatsmusic.de\/wp-content\/uploads\/2024\/11\/WhatsMusicEPK-Grid-150x150.webp 150w, https:\/\/whatsmusic.de\/wp-content\/uploads\/2024\/11\/WhatsMusicEPK-Grid-768x768.webp 768w, https:\/\/whatsmusic.de\/wp-content\/uploads\/2024\/11\/WhatsMusicEPK-Grid-100x100.webp 100w, https:\/\/whatsmusic.de\/wp-content\/uploads\/2024\/11\/WhatsMusicEPK-Grid.webp 1024w\" sizes=\"auto, (max-width: 217px) 100vw, 217px\" \/><\/p>\n<ul>\n<li><strong>Erstelle sofort detaillierte Song-Bewertungen:<\/strong> Erstelle professionelle und ansprechende Song-Rezensionen mit fortschrittlicher KI f\u00fcr jeden auf Spotify verf\u00fcgbaren Titel.<\/li>\n<li><strong>Umfassende Track-Details abrufen:<\/strong> Zeige wichtige Informationen wie K\u00fcnstlernamen, Albumtitel, Erscheinungsjahr, Dauer, Tempo, Tonart, Stimmung und mehr an &#8211; alles direkt von Spotify.<\/li>\n<li><strong>Visuell reicher Inhalt:<\/strong> Verbessere deine Seite mit hochwertigen Albumcovern und aufschlussreichen, emotionalen Songkritiken.<\/li>\n<li><strong>Teilen und Erkunden:<\/strong> Du kannst deine Tracks ganz einfach teilen, Analysen einsehen und \u00e4hnliche Songs entdecken, um dein Publikum bei der Stange zu halten.<\/li>\n<\/ul>\n<h4><strong>Warum WhatsMusicEPK w\u00e4hlen?<\/strong><\/h4>\n<ul>\n<li><strong>Perfekt f\u00fcr Musiker\/innen und Musikblogger\/innen:<\/strong> Ma\u00dfgeschneidert f\u00fcr Einzelpersonen und Marken, die ihre Online-Pr\u00e4senz mit fesselnden Musikinhalten verst\u00e4rken wollen.<\/li>\n<li><strong>Nahtlose Integration mit Spotify:<\/strong> Unsere leistungsstarken API-Integrationen sorgen daf\u00fcr, dass die Daten immer genau und aktuell sind.<\/li>\n<li><strong>Elegantes und anpassbares Design:<\/strong> Passe das Aussehen deiner Website mit unserem benutzerfreundlichen Design an.<\/li>\n<li><strong>Erh\u00f6he SEO und Engagement:<\/strong> Erziele mehr Besucher mit dynamischen, SEO-optimierten Inhalten, die auf Musikfans und Branchenexperten zugeschnitten sind.<\/li>\n<\/ul>\n<h4><strong>Beginne noch heute mit WhatsMusicEPK!<\/strong><\/h4>\n<p>Egal, ob du ein K\u00fcnstler bist, der seine Pressemappe erstellt, ein Blogger, der \u00fcber die neuesten Hits schreibt, oder ein Musikliebhaber, der seine Lieblingssongs mit anderen teilen m\u00f6chte &#8211; mit WhatsMusicEPK kannst du m\u00fchelos ansprechende und teilbare Inhalte erstellen.<\/p>\n<p>Bringe deine Musikpromotion und Content-Strategie auf die n\u00e4chste Stufe mit WhatsMusicEPK &#8211; deinem kostenlosen Tool f\u00fcr Song-Reviews und EPK-Erstellung.<\/p>\n<h3><strong>Song-Reviews und elektronische Pressemappen: Eine Must-Have-Kombination f\u00fcr Musiker<\/strong><\/h3>\n<p>In der hart umk\u00e4mpften Musikbranche sind <strong>Songkritiken<\/strong> und <strong>elektronische Pressemappen (EPKs)<\/strong> zwei wichtige Instrumente, die jeder K\u00fcnstler braucht, um sich von der Konkurrenz abzuheben. Egal, ob du ein unabh\u00e4ngiger Musiker bist oder bei einem Label unter Vertrag stehst, diese Elemente k\u00f6nnen deinen Bekanntheitsgrad und deine Glaubw\u00fcrdigkeit erheblich steigern und dir dabei helfen, mit Publikum und Fachleuten in Kontakt zu treten. <\/p>\n<h4><strong>Warum sind Song-Reviews wichtig?<\/strong><\/h4>\n<p>Song-Rezensionen sind ein wichtiger Teil deiner Musikmarketing-Strategie. Hier ist der Grund daf\u00fcr: <\/p>\n<ol>\n<li><strong>Erh\u00f6hte Sichtbarkeit<\/strong>: Rezensionen, die in Blogs, Magazinen oder auf Musikplattformen wie WhatsMusic.de ver\u00f6ffentlicht werden, k\u00f6nnen deine Lieder vor Tausenden von potenziellen H\u00f6rern bekannt machen.<\/li>\n<li><strong>Glaubw\u00fcrdigkeit<\/strong>: Positives Feedback aus seri\u00f6sen Quellen verleiht deiner Arbeit einen Hauch von Authentizit\u00e4t und macht sie f\u00fcr neue Fans und Brancheninsider attraktiver.<\/li>\n<li><strong>Wertvolles Feedback<\/strong>: Rezensionen liefern konstruktive Erkenntnisse, die dir helfen k\u00f6nnen, dein Handwerk zu verbessern und die Vorlieben deines Publikums besser zu verstehen.<\/li>\n<li><strong>SEO-Vorteile<\/strong>: Wenn dein Song online rezensiert wird, erh\u00f6ht das deine Auffindbarkeit in den Suchmaschinen, besonders wenn die Rezension deinen Namen, den Songtitel und Schl\u00fcsselw\u00f6rter wie dein Genre oder deinen einzigartigen Stil enth\u00e4lt.<\/li>\n<\/ol>\n<h4><strong>Was ist ein Electronic Press Kit (EPK)?<\/strong><\/h4>\n<p>Ein <strong>elektronisches Pressekit (EPK)<\/strong> ist dein professioneller Musiklebenslauf. Es ist ein digitales Portfolio, das Promotern, Medien und potenziellen Kooperationspartnern alles zeigt, was sie \u00fcber dich wissen m\u00fcssen. <\/p>\n<h4><strong>Schl\u00fcsselelemente eines professionellen EPKs<\/strong><\/h4>\n<ol>\n<li><strong>Biografie<\/strong>: Eine knappe, aber ansprechende Geschichte dar\u00fcber, wer du bist und was deine Musik einzigartig macht.<\/li>\n<li><strong>Qualitativ hochwertige Bilder<\/strong>: Professionelle Fotos f\u00fcr Medien und Werbezwecke.<\/li>\n<li><strong>Musikbeispiele<\/strong>: Links zu deinen besten Tracks oder Videos.<\/li>\n<li><strong>Presseberichterstattung<\/strong>: F\u00fcge Links zu Rezensionen, Interviews und Artikeln hinzu.<\/li>\n<li><strong>Kontaktinformationen<\/strong>: Sorge daf\u00fcr, dass Buchungsagenten und Journalisten dich leicht erreichen k\u00f6nnen.<\/li>\n<li><strong>Social Media Links<\/strong>: Pr\u00e4sentiere deine Online-Pr\u00e4senz und dein Fan-Engagement.<\/li>\n<\/ol>\n<h4><strong>Wie Song-Reviews und EPKs zusammenarbeiten<\/strong><\/h4>\n<p>Die Kombination von Song-Rezensionen und EPKs schafft eine starke Synergie. Indem du deinem EPK Rezensionen hinzuf\u00fcgst, zeigst du die Qualit\u00e4t deiner Musik und die Wirkung, die sie auf die H\u00f6rer\/innen hat. Potenzielle Kooperationspartner oder Veranstaltungsorte werden dich eher ernst nehmen, wenn sie glaubw\u00fcrdige Rezensionen sehen.  <\/p>\n<h4><strong>Wo du Song-Reviews und EPK-Unterst\u00fctzung bekommst<\/strong><\/h4>\n<p>Plattformen wie <strong>WhatsMusic.de<\/strong> haben sich darauf spezialisiert, umfassende Dienstleistungen f\u00fcr Musiker anzubieten. Von <strong>kostenlosen K\u00fcnstlerinterviews<\/strong> bis hin zu Tools wie einem <strong>Online-Albumcover-Generator<\/strong> hilft WhatsMusic.de K\u00fcnstlern, zu gl\u00e4nzen. Wenn du diese Dienste nutzt, kannst du eine professionelle Pr\u00e4senz aufbauen und deine Reichweite erh\u00f6hen.  <\/p>\n<hr>\n<p>Wenn du deine Musikkarriere ernsthaft vorantreiben willst, ist die Investition in hochwertige <strong>Songkritiken<\/strong> und eine professionelle <strong>elektronische Pressemappe<\/strong> unerl\u00e4sslich. Diese Werkzeuge verbessern nicht nur deinen Ruf, sondern \u00f6ffnen dir auch die T\u00fcren zu neuen M\u00f6glichkeiten in der Musikindustrie. <\/p>\n<p>Sei der Zeit voraus &#8211; fang noch heute an, deine Pressepr\u00e4senz aufzubauen!<\/p>\n\t\t\t\t\t\t\t\t<\/div>\n\t\t\t\t<\/div>\n\t\t\t\t\t<\/div>\n\t\t\t\t<\/div>\n\t\t\t\t<\/div>\n\t\t","protected":false},"excerpt":{"rendered":"<p>Mit WhatsMusicEPK kannst du m\u00fchelos beeindruckende Song-Reviews und elektronische Pressemappen erstellen. Hol dir Details zu Spotify-Titeln, generiere KI-gest\u00fctzte Rezensionen und steigere das Engagement mit visuell ansprechenden, SEO-optimierten Musikinhalten. Perfekt f\u00fcr Musiker, Blogger und Musikbegeisterte!  <\/p>\n","protected":false},"author":3,"featured_media":0,"parent":0,"menu_order":0,"comment_status":"closed","ping_status":"closed","template":"","meta":{"_acf_changed":false,"footnotes":""},"class_list":["post-558289","page","type-page","status-publish","hentry"],"acf":[],"_links":{"self":[{"href":"https:\/\/whatsmusic.de\/de\/wp-json\/wp\/v2\/pages\/558289","targetHints":{"allow":["GET"]}}],"collection":[{"href":"https:\/\/whatsmusic.de\/de\/wp-json\/wp\/v2\/pages"}],"about":[{"href":"https:\/\/whatsmusic.de\/de\/wp-json\/wp\/v2\/types\/page"}],"author":[{"embeddable":true,"href":"https:\/\/whatsmusic.de\/de\/wp-json\/wp\/v2\/users\/3"}],"replies":[{"embeddable":true,"href":"https:\/\/whatsmusic.de\/de\/wp-json\/wp\/v2\/comments?post=558289"}],"version-history":[{"count":4,"href":"https:\/\/whatsmusic.de\/de\/wp-json\/wp\/v2\/pages\/558289\/revisions"}],"predecessor-version":[{"id":558302,"href":"https:\/\/whatsmusic.de\/de\/wp-json\/wp\/v2\/pages\/558289\/revisions\/558302"}],"wp:attachment":[{"href":"https:\/\/whatsmusic.de\/de\/wp-json\/wp\/v2\/media?parent=558289"}],"curies":[{"name":"wp","href":"https:\/\/api.w.org\/{rel}","templated":true}]}}