{"id":533181,"date":"2024-06-19T19:10:06","date_gmt":"2024-06-19T17:10:06","guid":{"rendered":"https:\/\/whatsmusic.de\/product\/faites-connaitre-votre-musique-grace-a-des-communiques-de-presse-et-des-revues-de-presse-dexperts\/"},"modified":"2024-06-19T19:10:06","modified_gmt":"2024-06-19T17:10:06","slug":"faites-connaitre-votre-musique-grace-a-des-communiques-de-presse-et-des-revues-de-presse-dexperts","status":"publish","type":"product","link":"https:\/\/whatsmusic.de\/de\/produkt\/faites-connaitre-votre-musique-grace-a-des-communiques-de-presse-et-des-revues-de-presse-dexperts\/","title":{"rendered":"Faites conna\u00eetre votre musique gr\u00e2ce \u00e0 des communiqu\u00e9s de presse et des revues de presse d&#8217;experts"},"content":{"rendered":"<p>Vous cherchez \u00e0 capter de nouveaux auditeurs avec un communiqu\u00e9 de presse musical convaincant ? WhatsMusic.de offre un service de premier ordre pour am\u00e9liorer la visibilit\u00e9 de votre chanson. J&#8217;apporte des ann\u00e9es d&#8217;exp\u00e9rience dans l&#8217;industrie musicale et un amour profond pour la musique afin de fournir des analyses de chansons d\u00e9taill\u00e9es et des critiques musicales approfondies. Mon expertise couvre diff\u00e9rents genres et styles, garantissant que les aspects uniques de votre chanson sont mis en valeur afin d&#8217;engager et de captiver les lecteurs.<\/p>\n<p><strong>Ce que vous obtenez :<\/strong><\/p>\n<ul>\n<li><strong>Analyse compl\u00e8te de la chanson<\/strong>: Plongez dans les caract\u00e9ristiques uniques de votre chanson.<\/li>\n<li><strong>Critique musicale d\u00e9taill\u00e9e<\/strong>: Une critique d&#8217;expert qui sort du lot.<\/li>\n<li><strong>Communiqu\u00e9 de presse professionnel<\/strong>: Con\u00e7u pour attirer l&#8217;attention et susciter l&#8217;int\u00e9r\u00eat.<\/li>\n<\/ul>\n<p><strong>Pourquoi choisir mon service ?<\/strong><\/p>\n<ul>\n<li><strong>Expertise dans le secteur<\/strong>: Vaste exp\u00e9rience dans de nombreux domaines.<\/li>\n<li><strong>Connaissances musicales approfondies<\/strong>: Ma\u00eetrise de la th\u00e9orie musicale et des techniques de production.<\/li>\n<li><strong>D\u00e9veloppement de l&#8217;artiste<\/strong>: Un soutien pour vous aider \u00e0 progresser en tant qu&#8217;artiste.<\/li>\n<li><strong>Des avis honn\u00eates<\/strong>: Des commentaires professionnels, impartiaux et directs.<\/li>\n<li><strong>Garantie de satisfaction<\/strong>: Votre satisfaction est ma priorit\u00e9 absolue.<\/li>\n<\/ul>\n<p><strong>Exclusif Extra<\/strong>: R\u00e9aliser une interview et pr\u00e9senter votre chanson sur mon blog musical !<\/p>\n<p><strong>Options de tarification :<\/strong><\/p>\n<ul>\n<li><strong>Basic (55\u20ac)<\/strong>: Examen approfondi d&#8217;une chanson.<\/li>\n<li><strong>Standard (95\u20ac)<\/strong>: Examen complet de trois chansons.<\/li>\n<li><strong>Premium (220\u20ac)<\/strong>: Analyse compl\u00e8te de 10 chansons (EP ou album).<\/li>\n<\/ul>\n<p style=\"text-align: center;\"><strong>Commandez d\u00e8s maintenant sur WhatsMusic.de et faites briller votre musique !<\/strong><\/p>\n","protected":false},"excerpt":{"rendered":"<p>Am\u00e9liorez votre communiqu\u00e9 de presse musical avec WhatsMusic.de ! Je propose des analyses d\u00e9taill\u00e9es de chansons et des critiques musicales compl\u00e8tes pour captiver votre public et le transformer en fans. Avec des ann\u00e9es d&#8217;exp\u00e9rience dans l&#8217;industrie et une profonde passion pour la musique, je m&#8217;assure que votre chanson brille. Commandez d\u00e8s maintenant et faites en sorte que votre musique ait un impact !<\/p>\n","protected":false},"featured_media":0,"template":"","meta":{"_acf_changed":false,"wds_primary_product_brand":0,"wds_primary_product_cat":0},"product_brand":[],"product_cat":[],"product_tag":[],"class_list":{"0":"post-533181","1":"product","2":"type-product","3":"status-publish","6":"first","7":"instock","8":"taxable","9":"shipping-taxable","10":"product-type-simple"},"acf":[],"_links":{"self":[{"href":"https:\/\/whatsmusic.de\/de\/wp-json\/wp\/v2\/product\/533181","targetHints":{"allow":["GET"]}}],"collection":[{"href":"https:\/\/whatsmusic.de\/de\/wp-json\/wp\/v2\/product"}],"about":[{"href":"https:\/\/whatsmusic.de\/de\/wp-json\/wp\/v2\/types\/product"}],"version-history":[{"count":0,"href":"https:\/\/whatsmusic.de\/de\/wp-json\/wp\/v2\/product\/533181\/revisions"}],"wp:attachment":[{"href":"https:\/\/whatsmusic.de\/de\/wp-json\/wp\/v2\/media?parent=533181"}],"wp:term":[{"taxonomy":"product_brand","embeddable":true,"href":"https:\/\/whatsmusic.de\/de\/wp-json\/wp\/v2\/product_brand?post=533181"},{"taxonomy":"product_cat","embeddable":true,"href":"https:\/\/whatsmusic.de\/de\/wp-json\/wp\/v2\/product_cat?post=533181"},{"taxonomy":"product_tag","embeddable":true,"href":"https:\/\/whatsmusic.de\/de\/wp-json\/wp\/v2\/product_tag?post=533181"}],"curies":[{"name":"wp","href":"https:\/\/api.w.org\/{rel}","templated":true}]}}