{"id":545339,"date":"2024-07-24T07:47:09","date_gmt":"2024-07-24T05:47:09","guid":{"rendered":"https:\/\/whatsmusic.de\/soumissions-de-blogs-musicaux-soumets-tes-sorties-de-chansons-et-dalbums\/"},"modified":"2024-11-22T21:07:52","modified_gmt":"2024-11-22T20:07:52","slug":"soumissions-de-blogs-musicaux-soumets-tes-sorties-de-chansons-et-dalbums","status":"publish","type":"page","link":"https:\/\/whatsmusic.de\/fr\/soumissions-de-blogs-musicaux-soumets-tes-sorties-de-chansons-et-dalbums\/","title":{"rendered":"Soumissions de blogs musicaux &#8211; Soumets tes sorties de chansons et d&rsquo;albums"},"content":{"rendered":"\t\t<div data-elementor-type=\"wp-page\" data-elementor-id=\"545339\" class=\"elementor elementor-545339 elementor-545287\">\n\t\t\t\t<div data-particle_enable=\"false\" data-particle-mobile-disabled=\"false\" class=\"elementor-element elementor-element-f658288 e-con-full e-flex e-con e-parent\" data-id=\"f658288\" data-element_type=\"container\" data-settings=\"{&quot;background_background&quot;:&quot;classic&quot;}\">\n\t\t<div data-particle_enable=\"false\" data-particle-mobile-disabled=\"false\" class=\"elementor-element elementor-element-4a8144f e-flex e-con-boxed e-con e-child\" data-id=\"4a8144f\" data-element_type=\"container\" data-settings=\"{&quot;background_background&quot;:&quot;classic&quot;}\">\n\t\t\t\t\t<div class=\"e-con-inner\">\n\t\t\t\t<div class=\"elementor-element elementor-element-dbee37d elementor-widget elementor-widget-heading\" data-id=\"dbee37d\" data-element_type=\"widget\" data-widget_type=\"heading.default\">\n\t\t\t\t<div class=\"elementor-widget-container\">\n\t\t\t\t\t<div class=\"elementor-heading-title elementor-size-default\">Nous sommes impatients d'entendre ta musique et de la partager avec notre public.  <\/div>\t\t\t\t<\/div>\n\t\t\t\t<\/div>\n\t\t\t\t\t<\/div>\n\t\t\t\t<\/div>\n\t\t\t\t<\/div>\n\t\t<div data-particle_enable=\"false\" data-particle-mobile-disabled=\"false\" class=\"elementor-element elementor-element-34a4b28 e-flex e-con-boxed e-con e-parent\" data-id=\"34a4b28\" data-element_type=\"container\" data-settings=\"{&quot;background_background&quot;:&quot;classic&quot;}\">\n\t\t\t\t\t<div class=\"e-con-inner\">\n\t\t\t\t<div class=\"elementor-element elementor-element-e504e69 elementor-widget elementor-widget-heading\" data-id=\"e504e69\" data-element_type=\"widget\" data-widget_type=\"heading.default\">\n\t\t\t\t<div class=\"elementor-widget-container\">\n\t\t\t\t\t<h2 class=\"elementor-heading-title elementor-size-default\">Ajoutez votre titre ici<\/h2>\t\t\t\t<\/div>\n\t\t\t\t<\/div>\n\t\t\t\t<div class=\"elementor-element elementor-element-6ea03c1 elementor-widget__width-inherit elementor-widget elementor-widget-shortcode\" data-id=\"6ea03c1\" data-element_type=\"widget\" data-widget_type=\"shortcode.default\">\n\t\t\t\t<div class=\"elementor-widget-container\">\n\t\t\t\t\t\t\t<div class=\"elementor-shortcode\"><form id=\"forminator-module-542302\" class=\"forminator-custom-form forminator-custom-form-542302\" method=\"post\" data-forminator-render=\"0\" data-uid=\"6a01d578b59a9\"><div role=\"alert\" aria-live=\"polite\" class=\"forminator-response-message forminator-error\" aria-hidden=\"true\"><\/div><\/form><\/div>\n\t\t\t\t\t\t<\/div>\n\t\t\t\t<\/div>\n\t\t\t\t\t<\/div>\n\t\t\t\t<\/div>\n\t\t<div data-particle_enable=\"false\" data-particle-mobile-disabled=\"false\" class=\"elementor-element elementor-element-20919c39 e-flex e-con-boxed e-con e-parent\" data-id=\"20919c39\" data-element_type=\"container\" data-settings=\"{&quot;background_background&quot;:&quot;classic&quot;}\">\n\t\t\t\t\t<div class=\"e-con-inner\">\n\t\t\t\t<div class=\"elementor-element elementor-element-27f97eed elementor-widget elementor-widget-text-editor\" data-id=\"27f97eed\" data-element_type=\"widget\" data-widget_type=\"text-editor.default\">\n\t\t\t\t<div class=\"elementor-widget-container\">\n\t\t\t\t\t\t\t\t\t<ul>\n<li><strong>Large port\u00e9e :<\/strong><br \/>Mets ta musique en avant de notre public d\u00e9vou\u00e9 et grandissant.<br \/>\nNotre blog attire des milliers de passionn\u00e9s de musique, de professionnels de l&rsquo;industrie et de fans potentiels qui sont toujours \u00e0 la recherche de musique nouvelle et passionnante.<br \/>\nEn soumettant ton article \u00e0 notre blog, tu placeras ta musique dans une position privil\u00e9gi\u00e9e pour qu&rsquo;elle soit d\u00e9couverte et appr\u00e9ci\u00e9e par un lectorat diversifi\u00e9 et engag\u00e9.  <\/li>\n<li><strong>Avantages pour le r\u00e9f\u00e9rencement :<\/strong><br \/>Renforce ta pr\u00e9sence en ligne gr\u00e2ce aux liens de retour de notre blog.<br \/>\nChaque fonctionnalit\u00e9 comprend des liens vers ton site Web et tes profils de m\u00e9dias sociaux, ce qui contribue \u00e0 am\u00e9liorer ton classement dans les moteurs de recherche.<br \/>\nCela peut conduire \u00e0 une augmentation du trafic vers tes propres plateformes, \u00e0 une plus grande visibilit\u00e9 dans les r\u00e9sultats de recherche et, en fin de compte, \u00e0 plus d&rsquo;auditeurs et de followers.  <\/li>\n<li><strong>Exposition gratuite :<\/strong><br \/>Notre option de soumission d&rsquo;interview est enti\u00e8rement gratuite !<br \/>\nPartage ton histoire, tes id\u00e9es et l&rsquo;inspiration derri\u00e8re ta musique sans aucun co\u00fbt.<br \/>\nCette option est parfaite pour les artistes ind\u00e9pendants qui veulent se faire conna\u00eetre sans se ruiner.<br \/>\nC&rsquo;est une excellente occasion d&rsquo;entrer en contact avec notre public \u00e0 un niveau personnel, et de construire une base de fans fid\u00e8les.   <\/li>\n<li><strong>Reportages sur mesure :<\/strong><br \/>Nous adaptons nos reportages pour mettre en valeur ce qui rend ta musique unique.<br \/>\nQue ce soit par le biais d&rsquo;une interview d\u00e9taill\u00e9e ou d&rsquo;un communiqu\u00e9 de presse bien r\u00e9dig\u00e9, nous nous assurons que ton histoire et ton son sont pr\u00e9sent\u00e9s sous leur meilleur jour.<br \/>\nCette approche personnalis\u00e9e t&rsquo;aide \u00e0 te d\u00e9marquer dans un march\u00e9 surpeupl\u00e9, en faisant une impression m\u00e9morable sur nos lecteurs.  <\/li>\n<li><strong>Communaut\u00e9 engag\u00e9e :<\/strong><br \/>Rejoins une communaut\u00e9 de musiciens et d&rsquo;amateurs de musique qui partagent les m\u00eames id\u00e9es.<br \/>\nNotre blogue favorise un environnement positif et interactif o\u00f9 les artistes peuvent se connecter, collaborer et se d\u00e9velopper.<br \/>\nEn \u00e9tant pr\u00e9sent\u00e9, tu fais partie de ce r\u00e9seau dynamique et tu gagnes non seulement des fans, mais aussi des collaborateurs potentiels et des contacts dans l&rsquo;industrie.  <\/li>\n<li><strong>Exposition opportune :<\/strong><br \/>Restez pertinent en vous faisant conna\u00eetre autour de vos dates de sortie.<br \/>\nNous comprenons l&rsquo;importance de la synchronisation dans l&rsquo;industrie de la musique.<br \/>\nEn alignant tes articles sur ton calendrier de sortie, tu maximises le buzz et l&rsquo;excitation autour de ta nouvelle musique, en t&rsquo;assurant qu&rsquo;elle re\u00e7oit l&rsquo;attention qu&rsquo;elle m\u00e9rite.  <\/li>\n<li><strong>Impact durable :<\/strong><br \/>Nos articles ont un impact durable.<br \/>\nUne fois que ta musique est publi\u00e9e sur notre blog, elle reste accessible aux nouveaux visiteurs et aux moteurs de recherche, offrant ainsi une exposition continue au fil du temps.<br \/>\nCela signifie que ta soumission peut continuer \u00e0 attirer des auditeurs longtemps apr\u00e8s avoir \u00e9t\u00e9 publi\u00e9e, te donnant des avantages continus \u00e0 partir d&rsquo;une seule fonctionnalit\u00e9.Soumettre ta musique \u00e0 notre blog ne consiste pas seulement \u00e0 obtenir une exposition imm\u00e9diate ; il s&rsquo;agit de construire une pr\u00e9sence durable et de cr\u00e9er des opportunit\u00e9s pour que ta carri\u00e8re musicale prosp\u00e8re.<br \/>\nQue tu sois un artiste \u00e9mergent ou un artiste \u00e9tabli, nos options de soumission offrent des avantages pr\u00e9cieux pour t&rsquo;aider \u00e0 atteindre tes objectifs.   <\/li>\n<\/ul>\n\t\t\t\t\t\t\t\t<\/div>\n\t\t\t\t<\/div>\n\t\t\t\t<div class=\"elementor-element elementor-element-d78d150 elementor-widget elementor-widget-heading\" data-id=\"d78d150\" data-element_type=\"widget\" data-widget_type=\"heading.default\">\n\t\t\t\t<div class=\"elementor-widget-container\">\n\t\t\t\t\t<h3 class=\"elementor-heading-title elementor-size-default\">Pourquoi soumettre un blog musical \u00e0 WhatsMusic.de ?<\/h3>\t\t\t\t<\/div>\n\t\t\t\t<\/div>\n\t\t\t\t<div class=\"elementor-element elementor-element-7857001 elementor-widget elementor-widget-heading\" data-id=\"7857001\" data-element_type=\"widget\" data-widget_type=\"heading.default\">\n\t\t\t\t<div class=\"elementor-widget-container\">\n\t\t\t\t\t<h3 class=\"elementor-heading-title elementor-size-default\">Ajoutez votre titre ici<\/h3>\t\t\t\t<\/div>\n\t\t\t\t<\/div>\n\t\t\t\t<div class=\"elementor-element elementor-element-2b15f01 elementor-widget elementor-widget-eael-post-carousel\" data-id=\"2b15f01\" data-element_type=\"widget\" data-settings=\"{&quot;items&quot;:{&quot;unit&quot;:&quot;px&quot;,&quot;size&quot;:4,&quot;sizes&quot;:[]},&quot;items_tablet&quot;:{&quot;unit&quot;:&quot;px&quot;,&quot;size&quot;:4,&quot;sizes&quot;:[]},&quot;items_mobile&quot;:{&quot;unit&quot;:&quot;px&quot;,&quot;size&quot;:1,&quot;sizes&quot;:[]}}\" data-widget_type=\"eael-post-carousel.default\">\n\t\t\t\t<div class=\"elementor-widget-container\">\n\t\t\t\t\t        <div class=\"swiper-container-wrap eael-post-grid-container eael-post-carousel-wrap eael-post-carousel-style-one\" id=\"eael-post-grid-2b15f01\">\n\t\t\t            <div class=\"swiper swiper-8 eael-post-carousel eael-post-grid swiper-container-2b15f01 eael-post-appender-2b15f01\" data-pagination=\".swiper-pagination-2b15f01\" data-arrow-next=\".swiper-button-next-2b15f01\" data-arrow-prev=\".swiper-button-prev-2b15f01\" data-items-mobile=\"1\" data-items-tablet=\"4\" data-items=\"4\" data-margin=\"5\" data-effect=\"slide\" data-speed=\"800\" data-autoplay=\"6000\" data-pause-on-hover=\"true\" data-loop=\"1\" data-grab-cursor=\"1\" data-arrows=\"1\">\n                <div class=\"swiper-wrapper\">\n\t\t\t\t\t<div class=\"swiper-slide\"><article class=\"eael-grid-post eael-post-grid-column\">\n    <div class=\"eael-grid-post-holder\">\n        <div class=\"eael-grid-post-holder-inner\"><div class=\"eael-entry-media eael-entry-medianone\"><div class=\"eael-entry-overlay fade-in\"><div class='eael-entry-wrapper-fade-in'><div class=\"eael-entry-wrapper\"><header class=\"eael-entry-header\"><a class=\"eael-grid-post-link\" href=\"https:\/\/whatsmusic.de\/fr\/music-press-release\/dj-agape-records-marks-50-releases-unveils-new-identity-and-sets-course-for-seven-artist-expansion\/\" title=\"DJ Agape Records Marks 50 Releases, Unveils New Identity and Sets Course for Seven-Artist Expansion\"><h3 class=\"eael-entry-title\">DJ Agape Records Marks 50 Releases, Unveils New Identity and Sets Course for Seven-Artist Expansion<\/a><\/h3><\/header><\/div><div class=\"eael-entry-content\">\n\t\t\t\t<div class=\"eael-grid-post-excerpt\"><\/div>\n\t\t\t<\/div><\/div><a href=\"https:\/\/whatsmusic.de\/fr\/music-press-release\/dj-agape-records-marks-50-releases-unveils-new-identity-and-sets-course-for-seven-artist-expansion\/\"><\/a><\/div><div class=\"eael-entry-thumbnail eael-image-ratio\">\n                    <img decoding=\"async\" src=\"https:\/\/whatsmusic.de\/wp-content\/uploads\/2026\/05\/DJ-Agape-Records-music-and-lifestyle-brand-300x200.webp\" alt=\"\">\n                <\/div><\/div><\/div><\/div><\/article><\/div><div class=\"swiper-slide\"><article class=\"eael-grid-post eael-post-grid-column\">\n    <div class=\"eael-grid-post-holder\">\n        <div class=\"eael-grid-post-holder-inner\"><div class=\"eael-entry-media eael-entry-medianone\"><div class=\"eael-entry-overlay fade-in\"><div class='eael-entry-wrapper-fade-in'><div class=\"eael-entry-wrapper\"><header class=\"eael-entry-header\"><a class=\"eael-grid-post-link\" href=\"https:\/\/whatsmusic.de\/fr\/music-press-release\/sublime-and-prism-water-pipes-launch-official-glassware-collaboration-celebrating-music-culture-and-functional-design\/\" title=\"Sublime and Prism Water Pipes Launch Official Glassware Collaboration Celebrating Music, Culture, and Functional Design\"><h3 class=\"eael-entry-title\">Sublime and Prism Water Pipes Launch Official Glassware Collaboration Celebrating Music, Culture, and Functional Design<\/a><\/h3><\/header><\/div><div class=\"eael-entry-content\">\n\t\t\t\t<div class=\"eael-grid-post-excerpt\"><\/div>\n\t\t\t<\/div><\/div><a href=\"https:\/\/whatsmusic.de\/fr\/music-press-release\/sublime-and-prism-water-pipes-launch-official-glassware-collaboration-celebrating-music-culture-and-functional-design\/\"><\/a><\/div><div class=\"eael-entry-thumbnail eael-image-ratio\">\n                    <img decoding=\"async\" src=\"https:\/\/whatsmusic.de\/wp-content\/uploads\/2026\/05\/Sublime-x-Prism-HERO-Product-Shot-ALL-300x188.webp\" alt=\"\">\n                <\/div><\/div><\/div><\/div><\/article><\/div><div class=\"swiper-slide\"><article class=\"eael-grid-post eael-post-grid-column\">\n    <div class=\"eael-grid-post-holder\">\n        <div class=\"eael-grid-post-holder-inner\"><div class=\"eael-entry-media eael-entry-medianone\"><div class=\"eael-entry-overlay fade-in\"><div class='eael-entry-wrapper-fade-in'><div class=\"eael-entry-wrapper\"><header class=\"eael-entry-header\"><a class=\"eael-grid-post-link\" href=\"https:\/\/whatsmusic.de\/fr\/music-press-release\/neuer-atmospharischer-rock-mit-female-vocals-crimson-roots-the-crossing\/\" title=\"Neuer atmosph\u00e4rischer Rock mit Female Vocals \u2013 Crimson Roots \u2013 \u201eThe Crossing\u201c\"><h3 class=\"eael-entry-title\">Neuer atmosph\u00e4rischer Rock mit Female Vocals \u2013 Crimson Roots \u2013 \u201eThe Crossing\u201c<\/a><\/h3><\/header><\/div><div class=\"eael-entry-content\">\n\t\t\t\t<div class=\"eael-grid-post-excerpt\"><\/div>\n\t\t\t<\/div><\/div><a href=\"https:\/\/whatsmusic.de\/fr\/music-press-release\/neuer-atmospharischer-rock-mit-female-vocals-crimson-roots-the-crossing\/\"><\/a><\/div><div class=\"eael-entry-thumbnail eael-image-ratio\">\n                    <img decoding=\"async\" src=\"https:\/\/whatsmusic.de\/wp-content\/uploads\/2026\/05\/PR_02_The_Crossing_Crimson_Roots_2026-300x192.webp\" alt=\"\">\n                <\/div><\/div><\/div><\/div><\/article><\/div><div class=\"swiper-slide\"><article class=\"eael-grid-post eael-post-grid-column\">\n    <div class=\"eael-grid-post-holder\">\n        <div class=\"eael-grid-post-holder-inner\"><div class=\"eael-entry-media eael-entry-medianone\"><div class=\"eael-entry-overlay fade-in\"><div class='eael-entry-wrapper-fade-in'><div class=\"eael-entry-wrapper\"><header class=\"eael-entry-header\"><a class=\"eael-grid-post-link\" href=\"https:\/\/whatsmusic.de\/fr\/music-press-release\/the-ashley-sisters-make-history-on-music-row-with-heartless\/\" title=\"The Ashley Sisters Make History on Music Row with \u00ab\u00a0Heartless\u00a0\u00bb\"><h3 class=\"eael-entry-title\">The Ashley Sisters Make History on Music Row with \u00ab\u00a0Heartless\u00a0\u00bb<\/a><\/h3><\/header><\/div><div class=\"eael-entry-content\">\n\t\t\t\t<div class=\"eael-grid-post-excerpt\"><\/div>\n\t\t\t<\/div><\/div><a href=\"https:\/\/whatsmusic.de\/fr\/music-press-release\/the-ashley-sisters-make-history-on-music-row-with-heartless\/\"><\/a><\/div><div class=\"eael-entry-thumbnail eael-image-ratio\">\n                    <img decoding=\"async\" src=\"https:\/\/whatsmusic.de\/wp-content\/uploads\/2026\/04\/heartless-alt-promo-photo-200x300.webp\" alt=\"\">\n                <\/div><\/div><\/div><\/div><\/article><\/div><div class=\"swiper-slide\"><article class=\"eael-grid-post eael-post-grid-column\">\n    <div class=\"eael-grid-post-holder\">\n        <div class=\"eael-grid-post-holder-inner\"><div class=\"eael-entry-media eael-entry-medianone\"><div class=\"eael-entry-overlay fade-in\"><div class='eael-entry-wrapper-fade-in'><div class=\"eael-entry-wrapper\"><header class=\"eael-entry-header\"><a class=\"eael-grid-post-link\" href=\"https:\/\/whatsmusic.de\/fr\/music-press-release\/ki-schmeist-die-songwriter-raus-die-ziemlich-gute-band-lasst-die-katze-aus-dem-sack\/\" title=\"KI schmei\u00dft die Songwriter raus \u2013 \u201eDie ziemlich gute Band\u201c l\u00e4sst die Katze aus dem Sack\"><h3 class=\"eael-entry-title\">KI schmei\u00dft die Songwriter raus \u2013 \u201eDie ziemlich gute Band\u201c l\u00e4sst die Katze aus dem Sack<\/a><\/h3><\/header><\/div><div class=\"eael-entry-content\">\n\t\t\t\t<div class=\"eael-grid-post-excerpt\"><\/div>\n\t\t\t<\/div><\/div><a href=\"https:\/\/whatsmusic.de\/fr\/music-press-release\/ki-schmeist-die-songwriter-raus-die-ziemlich-gute-band-lasst-die-katze-aus-dem-sack\/\"><\/a><\/div><div class=\"eael-entry-thumbnail eael-image-ratio\">\n                    <img decoding=\"async\" src=\"https:\/\/whatsmusic.de\/wp-content\/uploads\/2026\/04\/die-ziemlich-gute-band-meine-katze-hat-ein-lied-gemacht-pressefoto-300x219.webp\" alt=\"\">\n                <\/div><\/div><\/div><\/div><\/article><\/div><div class=\"swiper-slide\"><article class=\"eael-grid-post eael-post-grid-column\">\n    <div class=\"eael-grid-post-holder\">\n        <div class=\"eael-grid-post-holder-inner\"><div class=\"eael-entry-media eael-entry-medianone\"><div class=\"eael-entry-overlay fade-in\"><div class='eael-entry-wrapper-fade-in'><div class=\"eael-entry-wrapper\"><header class=\"eael-entry-header\"><a class=\"eael-grid-post-link\" href=\"https:\/\/whatsmusic.de\/fr\/music-press-release\/new-music-know-about-it-by-demitrius-marley\/\" title=\"New music \u00ab\u00a0Know About It\u00a0\u00bb by Demitrius Marley &#8211;\"><h3 class=\"eael-entry-title\">New music \u00ab\u00a0Know About It\u00a0\u00bb by Demitrius Marley &#8211;<\/a><\/h3><\/header><\/div><div class=\"eael-entry-content\">\n\t\t\t\t<div class=\"eael-grid-post-excerpt\"><\/div>\n\t\t\t<\/div><\/div><a href=\"https:\/\/whatsmusic.de\/fr\/music-press-release\/new-music-know-about-it-by-demitrius-marley\/\"><\/a><\/div><div class=\"eael-entry-thumbnail eael-image-ratio\">\n                    <img decoding=\"async\" src=\"https:\/\/whatsmusic.de\/wp-content\/uploads\/2026\/04\/2417-300x300.webp\" alt=\"\">\n                <\/div><\/div><\/div><\/div><\/article><\/div><div class=\"swiper-slide\"><article class=\"eael-grid-post eael-post-grid-column\">\n    <div class=\"eael-grid-post-holder\">\n        <div class=\"eael-grid-post-holder-inner\"><div class=\"eael-entry-media eael-entry-medianone\"><div class=\"eael-entry-overlay fade-in\"><div class='eael-entry-wrapper-fade-in'><div class=\"eael-entry-wrapper\"><header class=\"eael-entry-header\"><a class=\"eael-grid-post-link\" href=\"https:\/\/whatsmusic.de\/fr\/music-press-release\/valerie-skyler-x-aq-return-with-about-you-an-electro-pop-progressive-house-anthem-about-the-ache-of-forgetting\/\" title=\"Valerie Skyler x AQ Return with \u2018About You\u2019: An Electro-Pop \/ Progressive House Anthem About the Ache of Forgetting\"><h3 class=\"eael-entry-title\">Valerie Skyler x AQ Return with \u2018About You\u2019: An Electro-Pop \/ Progressive House Anthem About the Ache of Forgetting<\/a><\/h3><\/header><\/div><div class=\"eael-entry-content\">\n\t\t\t\t<div class=\"eael-grid-post-excerpt\"><\/div>\n\t\t\t<\/div><\/div><a href=\"https:\/\/whatsmusic.de\/fr\/music-press-release\/valerie-skyler-x-aq-return-with-about-you-an-electro-pop-progressive-house-anthem-about-the-ache-of-forgetting\/\"><\/a><\/div><div class=\"eael-entry-thumbnail eael-image-ratio\">\n                    <img decoding=\"async\" src=\"https:\/\/whatsmusic.de\/wp-content\/uploads\/2026\/03\/AboutYou-CoverARt-1-1-300x300.webp\" alt=\"\">\n                <\/div><\/div><\/div><\/div><\/article><\/div><div class=\"swiper-slide\"><article class=\"eael-grid-post eael-post-grid-column\">\n    <div class=\"eael-grid-post-holder\">\n        <div class=\"eael-grid-post-holder-inner\"><div class=\"eael-entry-media eael-entry-medianone\"><div class=\"eael-entry-overlay fade-in\"><div class='eael-entry-wrapper-fade-in'><div class=\"eael-entry-wrapper\"><header class=\"eael-entry-header\"><a class=\"eael-grid-post-link\" href=\"https:\/\/whatsmusic.de\/fr\/music-press-release\/self-made-by-ashton-mallory\/\" title=\"\u00ab\u00a0Self Made\u00a0\u00bb by Ashton Mallory\"><h3 class=\"eael-entry-title\">\u00ab\u00a0Self Made\u00a0\u00bb by Ashton Mallory<\/a><\/h3><\/header><\/div><div class=\"eael-entry-content\">\n\t\t\t\t<div class=\"eael-grid-post-excerpt\"><\/div>\n\t\t\t<\/div><\/div><a href=\"https:\/\/whatsmusic.de\/fr\/music-press-release\/self-made-by-ashton-mallory\/\"><\/a><\/div><div class=\"eael-entry-thumbnail eael-image-ratio\">\n                    <img decoding=\"async\" src=\"https:\/\/whatsmusic.de\/wp-content\/uploads\/2026\/03\/Ground-Zero-Cover-Art-300x300.webp\" alt=\"\">\n                <\/div><\/div><\/div><\/div><\/article><\/div><div class=\"swiper-slide\"><article class=\"eael-grid-post eael-post-grid-column\">\n    <div class=\"eael-grid-post-holder\">\n        <div class=\"eael-grid-post-holder-inner\"><div class=\"eael-entry-media eael-entry-medianone\"><div class=\"eael-entry-overlay fade-in\"><div class='eael-entry-wrapper-fade-in'><div class=\"eael-entry-wrapper\"><header class=\"eael-entry-header\"><a class=\"eael-grid-post-link\" href=\"https:\/\/whatsmusic.de\/fr\/music-press-release\/sonic-panda-releases-invisible-boy-an-emotional-and-surreal-take-on-isolation\/\" title=\"Sonic Panda releases Invisible Boy, an emotional and surreal take on isolation.\"><h3 class=\"eael-entry-title\">Sonic Panda releases Invisible Boy, an emotional and surreal take on isolation.<\/a><\/h3><\/header><\/div><div class=\"eael-entry-content\">\n\t\t\t\t<div class=\"eael-grid-post-excerpt\"><\/div>\n\t\t\t<\/div><\/div><a href=\"https:\/\/whatsmusic.de\/fr\/music-press-release\/sonic-panda-releases-invisible-boy-an-emotional-and-surreal-take-on-isolation\/\"><\/a><\/div><div class=\"eael-entry-thumbnail eael-image-ratio\">\n                    <img decoding=\"async\" src=\"https:\/\/whatsmusic.de\/wp-content\/uploads\/2026\/03\/IB-web-300x300.webp\" alt=\"\">\n                <\/div><\/div><\/div><\/div><\/article><\/div><div class=\"swiper-slide\"><article class=\"eael-grid-post eael-post-grid-column\">\n    <div class=\"eael-grid-post-holder\">\n        <div class=\"eael-grid-post-holder-inner\"><div class=\"eael-entry-media eael-entry-medianone\"><div class=\"eael-entry-overlay fade-in\"><div class='eael-entry-wrapper-fade-in'><div class=\"eael-entry-wrapper\"><header class=\"eael-entry-header\"><a class=\"eael-grid-post-link\" href=\"https:\/\/whatsmusic.de\/fr\/music-press-release\/alday-blue-from-independent-force-to-international-superstar\/\" title=\"Alday Blue: From Independent Force to International Superstar\"><h3 class=\"eael-entry-title\">Alday Blue: From Independent Force to International Superstar<\/a><\/h3><\/header><\/div><div class=\"eael-entry-content\">\n\t\t\t\t<div class=\"eael-grid-post-excerpt\"><\/div>\n\t\t\t<\/div><\/div><a href=\"https:\/\/whatsmusic.de\/fr\/music-press-release\/alday-blue-from-independent-force-to-international-superstar\/\"><\/a><\/div><div class=\"eael-entry-thumbnail eael-image-ratio\">\n                    <img decoding=\"async\" src=\"https:\/\/whatsmusic.de\/wp-content\/uploads\/2026\/02\/1000509373-1-149x300.webp\" alt=\"\">\n                <\/div><\/div><\/div><\/div><\/article><\/div>                <\/div>\n            <\/div>\n            <div class=\"clearfix\"><\/div>\n\t\t\t\t\t\t            <!-- Add Arrows -->\n            <div class=\"swiper-button-next swiper-button-next-2b15f01\">\n                <i class=\"fa fa-angle-right\"><\/i>\n            <\/div>\n            <div class=\"swiper-button-prev swiper-button-prev-2b15f01\">\n                <i class=\"fa fa-angle-left\"><\/i>\n            <\/div>\n\t\t\t        <\/div>\n\t\t\t\t\t\t<\/div>\n\t\t\t\t<\/div>\n\t\t\t\t\t<\/div>\n\t\t\t\t<\/div>\n\t\t\t\t<\/div>\n\t\t","protected":false},"excerpt":{"rendered":"<p>Fais conna\u00eetre ta musique \u00e0 notre public d\u00e9vou\u00e9, stimule ta pr\u00e9sence en ligne gr\u00e2ce aux avantages du r\u00e9f\u00e9rencement, et profite d&rsquo;une exposition gratuite gr\u00e2ce \u00e0 nos soumissions d&rsquo;interviews.<br \/>\nRejoins une communaut\u00e9 qui te soutient, obtiens des rubriques sur mesure et obtiens un impact opportun et durable.<br \/>\nSoumettre des articles \u00e0 notre blog t&rsquo;aide \u00e0 construire une pr\u00e9sence durable et \u00e0 cr\u00e9er de nouvelles opportunit\u00e9s pour ta carri\u00e8re musicale.  <\/p>\n","protected":false},"author":3,"featured_media":545293,"parent":0,"menu_order":0,"comment_status":"closed","ping_status":"closed","template":"","meta":{"_acf_changed":false,"footnotes":""},"class_list":["post-545339","page","type-page","status-publish","has-post-thumbnail","hentry"],"acf":[],"_links":{"self":[{"href":"https:\/\/whatsmusic.de\/fr\/wp-json\/wp\/v2\/pages\/545339","targetHints":{"allow":["GET"]}}],"collection":[{"href":"https:\/\/whatsmusic.de\/fr\/wp-json\/wp\/v2\/pages"}],"about":[{"href":"https:\/\/whatsmusic.de\/fr\/wp-json\/wp\/v2\/types\/page"}],"author":[{"embeddable":true,"href":"https:\/\/whatsmusic.de\/fr\/wp-json\/wp\/v2\/users\/3"}],"replies":[{"embeddable":true,"href":"https:\/\/whatsmusic.de\/fr\/wp-json\/wp\/v2\/comments?post=545339"}],"version-history":[{"count":4,"href":"https:\/\/whatsmusic.de\/fr\/wp-json\/wp\/v2\/pages\/545339\/revisions"}],"predecessor-version":[{"id":558324,"href":"https:\/\/whatsmusic.de\/fr\/wp-json\/wp\/v2\/pages\/545339\/revisions\/558324"}],"wp:featuredmedia":[{"embeddable":true,"href":"https:\/\/whatsmusic.de\/fr\/wp-json\/wp\/v2\/media\/545293"}],"wp:attachment":[{"href":"https:\/\/whatsmusic.de\/fr\/wp-json\/wp\/v2\/media?parent=545339"}],"curies":[{"name":"wp","href":"https:\/\/api.w.org\/{rel}","templated":true}]}}