{"id":558291,"date":"2024-10-05T23:09:37","date_gmt":"2024-10-05T21:09:37","guid":{"rendered":"https:\/\/whatsmusic.de\/generateur-gratuit-de-critiques-de-chansons-et-depk-whatsmusicepk\/"},"modified":"2024-11-21T16:42:56","modified_gmt":"2024-11-21T15:42:56","slug":"generateur-gratuit-de-critiques-de-chansons-et-depk-whatsmusicepk","status":"publish","type":"page","link":"https:\/\/whatsmusic.de\/fr\/generateur-gratuit-de-critiques-de-chansons-et-depk-whatsmusicepk\/","title":{"rendered":"G\u00e9n\u00e9rateur gratuit de critiques de chansons et d&rsquo;EPK &#8211; WhatsMusicEPK"},"content":{"rendered":"\t\t<div data-elementor-type=\"wp-page\" data-elementor-id=\"558291\" class=\"elementor elementor-558291 elementor-557703\">\n\t\t\t\t<div data-particle_enable=\"false\" data-particle-mobile-disabled=\"false\" class=\"elementor-element elementor-element-76dca73 e-flex e-con-boxed e-con e-parent\" data-id=\"76dca73\" data-element_type=\"container\">\n\t\t\t\t\t<div class=\"e-con-inner\">\n\t\t\t\t<div class=\"elementor-element elementor-element-a234e60 elementor-widget elementor-widget-heading\" data-id=\"a234e60\" data-element_type=\"widget\" data-widget_type=\"heading.default\">\n\t\t\t\t<div class=\"elementor-widget-container\">\n\t\t\t\t\t<h2 class=\"elementor-heading-title elementor-size-default\"><strong>G\u00e9n\u00e9rateur gratuit de critiques de chansons et d'EPK par WhatsMusicEPK<\/strong>\n<\/h2>\t\t\t\t<\/div>\n\t\t\t\t<\/div>\n\t\t\t\t\t<\/div>\n\t\t\t\t<\/div>\n\t\t<div data-particle_enable=\"false\" data-particle-mobile-disabled=\"false\" class=\"elementor-element elementor-element-0cf9127 e-flex e-con-boxed e-con e-parent\" data-id=\"0cf9127\" data-element_type=\"container\">\n\t\t\t\t\t<div class=\"e-con-inner\">\n\t\t\t\t<div class=\"elementor-element elementor-element-a592945 elementor-widget elementor-widget-shortcode\" data-id=\"a592945\" data-element_type=\"widget\" data-widget_type=\"shortcode.default\">\n\t\t\t\t<div class=\"elementor-widget-container\">\n\t\t\t\t\t\t\t<div class=\"elementor-shortcode\">    <div id=\"spotify-search-container\">\n        <label class=\"screen-reader-text\" for=\"spotify-search-input\">\n            Search for a song or artist        <\/label>\n        <input\n            type=\"text\"\n            id=\"spotify-search-input\"\n            class=\"spotify-search-input\"\n            placeholder=\"Recherche une chanson ou un artiste...\"\n            autocomplete=\"off\"\n        \/>\n        <div id=\"spotify-loader\" class=\"spotify-loader\" hidden>\n            <div class=\"loader\" aria-hidden=\"true\"><\/div>\n            <div class=\"loader-text\">Loading\u2026<\/div>\n        <\/div>\n        <div id=\"spotify-suggestions\" class=\"spotify-suggestions\" aria-live=\"polite\"><\/div>\n        <div id=\"spotify-details\" class=\"spotify-details\"><\/div>\n    <\/div>\n    <\/div>\n\t\t\t\t\t\t<\/div>\n\t\t\t\t<\/div>\n\t\t\t\t\t<\/div>\n\t\t\t\t<\/div>\n\t\t<div data-particle_enable=\"false\" data-particle-mobile-disabled=\"false\" class=\"elementor-element elementor-element-4e1cbf0b e-flex e-con-boxed e-con e-parent\" data-id=\"4e1cbf0b\" data-element_type=\"container\">\n\t\t\t\t\t<div class=\"e-con-inner\">\n\t\t\t\t<div class=\"elementor-element elementor-element-b4fdb7e elementor-widget elementor-widget-text-editor\" data-id=\"b4fdb7e\" data-element_type=\"widget\" data-widget_type=\"text-editor.default\">\n\t\t\t\t<div class=\"elementor-widget-container\">\n\t\t\t\t\t\t\t\t\t<h3><strong>\u00c0 propos de WhatsMusicEPK<\/strong><\/h3>\n<p>Ta solution tout-en-un pour les critiques de chansons et les dossiers de presse \u00e9lectroniques<\/p>\n<p>WhatsMusicEPK est l&rsquo;outil ultime pour les musiciens, les blogueurs musicaux et les passionn\u00e9s qui cherchent \u00e0 cr\u00e9er un contenu \u00e9poustouflant et riche en donn\u00e9es sans effort. Ce g\u00e9n\u00e9rateur de critiques de chansons et outil de kit de presse \u00e9lectronique (EPK) gratuit fournit tout ce dont tu as besoin pour mettre en valeur tes morceaux et captiver ton public. <\/p>\n<h4><strong>Que peut faire WhatsMusicEPK pour toi ?<\/strong><\/h4>\n<p><img loading=\"lazy\" decoding=\"async\" class=\"wp-image-558264 alignright\" src=\"https:\/\/whatsmusic.de\/wp-content\/uploads\/2024\/11\/WhatsMusicEPK-Grid-300x300.webp\" alt=\"\" width=\"217\" height=\"217\" srcset=\"https:\/\/whatsmusic.de\/wp-content\/uploads\/2024\/11\/WhatsMusicEPK-Grid-300x300.webp 300w, https:\/\/whatsmusic.de\/wp-content\/uploads\/2024\/11\/WhatsMusicEPK-Grid-150x150.webp 150w, https:\/\/whatsmusic.de\/wp-content\/uploads\/2024\/11\/WhatsMusicEPK-Grid-768x768.webp 768w, https:\/\/whatsmusic.de\/wp-content\/uploads\/2024\/11\/WhatsMusicEPK-Grid-100x100.webp 100w, https:\/\/whatsmusic.de\/wp-content\/uploads\/2024\/11\/WhatsMusicEPK-Grid.webp 1024w\" sizes=\"auto, (max-width: 217px) 100vw, 217px\" \/><\/p>\n<ul>\n<li><strong>G\u00e9n\u00e8re instantan\u00e9ment des critiques de chansons d\u00e9taill\u00e9es :<\/strong> Cr\u00e9e des critiques de chansons professionnelles et engageantes aliment\u00e9es par une IA avanc\u00e9e pour n&rsquo;importe quel titre disponible sur Spotify.<\/li>\n<li><strong>Obtenir des d\u00e9tails complets sur les morceaux :<\/strong> Affiche des informations essentielles comme les noms des artistes, les titres des albums, les ann\u00e9es de sortie, les dur\u00e9es, les tempos, les tonalit\u00e9s, les ambiances, et plus encore, toutes tir\u00e9es directement de Spotify.<\/li>\n<li><strong>Contenu visuellement riche :<\/strong> Am\u00e9liore ta page avec des couvertures d&rsquo;albums de haute qualit\u00e9 et des critiques de chansons perspicaces et \u00e0 forte r\u00e9sonance \u00e9motionnelle.<\/li>\n<li><strong>Partage et explore :<\/strong> Partage facilement tes morceaux, consulte les analyses et d\u00e9couvre des chansons similaires pour maintenir l&rsquo;int\u00e9r\u00eat de ton public.<\/li>\n<\/ul>\n<h4><strong>Pourquoi choisir WhatsMusicEPK ?<\/strong><\/h4>\n<ul>\n<li><strong>Parfait pour les musiciens et les blogueurs musicaux :<\/strong> Adapt\u00e9 aux personnes et aux marques qui cherchent \u00e0 amplifier leur pr\u00e9sence en ligne gr\u00e2ce \u00e0 un contenu musical captivant.<\/li>\n<li><strong>Int\u00e9gration transparente avec Spotify :<\/strong> Nos puissantes int\u00e9grations API garantissent des donn\u00e9es pr\u00e9cises et \u00e0 jour \u00e0 chaque fois.<\/li>\n<li><strong>Conception \u00e9l\u00e9gante et personnalisable :<\/strong> Fais correspondre l&rsquo;aspect et la convivialit\u00e9 de ton site Web avec notre design convivial.<\/li>\n<li><strong>Stimule le r\u00e9f\u00e9rencement et l&rsquo;engagement :<\/strong> Attire plus de trafic gr\u00e2ce \u00e0 un contenu dynamique et optimis\u00e9 pour le r\u00e9f\u00e9rencement, adapt\u00e9 aux fans de musique et aux professionnels de l&rsquo;industrie.<\/li>\n<\/ul>\n<h4><strong>Commence avec WhatsMusicEPK d\u00e8s aujourd&rsquo;hui !<\/strong><\/h4>\n<p>Que tu sois un artiste en train de constituer ton dossier de presse, un blogueur en train d&rsquo;\u00e9crire sur les derniers hits, ou un passionn\u00e9 de musique cherchant \u00e0 partager ses morceaux pr\u00e9f\u00e9r\u00e9s, WhatsMusicEPK te permet de cr\u00e9er du contenu engageant et partageable sans effort.<\/p>\n<p>Fais passer ta promotion musicale et ta strat\u00e9gie de contenu au niveau sup\u00e9rieur avec WhatsMusicEPK, ton outil gratuit de r\u00e9f\u00e9rence pour les critiques de chansons et la cr\u00e9ation d&rsquo;EPK.<\/p>\n<h3><strong>Critiques de chansons et dossiers de presse \u00e9lectroniques : Un combo indispensable pour les musiciens<\/strong><\/h3>\n<p>Dans l&rsquo;industrie musicale toujours comp\u00e9titive, les <strong>critiques de chansons<\/strong> et les <strong>dossiers de presse \u00e9lectroniques (EPK)<\/strong> sont deux outils essentiels dont chaque artiste a besoin pour se d\u00e9marquer. Que tu sois un musicien ind\u00e9pendant ou sign\u00e9 par un label, ces \u00e9l\u00e9ments peuvent consid\u00e9rablement augmenter ta visibilit\u00e9 et ta cr\u00e9dibilit\u00e9, en t&rsquo;aidant \u00e0 entrer en contact avec le public et les professionnels de l&rsquo;industrie. <\/p>\n<h4><strong>Pourquoi les critiques de chansons sont-elles importantes ?<\/strong><\/h4>\n<p>Les critiques de chansons sont un \u00e9l\u00e9ment essentiel de ta strat\u00e9gie de marketing musical. Voici pourquoi : <\/p>\n<ol>\n<li><strong>Visibilit\u00e9 accrue<\/strong>: Les critiques publi\u00e9es sur des blogs, des magazines ou des plateformes musicales comme WhatsMusic.de peuvent mettre tes chansons devant des milliers d&rsquo;auditeurs potentiels.<\/li>\n<li><strong>Cr\u00e9dibilit\u00e9<\/strong>: Les commentaires positifs provenant de sources r\u00e9put\u00e9es ajoutent une couche d&rsquo;authenticit\u00e9 \u00e0 ton travail, ce qui le rend plus attrayant pour les nouveaux fans et les initi\u00e9s de l&rsquo;industrie.<\/li>\n<li><strong>Des commentaires pr\u00e9cieux<\/strong>: Les commentaires fournissent des id\u00e9es constructives qui peuvent t&rsquo;aider \u00e0 am\u00e9liorer ton art et \u00e0 mieux comprendre les pr\u00e9f\u00e9rences de ton public.<\/li>\n<li><strong>Avantages pour le r\u00e9f\u00e9rencement<\/strong>: Lorsque ta chanson fait l&rsquo;objet d&rsquo;une critique en ligne, elle augmente ta capacit\u00e9 \u00e0 \u00eatre d\u00e9couverte dans les moteurs de recherche, surtout si la critique inclut ton nom, le titre de la chanson et des mots-cl\u00e9s comme ton genre ou ton style unique.<\/li>\n<\/ol>\n<h4><strong>Qu&rsquo;est-ce qu&rsquo;un dossier de presse \u00e9lectronique (EPK) ?<\/strong><\/h4>\n<p>Un <strong>dossier de presse \u00e9lectronique (EPK)<\/strong> est ton CV musical professionnel. C&rsquo;est un portfolio num\u00e9rique con\u00e7u pour donner aux promoteurs, aux m\u00e9dias et aux collaborateurs potentiels tout ce qu&rsquo;ils doivent savoir sur toi. <\/p>\n<h4><strong>\u00c9l\u00e9ments cl\u00e9s d&rsquo;un EPK professionnel<\/strong><\/h4>\n<ol>\n<li><strong>Biographie<\/strong>: Une histoire concise mais engageante de qui tu es et de ce qui rend ta musique unique.<\/li>\n<li><strong>Images de haute qualit\u00e9<\/strong>: Des photos professionnelles pour les m\u00e9dias et l&rsquo;utilisation promotionnelle.<\/li>\n<li><strong>\u00c9chantillons de musique<\/strong>: Liens vers tes meilleurs morceaux ou vid\u00e9os.<\/li>\n<li><strong>Couverture m\u00e9diatique<\/strong>: Inclure des liens vers des critiques, des interviews et des articles.<\/li>\n<li><strong>Informations sur les contacts<\/strong>: Assure-toi que les agents de r\u00e9servation et les journalistes peuvent te joindre facilement.<\/li>\n<li><strong>Liens vers les m\u00e9dias sociaux<\/strong>: Mets en valeur ta pr\u00e9sence en ligne et l&rsquo;engagement de tes fans.<\/li>\n<\/ol>\n<h4><strong>Comment les critiques de chansons et les EPKs fonctionnent ensemble<\/strong><\/h4>\n<p>Lorsqu&rsquo;ils sont combin\u00e9s, les commentaires sur les chansons et les EPK cr\u00e9ent une puissante synergie. L&rsquo;ajout de critiques \u00e0 ton EPK d\u00e9montre la qualit\u00e9 de ta musique et l&rsquo;impact qu&rsquo;elle a sur les auditeurs. Les collaborateurs potentiels ou les salles de concert sont plus susceptibles de te prendre au s\u00e9rieux lorsqu&rsquo;ils voient des critiques cr\u00e9dibles.  <\/p>\n<h4><strong>O\u00f9 obtenir des critiques de chansons et de l&rsquo;aide pour les EPK<\/strong><\/h4>\n<p>Des plateformes comme <strong>WhatsMusic.de<\/strong> sont sp\u00e9cialis\u00e9es dans la fourniture de services complets pour les musiciens. Des <strong>interviews gratuites d&rsquo;artistes<\/strong> aux outils tels qu&rsquo;un <strong>g\u00e9n\u00e9rateur de pochettes d&rsquo;album en ligne<\/strong>, WhatsMusic.de aide les artistes \u00e0 briller. En tirant parti de ces services, tu peux cr\u00e9er une pr\u00e9sence professionnelle et amplifier ta port\u00e9e.  <\/p>\n<hr>\n<p>Si tu veux vraiment faire avancer ta carri\u00e8re musicale, il est essentiel d&rsquo;investir dans des <strong>critiques de chansons de<\/strong> haute qualit\u00e9 et dans un <strong>dossier de presse \u00e9lectronique<\/strong> professionnel. Ces outils permettent non seulement d&rsquo;am\u00e9liorer ta r\u00e9putation, mais aussi d&rsquo;ouvrir des portes \u00e0 de nouvelles opportunit\u00e9s dans l&rsquo;industrie musicale. <\/p>\n<p>Garde une longueur d&rsquo;avance &#8211; commence \u00e0 construire ta pr\u00e9sence dans la presse d\u00e8s aujourd&rsquo;hui !<\/p>\n\t\t\t\t\t\t\t\t<\/div>\n\t\t\t\t<\/div>\n\t\t\t\t\t<\/div>\n\t\t\t\t<\/div>\n\t\t\t\t<\/div>\n\t\t","protected":false},"excerpt":{"rendered":"<p>Cr\u00e9e des critiques de chansons et des dossiers de presse \u00e9lectroniques \u00e9poustouflants sans effort avec WhatsMusicEPK. R\u00e9cup\u00e8re les d\u00e9tails des morceaux Spotify, g\u00e9n\u00e8re des critiques aliment\u00e9es par l&rsquo;IA et stimule l&rsquo;engagement avec un contenu musical visuellement riche et optimis\u00e9 pour le r\u00e9f\u00e9rencement. Parfait pour les musiciens, les blogueurs et les passionn\u00e9s de musique !  <\/p>\n","protected":false},"author":3,"featured_media":0,"parent":0,"menu_order":0,"comment_status":"closed","ping_status":"closed","template":"","meta":{"_acf_changed":false,"footnotes":""},"class_list":["post-558291","page","type-page","status-publish","hentry"],"acf":[],"_links":{"self":[{"href":"https:\/\/whatsmusic.de\/fr\/wp-json\/wp\/v2\/pages\/558291","targetHints":{"allow":["GET"]}}],"collection":[{"href":"https:\/\/whatsmusic.de\/fr\/wp-json\/wp\/v2\/pages"}],"about":[{"href":"https:\/\/whatsmusic.de\/fr\/wp-json\/wp\/v2\/types\/page"}],"author":[{"embeddable":true,"href":"https:\/\/whatsmusic.de\/fr\/wp-json\/wp\/v2\/users\/3"}],"replies":[{"embeddable":true,"href":"https:\/\/whatsmusic.de\/fr\/wp-json\/wp\/v2\/comments?post=558291"}],"version-history":[{"count":2,"href":"https:\/\/whatsmusic.de\/fr\/wp-json\/wp\/v2\/pages\/558291\/revisions"}],"predecessor-version":[{"id":558303,"href":"https:\/\/whatsmusic.de\/fr\/wp-json\/wp\/v2\/pages\/558291\/revisions\/558303"}],"wp:attachment":[{"href":"https:\/\/whatsmusic.de\/fr\/wp-json\/wp\/v2\/media?parent=558291"}],"curies":[{"name":"wp","href":"https:\/\/api.w.org\/{rel}","templated":true}]}}