{"id":533435,"date":"2024-06-23T16:10:46","date_gmt":"2024-06-23T14:10:46","guid":{"rendered":"https:\/\/whatsmusic.de\/product\/programme-daffiliation-fiverr-pour-les-musiciens\/"},"modified":"2024-06-23T16:10:46","modified_gmt":"2024-06-23T14:10:46","slug":"programme-daffiliation-fiverr-pour-les-musiciens","status":"publish","type":"product","link":"https:\/\/whatsmusic.de\/fr\/produit\/programme-daffiliation-fiverr-pour-les-musiciens\/","title":{"rendered":"Programme d&rsquo;affiliation Fiverr pour les musiciens"},"content":{"rendered":"<h2><strong>Gagnez de l&rsquo;argent en partageant votre amour de la musique avec le programme d&rsquo;affiliation Fiverr<\/strong><\/h2>\n<p>Vous \u00eates un musicien talentueux et vous avez du mal \u00e0 gagner votre vie ? Vous n&rsquo;\u00eates pas seul. De nombreux musiciens sont confront\u00e9s \u00e0 des difficult\u00e9s financi\u00e8res qui les emp\u00eachent de poursuivre leur carri\u00e8re. Chez WhatsMusic.de, nous comprenons parfaitement ces probl\u00e8mes. Nous voulons vous aider \u00e0 gagner de l&rsquo;argent avec votre musique gr\u00e2ce au programme d&rsquo;affiliation de Fiverr, en vous offrant le soutien et les outils dont vous avez besoin pour cr\u00e9er un flux de revenus stable et gratifiant. Notre objectif est de permettre \u00e0 des musiciens comme vous de prosp\u00e9rer dans l&rsquo;industrie musicale.<\/p>\n<p>En Allemagne, de nombreux musiciens gagnent beaucoup moins que la moyenne nationale. Environ 70 % ne gagnent pas d&rsquo;argent avec leur musique, et seulement 3 \u00e0 5 % gagnent plus de 20 000 euros par an. La crise du co\u00fbt de la vie et la pand\u00e9mie ont aggrav\u00e9 la situation, entra\u00eenant des revenus impr\u00e9visibles et un stress accru.<\/p>\n<h4>Pr\u00e9sentation du programme d&rsquo;affiliation Fiverr pour les musiciens<\/h4>\n<p>Le programme d&rsquo;affiliation des musiciens de Fiverr offre une solution. Fiverr est une plateforme sur laquelle des ind\u00e9pendants proposent des services tels que la production musicale, l&rsquo;\u00e9criture de chansons et le mixage. En tant que musicien, vous pouvez toucher des commissions en recommandant Fiverr \u00e0 d&rsquo;autres personnes. En promouvant les services de Fiverr, vous touchez une commission pour chaque nouvel acheteur qui s&rsquo;inscrit via votre lien, cr\u00e9ant ainsi un flux de revenus passifs en compl\u00e9ment de vos revenus musicaux principaux.<\/p>\n<h3><strong>Comment s&rsquo;inscrire et maximiser ses gains ?<\/strong><\/h3>\n<p><img loading=\"lazy\" decoding=\"async\" class=\" wp-image-519291 alignright\" src=\"https:\/\/whatsmusic.de\/wp-content\/uploads\/2024\/06\/Fiverr-Affiliate-Program2-300x300.webp\" alt=\"image de pr\u00e9sentation pour votre article de blog sur le fait de gagner de l'argent en partageant votre amour de la musique gr\u00e2ce au programme d'affiliation Fiverr pour les musiciens.\" width=\"200\" height=\"200\" srcset=\"https:\/\/whatsmusic.de\/wp-content\/uploads\/2024\/06\/Fiverr-Affiliate-Program2-300x300.webp 300w, https:\/\/whatsmusic.de\/wp-content\/uploads\/2024\/06\/Fiverr-Affiliate-Program2-100x100.webp 100w, https:\/\/whatsmusic.de\/wp-content\/uploads\/2024\/06\/Fiverr-Affiliate-Program2-150x150.webp 150w, https:\/\/whatsmusic.de\/wp-content\/uploads\/2024\/06\/Fiverr-Affiliate-Program2-768x768.webp 768w, https:\/\/whatsmusic.de\/wp-content\/uploads\/2024\/06\/Fiverr-Affiliate-Program2.webp 1024w\" sizes=\"auto, (max-width: 200px) 100vw, 200px\" \/>Rejoindre le programme d&rsquo;affiliation de Fiverr est facile :<\/p>\n<ol>\n<li>Inscrivez-vous sur le <a href=\"https:\/\/go.fiverr.com\/visit\/?bta=312844brand=fiverraffiliates\" target=\"_blank\" rel=\"noopener sponsored\">site web de Fiverr Affiliates<\/a>.<\/li>\n<li>Obtenez vos liens de r\u00e9f\u00e9rence.<\/li>\n<li>Faites-en la promotion sur les m\u00e9dias sociaux, les blogs ou les sites web pour toucher des commissions.<\/li>\n<\/ol>\n<p>Utilisez les plateformes de m\u00e9dias sociaux comme Instagram, TikTok et YouTube pour partager vos liens. Cr\u00e9ez du contenu attrayant comme des tutoriels, des vid\u00e9os en coulisses ou des critiques musicales pour attirer les utilisateurs potentiels de Fiverr. Entrez en contact avec d&rsquo;autres musiciens et clients potentiels dans des communaut\u00e9s en ligne afin de nouer des relations et d&rsquo;instaurer un climat de confiance.<\/p>\n<p>Transformez votre passion pour la musique en revenus r\u00e9guliers gr\u00e2ce au <a href=\"https:\/\/whatsmusic.de\/musicianship\/fiverr-affiliate-program-for-musicians-turn-passion-into-profit\/\" rel=\"\">programme d&rsquo;affiliation Fiverr pour les musiciens<\/a>. Commencez d\u00e8s maintenant et faites fructifier votre amour de la musique ! Adh\u00e9rez d\u00e8s aujourd&rsquo;hui et faites le premier pas vers un avenir financier plus s\u00fbr.<\/p>\n","protected":false},"excerpt":{"rendered":"<p>Rejoignez le programme d&rsquo;affiliation des musiciens de Fiverr et gagnez un revenu suppl\u00e9mentaire en partageant votre amour de la musique ! Faites la promotion des services de Fiverr et recevez des commissions pour chaque nouvel acheteur qui s&rsquo;inscrit via votre lien. Transformez votre passion en une source de revenus r\u00e9guliers. Commencez maintenant et augmentez vos revenus !<\/p>\n","protected":false},"featured_media":532168,"template":"","meta":{"_acf_changed":false,"wds_primary_product_brand":0,"wds_primary_product_cat":0},"product_brand":[],"product_cat":[2742],"product_tag":[2971,2968,2969,2960,2962,2963,2961,2958,2970,2966,2972,2959,2964,2965,2967],"class_list":{"0":"post-533435","1":"product","2":"type-product","3":"status-publish","4":"has-post-thumbnail","6":"product_cat-gagner-de-largent-avec-la-musique-fr","7":"product_tag-communautes-en-ligne","8":"product_tag-contenu-sur-les-coulisses","9":"product_tag-critiques-musicales","10":"product_tag-gagner-de-largent-grace-a-la-musique","11":"product_tag-lecriture-de-chansons","12":"product_tag-mixage-de-musique","13":"product_tag-production-musicale","14":"product_tag-programme-daffiliation-fiverr","15":"product_tag-promotion-des-medias-sociaux","16":"product_tag-promouvoir-fiverr","17":"product_tag-revenus-des-musiciens-fr","18":"product_tag-revenus-des-musiciens","19":"product_tag-revenus-passifs-pour-les-musiciens","20":"product_tag-stabilite-financiere-pour-les-musiciens","21":"product_tag-tutoriels-musicaux","23":"first","24":"instock","25":"product-type-external"},"acf":[],"_links":{"self":[{"href":"https:\/\/whatsmusic.de\/fr\/wp-json\/wp\/v2\/product\/533435","targetHints":{"allow":["GET"]}}],"collection":[{"href":"https:\/\/whatsmusic.de\/fr\/wp-json\/wp\/v2\/product"}],"about":[{"href":"https:\/\/whatsmusic.de\/fr\/wp-json\/wp\/v2\/types\/product"}],"version-history":[{"count":0,"href":"https:\/\/whatsmusic.de\/fr\/wp-json\/wp\/v2\/product\/533435\/revisions"}],"wp:featuredmedia":[{"embeddable":true,"href":"https:\/\/whatsmusic.de\/fr\/wp-json\/wp\/v2\/media\/532168"}],"wp:attachment":[{"href":"https:\/\/whatsmusic.de\/fr\/wp-json\/wp\/v2\/media?parent=533435"}],"wp:term":[{"taxonomy":"product_brand","embeddable":true,"href":"https:\/\/whatsmusic.de\/fr\/wp-json\/wp\/v2\/product_brand?post=533435"},{"taxonomy":"product_cat","embeddable":true,"href":"https:\/\/whatsmusic.de\/fr\/wp-json\/wp\/v2\/product_cat?post=533435"},{"taxonomy":"product_tag","embeddable":true,"href":"https:\/\/whatsmusic.de\/fr\/wp-json\/wp\/v2\/product_tag?post=533435"}],"curies":[{"name":"wp","href":"https:\/\/api.w.org\/{rel}","templated":true}]}}