{"id":533440,"date":"2022-11-12T11:32:38","date_gmt":"2022-11-12T10:32:38","guid":{"rendered":"https:\/\/whatsmusic.de\/product\/conception-de-pochettes-dalbum-personnalisees-fiverr\/"},"modified":"2022-11-12T11:32:38","modified_gmt":"2022-11-12T10:32:38","slug":"conception-de-pochettes-dalbum-personnalisees-fiverr","status":"publish","type":"product","link":"https:\/\/whatsmusic.de\/fr\/produit\/conception-de-pochettes-dalbum-personnalisees-fiverr\/","title":{"rendered":"Conception de pochettes d&rsquo;album personnalis\u00e9es Fiverr"},"content":{"rendered":"<h2>Conception de pochettes d&rsquo;album personnalis\u00e9es Fiverr Album Cover Art<\/h2>\n<p>Bonjour, je m&rsquo;appelle Robert et je vends des pochettes d&rsquo;album personnalis\u00e9es sur Fiverr.<\/p>\n<p>En tant que graphiste et musicien, j&rsquo;ai beaucoup d&rsquo;exp\u00e9rience dans la cr\u00e9ation de pochettes d&rsquo;album professionnelles et attrayantes.<\/p>\n<p><img loading=\"lazy\" decoding=\"async\" class=\"size-medium wp-image-214671 alignleft\" src=\"https:\/\/whatsmusic.de\/wp-content\/uploads\/2022\/11\/album-cover-sketch-man-sample-fiverr-300x180.jpg\" alt=\"Conception avant\/apr\u00e8s de la photo \u00e0 la couverture de l'album\" width=\"300\" height=\"180\"><\/p>\n<p>Je comprends l&rsquo;importance d&rsquo;une belle pochette d&rsquo;album, et je veux vous aider \u00e0 en cr\u00e9er une qui repr\u00e9sente votre musique de la meilleure fa\u00e7on possible.<\/p>\n<p>En achetant ma prestation sur Fiverr, vous recevrez une pochette d&rsquo;album de haute qualit\u00e9 qui ne manquera pas de faire une bonne premi\u00e8re impression. Je travaillerai avec vous pour m&rsquo;assurer que la conception correspond exactement \u00e0 ce que vous recherchez, et je suis toujours disponible pour r\u00e9pondre \u00e0 vos questions.<\/p>\n<p>Si vous avez besoin d&rsquo;aide pour cr\u00e9er une superbe pochette d&rsquo;album, n&rsquo;h\u00e9sitez pas \u00e0 consulter mon site sur Fiverr. Je serais heureux de vous aider \u00e0 faire de votre vision une r\u00e9alit\u00e9. Je vous remercie pour le temps que vous m&rsquo;avez accord\u00e9.<\/p>\n<p>En tant que musicien, la pochette de votre album est l&rsquo;un des principaux moyens de repr\u00e9senter votre art. Je le comprends et je suis l\u00e0 pour vous aider \u00e0 cr\u00e9er une pochette d&rsquo;album personnalis\u00e9e qui refl\u00e8te votre style unique.<\/p>\n<p><img loading=\"lazy\" decoding=\"async\" class=\"size-medium wp-image-214673 alignright\" src=\"https:\/\/whatsmusic.de\/wp-content\/uploads\/2022\/11\/album-cover-sketch-band-the-creep-fiverr-300x180.jpg\" alt=\"\" width=\"300\" height=\"180\">Que vous recherchiez quelque chose de simple et d&rsquo;\u00e9l\u00e9gant ou quelque chose d&rsquo;audacieux, nous pouvons concevoir une pochette d&rsquo;album personnalis\u00e9e qui r\u00e9ponde \u00e0 vos besoins. Nous travaillons en \u00e9troite collaboration avec vous pour comprendre votre vision et cr\u00e9er un design que vous serez fier de partager avec le monde entier.<\/p>\n<p>Si vous \u00eates \u00e0 la recherche d&rsquo;une pochette d&rsquo;album personnalis\u00e9e qui se d\u00e9marque vraiment, ne cherchez pas plus loin que Custom Cover Design. Nous travaillerons avec vous pour cr\u00e9er un design unique qui refl\u00e8te parfaitement votre musique.<\/p>\n<div style=\"padding: 35px 0;\">\n<div style=\"width: 800px;\" class=\"wp-video\"><video class=\"wp-video-shortcode\" id=\"video-533440-1\" width=\"800\" height=\"450\" poster=\"https:\/\/whatsmusic.de\/wp-content\/uploads\/2022\/11\/Album-Cover-from-photo-before-after.jpg\" preload=\"metadata\" controls=\"controls\"><source type=\"video\/mp4\" src=\"https:\/\/whatsmusic.de\/wp-content\/uploads\/2022\/11\/Photo-to-album-cover-Design-fiverr_2.mp4?_=1\" \/><a href=\"https:\/\/whatsmusic.de\/wp-content\/uploads\/2022\/11\/Photo-to-album-cover-Design-fiverr_2.mp4\">https:\/\/whatsmusic.de\/wp-content\/uploads\/2022\/11\/Photo-to-album-cover-Design-fiverr_2.mp4<\/a><\/video><\/div>\n<\/div>\n<h2>Conception d&rsquo;une pochette d&rsquo;album qui attire l&rsquo;attention sur Fiverr<\/h2>\n<p><img loading=\"lazy\" decoding=\"async\" class=\"size-medium wp-image-214672 alignleft\" src=\"https:\/\/whatsmusic.de\/wp-content\/uploads\/2022\/11\/Album-Cover-from-photo-before-after-300x180.jpg\" alt=\"Conception avant\/apr\u00e8s de la photo \u00e0 la couverture de l'album\" width=\"300\" height=\"180\">La pochette de l&rsquo;album est une repr\u00e9sentation visuelle de votre musique et la premi\u00e8re image que vos auditeurs verront lorsqu&rsquo;ils prendront votre album. Il doit repr\u00e9senter artistiquement votre style et votre tonalit\u00e9 en tant que musicien.<\/p>\n<blockquote><p>Je prendrai votre musique et la transformerai en une superbe pochette d&rsquo;album. Je veillerai \u00e0 ce que les couleurs soient vives et \u00e0 ce que la conception g\u00e9n\u00e9rale attire l&rsquo;attention. Votre pochette d&rsquo;album sera unique en son genre et fera assur\u00e9ment tourner les t\u00eates.<\/p><\/blockquote>\n<p>La pochette d&rsquo;un album peut faire une grande diff\u00e9rence dans votre carri\u00e8re musicale. Elle peut vous aider \u00e0 vous d\u00e9marquer et \u00e0 faire une impression durable sur vos auditeurs. Une bonne pochette d&rsquo;album attirera l&rsquo;attention des fans potentiels et les convaincra de donner une chance \u00e0 votre musique.<\/p>\n<p>Investir dans une pochette d&rsquo;album de haute qualit\u00e9 est une d\u00e9cision judicieuse pour tout musicien s\u00e9rieux. Cela s&rsquo;av\u00e9rera payant \u00e0 long terme, en vous aidant \u00e0 construire une base de fans solide et loyale.<\/p>\n","protected":false},"excerpt":{"rendered":"<p>La pochette de l&rsquo;album est une repr\u00e9sentation visuelle de votre musique et la premi\u00e8re image que vos auditeurs verront lorsqu&rsquo;ils prendront votre album. Il doit repr\u00e9senter artistiquement votre style et votre tonalit\u00e9 en tant que musicien.<\/p>\n<blockquote><p>\u00ab\u00a0Je prendrai votre musique et la transformerai en une superbe pochette d&rsquo;album. Je m&rsquo;assurerai que les couleurs sont vives et que le design g\u00e9n\u00e9ral attire l&rsquo;attention. Votre pochette d&rsquo;album sera unique en son genre, et elle fera certainement tourner les t\u00eates.\u00a0\u00bb<\/p><\/blockquote>\n","protected":false},"featured_media":531025,"template":"","meta":{"_acf_changed":false,"wds_primary_product_brand":0,"wds_primary_product_cat":0},"product_brand":[],"product_cat":[2739],"product_tag":[3043,3035,3034,3046,3037,3036,3033,3042,3040,3039,3047,3045,3044,3038,3041],"class_list":{"0":"post-533440","1":"product","2":"type-product","3":"status-publish","4":"has-post-thumbnail","6":"product_cat-conception-de-la-couverture-de-lalbum","7":"product_tag-bonne-pochette-dalbum","8":"product_tag-conception-dune-pochette-dalbum-dans-photoshop","9":"product_tag-conception-dune-pochette-dalbum-professionnelle","10":"product_tag-conception-de-la-couverture","11":"product_tag-conception-de-la-pochette-dun-album-de-chansons","12":"product_tag-conception-de-pochettes-dalbum-fiverr","13":"product_tag-conception-de-pochettes-dalbums-de-musique","14":"product_tag-conception-de-pochettes-de-musique","15":"product_tag-conception-graphique-de-pochettes-dalbums","16":"product_tag-illustration-de-la-pochette-dalbum","17":"product_tag-la-pochette-animee","18":"product_tag-pochette-dalbum-fr","19":"product_tag-pochette-dalbum","20":"product_tag-refonte-de-la-pochette-de-lalbum","21":"product_tag-services-de-conception-de-pochettes-dalbum","23":"first","24":"instock","25":"taxable","26":"shipping-taxable","27":"product-type-external"},"acf":[],"_links":{"self":[{"href":"https:\/\/whatsmusic.de\/fr\/wp-json\/wp\/v2\/product\/533440","targetHints":{"allow":["GET"]}}],"collection":[{"href":"https:\/\/whatsmusic.de\/fr\/wp-json\/wp\/v2\/product"}],"about":[{"href":"https:\/\/whatsmusic.de\/fr\/wp-json\/wp\/v2\/types\/product"}],"version-history":[{"count":0,"href":"https:\/\/whatsmusic.de\/fr\/wp-json\/wp\/v2\/product\/533440\/revisions"}],"wp:featuredmedia":[{"embeddable":true,"href":"https:\/\/whatsmusic.de\/fr\/wp-json\/wp\/v2\/media\/531025"}],"wp:attachment":[{"href":"https:\/\/whatsmusic.de\/fr\/wp-json\/wp\/v2\/media?parent=533440"}],"wp:term":[{"taxonomy":"product_brand","embeddable":true,"href":"https:\/\/whatsmusic.de\/fr\/wp-json\/wp\/v2\/product_brand?post=533440"},{"taxonomy":"product_cat","embeddable":true,"href":"https:\/\/whatsmusic.de\/fr\/wp-json\/wp\/v2\/product_cat?post=533440"},{"taxonomy":"product_tag","embeddable":true,"href":"https:\/\/whatsmusic.de\/fr\/wp-json\/wp\/v2\/product_tag?post=533440"}],"curies":[{"name":"wp","href":"https:\/\/api.w.org\/{rel}","templated":true}]}}