{"id":532731,"date":"2021-11-19T23:13:30","date_gmt":"2021-11-19T22:13:30","guid":{"rendered":"https:\/\/whatsmusic.de\/intervista-allartista-presenta-la-tua-musica\/"},"modified":"2024-11-22T21:07:53","modified_gmt":"2024-11-22T20:07:53","slug":"intervista-allartista-presenta-la-tua-musica","status":"publish","type":"page","link":"https:\/\/whatsmusic.de\/it\/intervista-allartista-presenta-la-tua-musica\/","title":{"rendered":"Intervista all&#8217;artista &#8211; Presenta la tua musica"},"content":{"rendered":"\t\t<div data-elementor-type=\"wp-page\" data-elementor-id=\"532731\" class=\"elementor elementor-532731 elementor-59872\">\n\t\t\t\t<div data-particle_enable=\"false\" data-particle-mobile-disabled=\"false\" class=\"elementor-element elementor-element-d1e126a e-con-full e-flex e-con e-parent\" data-id=\"d1e126a\" data-element_type=\"container\" data-settings=\"{&quot;background_background&quot;:&quot;classic&quot;}\">\n\t\t<div data-particle_enable=\"false\" data-particle-mobile-disabled=\"false\" class=\"elementor-element elementor-element-bf1c52a e-flex e-con-boxed e-con e-child\" data-id=\"bf1c52a\" data-element_type=\"container\" data-settings=\"{&quot;background_background&quot;:&quot;classic&quot;}\">\n\t\t\t\t\t<div class=\"e-con-inner\">\n\t\t<div data-particle_enable=\"false\" data-particle-mobile-disabled=\"false\" class=\"elementor-element elementor-element-0f02fc9 e-con-full e-flex e-con e-child\" data-id=\"0f02fc9\" data-element_type=\"container\" data-settings=\"{&quot;background_background&quot;:&quot;classic&quot;}\">\n\t\t<div data-particle_enable=\"false\" data-particle-mobile-disabled=\"false\" class=\"elementor-element elementor-element-b2132ce e-flex e-con-boxed e-con e-child\" data-id=\"b2132ce\" data-element_type=\"container\" data-settings=\"{&quot;background_background&quot;:&quot;classic&quot;}\">\n\t\t\t\t\t<div class=\"e-con-inner\">\n\t\t\t\t<div class=\"elementor-element elementor-element-f5e7129 elementor-widget elementor-widget-heading\" data-id=\"f5e7129\" data-element_type=\"widget\" data-widget_type=\"heading.default\">\n\t\t\t\t<div class=\"elementor-widget-container\">\n\t\t\t\t\t<div class=\"elementor-heading-title elementor-size-default\">Aggiungi qui il testo del titolo<\/div>\t\t\t\t<\/div>\n\t\t\t\t<\/div>\n\t\t\t\t\t<\/div>\n\t\t\t\t<\/div>\n\t\t\t\t<\/div>\n\t\t<div data-particle_enable=\"false\" data-particle-mobile-disabled=\"false\" class=\"elementor-element elementor-element-dadd1ba e-flex e-con-boxed e-con e-child\" data-id=\"dadd1ba\" data-element_type=\"container\" data-settings=\"{&quot;background_background&quot;:&quot;classic&quot;}\">\n\t\t\t\t\t<div class=\"e-con-inner\">\n\t\t<div data-particle_enable=\"false\" data-particle-mobile-disabled=\"false\" class=\"elementor-element elementor-element-eb3a795 e-flex e-con-boxed e-con e-child\" data-id=\"eb3a795\" data-element_type=\"container\">\n\t\t\t\t\t<div class=\"e-con-inner\">\n\t\t\t\t<div class=\"elementor-element elementor-element-1ce854e elementor-widget elementor-widget-heading\" data-id=\"1ce854e\" data-element_type=\"widget\" data-widget_type=\"heading.default\">\n\t\t\t\t<div class=\"elementor-widget-container\">\n\t\t\t\t\t<h2 class=\"elementor-heading-title elementor-size-default\">Modulo di presentazione dell'intervista su <span style=\"color:#ffce48\">WhatsMusic<\/span><\/span>.de<\/h2>\t\t\t\t<\/div>\n\t\t\t\t<\/div>\n\t\t\t\t<div class=\"elementor-element elementor-element-87db2c2 elementor-widget elementor-widget-shortcode\" data-id=\"87db2c2\" data-element_type=\"widget\" data-widget_type=\"shortcode.default\">\n\t\t\t\t<div class=\"elementor-widget-container\">\n\t\t\t\t\t\t\t<div class=\"elementor-shortcode\"><form id=\"forminator-module-65556\" class=\"forminator-custom-form forminator-custom-form-65556\" method=\"post\" data-forminator-render=\"0\" data-uid=\"69de8c9d4edec\"><div role=\"alert\" aria-live=\"polite\" class=\"forminator-response-message forminator-error\" aria-hidden=\"true\"><\/div><\/form><\/div>\n\t\t\t\t\t\t<\/div>\n\t\t\t\t<\/div>\n\t\t\t\t\t<\/div>\n\t\t\t\t<\/div>\n\t\t\t\t\t<\/div>\n\t\t\t\t<\/div>\n\t\t\t\t\t<\/div>\n\t\t\t\t<\/div>\n\t\t\t\t<\/div>\n\t\t<div data-particle_enable=\"false\" data-particle-mobile-disabled=\"false\" class=\"elementor-element elementor-element-b3f7b34 e-flex e-con-boxed e-con e-parent\" data-id=\"b3f7b34\" data-element_type=\"container\">\n\t\t\t\t\t<div class=\"e-con-inner\">\n\t\t\t\t<div class=\"elementor-element elementor-element-1c19fe3 elementor-widget elementor-widget-text-editor\" data-id=\"1c19fe3\" data-element_type=\"widget\" data-widget_type=\"text-editor.default\">\n\t\t\t\t<div class=\"elementor-widget-container\">\n\t\t\t\t\t\t\t\t\t<h2><span style=\"color: #ffffff;\">Prova il potere delle interviste gratuite su WhatsMusic.de: Un vantaggio per giornalisti, artisti e lettori<\/span><\/h2>\n<p>Sebbene esistano innumerevoli modi per promuovere te stesso e la tua musica nell&#8217;era digitale di oggi, le interviste tradizionali rimangono una parte fondamentale di qualsiasi strategia promozionale. Un&#8217;intervista ben fatta non solo mette in contatto con la tua base di fan esistenti, ma suscita anche interesse in coloro che altrimenti non avrebbero scoperto la tua musica. Condividendo aneddoti coinvolgenti e offrendo spunti genuini sulla tua vita di artista, puoi affascinare i lettori e creare legami duraturi.<\/p>\n<p>WhatsMusic.de offre un&#8217;opportunit\u00e0 unica agli artisti di partecipare a interviste gratuite che mettono in mostra il loro talento e raggiungono un pubblico pi\u00f9 ampio. Investendo il tuo tempo e i tuoi sforzi in un&#8217;intervista accurata, puoi trarre notevoli benefici e favorire la crescita della tua carriera musicale.<\/p>\n<h2><span style=\"color: #ffffff;\">Perch\u00e9 scegliere WhatsMusic.de per la tua intervista?<\/span><\/h2>\n<p>Come artista emergente, \u00e8 fondamentale cogliere ogni opportunit\u00e0 per far conoscere te stesso e la tua musica, anche se il guadagno non \u00e8 immediatamente evidente. Anche se condividere le informazioni sul tuo sito web e sui social media \u00e8 importante, un&#8217;intervista ben fatta pu\u00f2 fornire nuove prospettive e rivelare nuovi aspetti del tuo percorso musicale. Ecco perch\u00e9 dovresti scegliere WhatsMusic.de per la tua prossima intervista:<\/p>\n<ul>\n<li><strong>Competenza:<\/strong> Il nostro team di giornalisti esperti e di appassionati di musica \u00e8 abile nel formulare domande coinvolgenti che approfondiscono la tua storia, incoraggiandoti a riflettere sulle tue esperienze e aspirazioni in modo significativo.<\/li>\n<li><strong>Esposizione:<\/strong> partecipando a un&#8217;intervista su WhatsMusic.de, puoi raggiungere un pubblico eterogeneo di appassionati di musica, professionisti del settore e potenziali fan, ampliando cos\u00ec la tua portata e il tuo impatto.<\/li>\n<li><strong>Vantaggio dell&#8217;algoritmo:<\/strong> Spotify, il principale servizio di streaming musicale, utilizza l&#8217;intelligenza artificiale per determinare quali brani hanno una maggiore risonanza tra gli ascoltatori. Se vieni pubblicato su blog musicali come WhatsMusic.de, aumenti le possibilit\u00e0 di attirare l&#8217;attenzione di influenti curatori di playlist e creatori di gusti che sono costantemente alla ricerca di nuovi talenti.<\/li>\n<\/ul>\n<p>Non perdere l&#8217;opportunit\u00e0 di elevare la tua carriera musicale partecipando a un&#8217;intervista gratuita su WhatsMusic.de. Condividendo la tua storia e le tue intuizioni, puoi creare una situazione vantaggiosa per i giornalisti, gli artisti e i lettori. Fai il primo passo per liberare il potenziale della tua musica oggi stesso!<\/p>\n\t\t\t\t\t\t\t\t<\/div>\n\t\t\t\t<\/div>\n\t\t\t\t<div class=\"elementor-element elementor-element-fa78ee5 elementor-widget elementor-widget-heading\" data-id=\"fa78ee5\" data-element_type=\"widget\" data-widget_type=\"heading.default\">\n\t\t\t\t<div class=\"elementor-widget-container\">\n\t\t\t\t\t<h3 class=\"elementor-heading-title elementor-size-default\">Aggiungi qui il testo del titolo<\/h3>\t\t\t\t<\/div>\n\t\t\t\t<\/div>\n\t\t\t\t<div class=\"elementor-element elementor-element-a32f68a elementor-widget elementor-widget-heading\" data-id=\"a32f68a\" data-element_type=\"widget\" data-widget_type=\"heading.default\">\n\t\t\t\t<div class=\"elementor-widget-container\">\n\t\t\t\t\t<h3 class=\"elementor-heading-title elementor-size-default\">Aggiungi qui il testo del titolo<\/h3>\t\t\t\t<\/div>\n\t\t\t\t<\/div>\n\t\t\t\t<div class=\"elementor-element elementor-element-0426b4e elementor-widget elementor-widget-eael-post-carousel\" data-id=\"0426b4e\" data-element_type=\"widget\" data-settings=\"{&quot;items&quot;:{&quot;unit&quot;:&quot;px&quot;,&quot;size&quot;:4,&quot;sizes&quot;:[]},&quot;items_tablet&quot;:{&quot;unit&quot;:&quot;px&quot;,&quot;size&quot;:4,&quot;sizes&quot;:[]},&quot;items_mobile&quot;:{&quot;unit&quot;:&quot;px&quot;,&quot;size&quot;:1,&quot;sizes&quot;:[]}}\" data-widget_type=\"eael-post-carousel.default\">\n\t\t\t\t<div class=\"elementor-widget-container\">\n\t\t\t\t\t        <div class=\"swiper-container-wrap eael-post-grid-container eael-post-carousel-wrap eael-post-carousel-style-one\" id=\"eael-post-grid-0426b4e\">\n\t\t\t            <div class=\"swiper swiper-8 eael-post-carousel eael-post-grid swiper-container-0426b4e eael-post-appender-0426b4e\" data-pagination=\".swiper-pagination-0426b4e\" data-arrow-next=\".swiper-button-next-0426b4e\" data-arrow-prev=\".swiper-button-prev-0426b4e\" data-items-mobile=\"1\" data-items-tablet=\"4\" data-items=\"4\" data-margin=\"5\" data-effect=\"slide\" data-speed=\"800\" data-autoplay=\"6000\" data-pause-on-hover=\"true\" data-loop=\"1\" data-grab-cursor=\"1\" data-arrows=\"1\">\n                <div class=\"swiper-wrapper\">\n\t\t\t\t\t<div class=\"swiper-slide\"><article class=\"eael-grid-post eael-post-grid-column\">\n    <div class=\"eael-grid-post-holder\">\n        <div class=\"eael-grid-post-holder-inner\"><div class=\"eael-entry-media eael-entry-medianone\"><div class=\"eael-entry-overlay fade-in\"><div class='eael-entry-wrapper-fade-in'><div class=\"eael-entry-wrapper\"><header class=\"eael-entry-header\"><a class=\"eael-grid-post-link\" href=\"https:\/\/whatsmusic.de\/it\/interview\/interview-with-wildi-horses\/\" title=\"Interview with Wildi Horses\"><h3 class=\"eael-entry-title\">Interview with Wildi Horses<\/a><\/h3><\/header><\/div><div class=\"eael-entry-content\">\n\t\t\t\t<div class=\"eael-grid-post-excerpt\"><\/div>\n\t\t\t<\/div><\/div><a href=\"https:\/\/whatsmusic.de\/it\/interview\/interview-with-wildi-horses\/\"><\/a><\/div><div class=\"eael-entry-thumbnail eael-image-ratio\">\n                    <img decoding=\"async\" src=\"https:\/\/whatsmusic.de\/wp-content\/uploads\/2026\/04\/Youtube-Wildi-Horses-Pro-Pic-300x300.webp\" alt=\"\">\n                <\/div><\/div><\/div><\/div><\/article><\/div><div class=\"swiper-slide\"><article class=\"eael-grid-post eael-post-grid-column\">\n    <div class=\"eael-grid-post-holder\">\n        <div class=\"eael-grid-post-holder-inner\"><div class=\"eael-entry-media eael-entry-medianone\"><div class=\"eael-entry-overlay fade-in\"><div class='eael-entry-wrapper-fade-in'><div class=\"eael-entry-wrapper\"><header class=\"eael-entry-header\"><a class=\"eael-grid-post-link\" href=\"https:\/\/whatsmusic.de\/it\/interview\/self-made-by-ashton-mallory\/\" title=\"&#8220;Self Made&#8221; by Ashton Mallory\"><h3 class=\"eael-entry-title\">&#8220;Self Made&#8221; by Ashton Mallory<\/a><\/h3><\/header><\/div><div class=\"eael-entry-content\">\n\t\t\t\t<div class=\"eael-grid-post-excerpt\"><\/div>\n\t\t\t<\/div><\/div><a href=\"https:\/\/whatsmusic.de\/it\/interview\/self-made-by-ashton-mallory\/\"><\/a><\/div><div class=\"eael-entry-thumbnail eael-image-ratio\">\n                    <img decoding=\"async\" src=\"https:\/\/whatsmusic.de\/wp-content\/uploads\/2026\/03\/Cannon-Tunnel-300x199.webp\" alt=\"\">\n                <\/div><\/div><\/div><\/div><\/article><\/div><div class=\"swiper-slide\"><article class=\"eael-grid-post eael-post-grid-column\">\n    <div class=\"eael-grid-post-holder\">\n        <div class=\"eael-grid-post-holder-inner\"><div class=\"eael-entry-media eael-entry-medianone\"><div class=\"eael-entry-overlay fade-in\"><div class='eael-entry-wrapper-fade-in'><div class=\"eael-entry-wrapper\"><header class=\"eael-entry-header\"><a class=\"eael-grid-post-link\" href=\"https:\/\/whatsmusic.de\/it\/interview\/smash-sound-presents-mac-nass-rimmed-up-and-shinin\/\" title=\"Smash Sound presents: Mac Nass &#8211; &#8220;Rimmed Up and Shinin&#039;&#8221;\"><h3 class=\"eael-entry-title\">Smash Sound presents: Mac Nass &#8211; &#8220;Rimmed Up and Shinin'&#8221;<\/a><\/h3><\/header><\/div><div class=\"eael-entry-content\">\n\t\t\t\t<div class=\"eael-grid-post-excerpt\"><\/div>\n\t\t\t<\/div><\/div><a href=\"https:\/\/whatsmusic.de\/it\/interview\/smash-sound-presents-mac-nass-rimmed-up-and-shinin\/\"><\/a><\/div><div class=\"eael-entry-thumbnail eael-image-ratio\">\n                    <img decoding=\"async\" src=\"https:\/\/whatsmusic.de\/wp-content\/uploads\/2026\/03\/1352-300x300.webp\" alt=\"\">\n                <\/div><\/div><\/div><\/div><\/article><\/div><div class=\"swiper-slide\"><article class=\"eael-grid-post eael-post-grid-column\">\n    <div class=\"eael-grid-post-holder\">\n        <div class=\"eael-grid-post-holder-inner\"><div class=\"eael-entry-media eael-entry-medianone\"><div class=\"eael-entry-overlay fade-in\"><div class='eael-entry-wrapper-fade-in'><div class=\"eael-entry-wrapper\"><header class=\"eael-entry-header\"><a class=\"eael-grid-post-link\" href=\"https:\/\/whatsmusic.de\/it\/interview\/from-windows-7-to-3-million-streams-the-rise-of-configban\/\" title=\"From Windows 7 to 3 Million Streams: The Rise of CONFIGBAN\"><h3 class=\"eael-entry-title\">From Windows 7 to 3 Million Streams: The Rise of CONFIGBAN<\/a><\/h3><\/header><\/div><div class=\"eael-entry-content\">\n\t\t\t\t<div class=\"eael-grid-post-excerpt\"><\/div>\n\t\t\t<\/div><\/div><a href=\"https:\/\/whatsmusic.de\/it\/interview\/from-windows-7-to-3-million-streams-the-rise-of-configban\/\"><\/a><\/div><div class=\"eael-entry-thumbnail eael-image-ratio\">\n                    <img decoding=\"async\" src=\"https:\/\/whatsmusic.de\/wp-content\/uploads\/2026\/03\/639499475_18108778234777295_3592209728122159011_n-300x300.webp\" alt=\"\">\n                <\/div><\/div><\/div><\/div><\/article><\/div><div class=\"swiper-slide\"><article class=\"eael-grid-post eael-post-grid-column\">\n    <div class=\"eael-grid-post-holder\">\n        <div class=\"eael-grid-post-holder-inner\"><div class=\"eael-entry-media eael-entry-medianone\"><div class=\"eael-entry-overlay fade-in\"><div class='eael-entry-wrapper-fade-in'><div class=\"eael-entry-wrapper\"><header class=\"eael-entry-header\"><a class=\"eael-grid-post-link\" href=\"https:\/\/whatsmusic.de\/it\/interview\/interview-with-rtistry\/\" title=\"Interview with Rtistry\"><h3 class=\"eael-entry-title\">Interview with Rtistry<\/a><\/h3><\/header><\/div><div class=\"eael-entry-content\">\n\t\t\t\t<div class=\"eael-grid-post-excerpt\"><\/div>\n\t\t\t<\/div><\/div><a href=\"https:\/\/whatsmusic.de\/it\/interview\/interview-with-rtistry\/\"><\/a><\/div><div class=\"eael-entry-thumbnail eael-image-ratio\">\n                    <img decoding=\"async\" src=\"https:\/\/whatsmusic.de\/wp-content\/uploads\/2026\/03\/IMG_0459-139x300.webp\" alt=\"\">\n                <\/div><\/div><\/div><\/div><\/article><\/div><div class=\"swiper-slide\"><article class=\"eael-grid-post eael-post-grid-column\">\n    <div class=\"eael-grid-post-holder\">\n        <div class=\"eael-grid-post-holder-inner\"><div class=\"eael-entry-media eael-entry-medianone\"><div class=\"eael-entry-overlay fade-in\"><div class='eael-entry-wrapper-fade-in'><div class=\"eael-entry-wrapper\"><header class=\"eael-entry-header\"><a class=\"eael-grid-post-link\" href=\"https:\/\/whatsmusic.de\/it\/interview\/yuvanshree-dhayanithi-talks-about-un-ninaivugal-and-his-journey-as-an-independent-tamil-composer\/\" title=\"Yuvanshree Dhayanithi Talks About \u2018Un Ninaivugal\u2019 and His Journey as an Independent Tamil Composer\"><h3 class=\"eael-entry-title\">Yuvanshree Dhayanithi Talks About \u2018Un Ninaivugal\u2019 and His Journey as an Independent Tamil Composer<\/a><\/h3><\/header><\/div><div class=\"eael-entry-content\">\n\t\t\t\t<div class=\"eael-grid-post-excerpt\"><\/div>\n\t\t\t<\/div><\/div><a href=\"https:\/\/whatsmusic.de\/it\/interview\/yuvanshree-dhayanithi-talks-about-un-ninaivugal-and-his-journey-as-an-independent-tamil-composer\/\"><\/a><\/div><div class=\"eael-entry-thumbnail eael-image-ratio\">\n                    <img decoding=\"async\" src=\"https:\/\/whatsmusic.de\/wp-content\/uploads\/2026\/02\/1000147214-300x300.webp\" alt=\"\">\n                <\/div><\/div><\/div><\/div><\/article><\/div><div class=\"swiper-slide\"><article class=\"eael-grid-post eael-post-grid-column\">\n    <div class=\"eael-grid-post-holder\">\n        <div class=\"eael-grid-post-holder-inner\"><div class=\"eael-entry-media eael-entry-medianone\"><div class=\"eael-entry-overlay fade-in\"><div class='eael-entry-wrapper-fade-in'><div class=\"eael-entry-wrapper\"><header class=\"eael-entry-header\"><a class=\"eael-grid-post-link\" href=\"https:\/\/whatsmusic.de\/it\/interview\/introducing-etherea-the-world-vigne-is-about-to-unveil\/\" title=\"Introducing Etherea: The World Vign\u00ea Is About to Unveil\"><h3 class=\"eael-entry-title\">Introducing Etherea: The World Vign\u00ea Is About to Unveil<\/a><\/h3><\/header><\/div><div class=\"eael-entry-content\">\n\t\t\t\t<div class=\"eael-grid-post-excerpt\"><\/div>\n\t\t\t<\/div><\/div><a href=\"https:\/\/whatsmusic.de\/it\/interview\/introducing-etherea-the-world-vigne-is-about-to-unveil\/\"><\/a><\/div><div class=\"eael-entry-thumbnail eael-image-ratio\">\n                    <img decoding=\"async\" src=\"https:\/\/whatsmusic.de\/wp-content\/uploads\/2026\/01\/file_000000003dbc722f9d5fca5858e524e9_1-200x300.webp\" alt=\"\">\n                <\/div><\/div><\/div><\/div><\/article><\/div><div class=\"swiper-slide\"><article class=\"eael-grid-post eael-post-grid-column\">\n    <div class=\"eael-grid-post-holder\">\n        <div class=\"eael-grid-post-holder-inner\"><div class=\"eael-entry-media eael-entry-medianone\"><div class=\"eael-entry-overlay fade-in\"><div class='eael-entry-wrapper-fade-in'><div class=\"eael-entry-wrapper\"><header class=\"eael-entry-header\"><a class=\"eael-grid-post-link\" href=\"https:\/\/whatsmusic.de\/it\/interview\/interview-with-bakki-wave\/\" title=\"Interview with Bakki Wave\"><h3 class=\"eael-entry-title\">Interview with Bakki Wave<\/a><\/h3><\/header><\/div><div class=\"eael-entry-content\">\n\t\t\t\t<div class=\"eael-grid-post-excerpt\"><\/div>\n\t\t\t<\/div><\/div><a href=\"https:\/\/whatsmusic.de\/it\/interview\/interview-with-bakki-wave\/\"><\/a><\/div><div class=\"eael-entry-thumbnail eael-image-ratio\">\n                    <img decoding=\"async\" src=\"https:\/\/whatsmusic.de\/wp-content\/uploads\/2026\/01\/1707-135x300.webp\" alt=\"\">\n                <\/div><\/div><\/div><\/div><\/article><\/div><div class=\"swiper-slide\"><article class=\"eael-grid-post eael-post-grid-column\">\n    <div class=\"eael-grid-post-holder\">\n        <div class=\"eael-grid-post-holder-inner\"><div class=\"eael-entry-media eael-entry-medianone\"><div class=\"eael-entry-overlay fade-in\"><div class='eael-entry-wrapper-fade-in'><div class=\"eael-entry-wrapper\"><header class=\"eael-entry-header\"><a class=\"eael-grid-post-link\" href=\"https:\/\/whatsmusic.de\/it\/interview\/exclusive-interview-with-saeed-zarei-karyani\/\" title=\"Exclusive Interview with Saeed Zarei Karyani\"><h3 class=\"eael-entry-title\">Exclusive Interview with Saeed Zarei Karyani<\/a><\/h3><\/header><\/div><div class=\"eael-entry-content\">\n\t\t\t\t<div class=\"eael-grid-post-excerpt\"><\/div>\n\t\t\t<\/div><\/div><a href=\"https:\/\/whatsmusic.de\/it\/interview\/exclusive-interview-with-saeed-zarei-karyani\/\"><\/a><\/div><div class=\"eael-entry-thumbnail eael-image-ratio\">\n                    <img decoding=\"async\" src=\"https:\/\/whatsmusic.de\/wp-content\/uploads\/2025\/12\/IMG_20251218_000852-300x300.webp\" alt=\"\">\n                <\/div><\/div><\/div><\/div><\/article><\/div><div class=\"swiper-slide\"><article class=\"eael-grid-post eael-post-grid-column\">\n    <div class=\"eael-grid-post-holder\">\n        <div class=\"eael-grid-post-holder-inner\"><div class=\"eael-entry-media eael-entry-medianone\"><div class=\"eael-entry-overlay fade-in\"><div class='eael-entry-wrapper-fade-in'><div class=\"eael-entry-wrapper\"><header class=\"eael-entry-header\"><a class=\"eael-grid-post-link\" href=\"https:\/\/whatsmusic.de\/it\/interview\/interview-with-khaile-emjey-esquivel\/\" title=\"Interview with Khaile Emjey Esquivel\"><h3 class=\"eael-entry-title\">Interview with Khaile Emjey Esquivel<\/a><\/h3><\/header><\/div><div class=\"eael-entry-content\">\n\t\t\t\t<div class=\"eael-grid-post-excerpt\"><\/div>\n\t\t\t<\/div><\/div><a href=\"https:\/\/whatsmusic.de\/it\/interview\/interview-with-khaile-emjey-esquivel\/\"><\/a><\/div><div class=\"eael-entry-thumbnail eael-image-ratio\">\n                    <img decoding=\"async\" src=\"https:\/\/whatsmusic.de\/wp-content\/uploads\/2025\/10\/1000020641-140x300.webp\" alt=\"\">\n                <\/div><\/div><\/div><\/div><\/article><\/div>                <\/div>\n            <\/div>\n            <div class=\"clearfix\"><\/div>\n\t\t\t\t\t\t            <!-- Add Arrows -->\n            <div class=\"swiper-button-next swiper-button-next-0426b4e\">\n                <i class=\"fa fa-angle-right\"><\/i>\n            <\/div>\n            <div class=\"swiper-button-prev swiper-button-prev-0426b4e\">\n                <i class=\"fa fa-angle-left\"><\/i>\n            <\/div>\n\t\t\t        <\/div>\n\t\t\t\t\t\t<\/div>\n\t\t\t\t<\/div>\n\t\t\t\t\t<\/div>\n\t\t\t\t<\/div>\n\t\t\t\t<\/div>\n\t\t","protected":false},"excerpt":{"rendered":"<p>Add Your Heading Text Here Modulo di presentazione dell&#8217;intervista su WhatsMusic.de Prova il potere delle interviste gratuite su WhatsMusic.de: Un vantaggio per giornalisti, artisti e lettori Sebbene esistano innumerevoli modi per promuovere te stesso e la tua musica nell&#8217;era digitale di oggi, le interviste tradizionali rimangono una parte fondamentale di qualsiasi strategia promozionale. Un&#8217;intervista ben [&hellip;]<\/p>\n","protected":false},"author":1,"featured_media":557206,"parent":0,"menu_order":0,"comment_status":"closed","ping_status":"closed","template":"","meta":{"_acf_changed":false,"footnotes":""},"class_list":["post-532731","page","type-page","status-publish","has-post-thumbnail","hentry"],"acf":[],"_links":{"self":[{"href":"https:\/\/whatsmusic.de\/it\/wp-json\/wp\/v2\/pages\/532731","targetHints":{"allow":["GET"]}}],"collection":[{"href":"https:\/\/whatsmusic.de\/it\/wp-json\/wp\/v2\/pages"}],"about":[{"href":"https:\/\/whatsmusic.de\/it\/wp-json\/wp\/v2\/types\/page"}],"author":[{"embeddable":true,"href":"https:\/\/whatsmusic.de\/it\/wp-json\/wp\/v2\/users\/1"}],"replies":[{"embeddable":true,"href":"https:\/\/whatsmusic.de\/it\/wp-json\/wp\/v2\/comments?post=532731"}],"version-history":[{"count":1,"href":"https:\/\/whatsmusic.de\/it\/wp-json\/wp\/v2\/pages\/532731\/revisions"}],"predecessor-version":[{"id":558330,"href":"https:\/\/whatsmusic.de\/it\/wp-json\/wp\/v2\/pages\/532731\/revisions\/558330"}],"wp:featuredmedia":[{"embeddable":true,"href":"https:\/\/whatsmusic.de\/it\/wp-json\/wp\/v2\/media\/557206"}],"wp:attachment":[{"href":"https:\/\/whatsmusic.de\/it\/wp-json\/wp\/v2\/media?parent=532731"}],"curies":[{"name":"wp","href":"https:\/\/api.w.org\/{rel}","templated":true}]}}