{"id":545617,"date":"2024-07-24T09:45:11","date_gmt":"2024-07-24T07:45:11","guid":{"rendered":"https:\/\/whatsmusic.de\/strumenti-gratuiti-per-la-promozione-musicale-cover-maker-merch-designer-ai-writer\/"},"modified":"2024-07-24T11:16:47","modified_gmt":"2024-07-24T09:16:47","slug":"strumenti-gratuiti-per-la-promozione-musicale-cover-maker-merch-designer-ai-writer","status":"publish","type":"page","link":"https:\/\/whatsmusic.de\/it\/strumenti-gratuiti-per-la-promozione-musicale-cover-maker-merch-designer-ai-writer\/","title":{"rendered":"Strumenti gratuiti per la promozione musicale &#8211; Cover Maker, Merch Designer, Ai-Writer"},"content":{"rendered":"\t\t<div data-elementor-type=\"wp-page\" data-elementor-id=\"545617\" class=\"elementor elementor-545617 elementor-545505\">\n\t\t\t\t<div data-particle_enable=\"false\" data-particle-mobile-disabled=\"false\" class=\"elementor-element elementor-element-6a4f4419 e-con-full e-flex e-con e-parent\" data-id=\"6a4f4419\" data-element_type=\"container\" data-settings=\"{&quot;background_background&quot;:&quot;classic&quot;}\">\n\t\t<div data-particle_enable=\"false\" data-particle-mobile-disabled=\"false\" class=\"elementor-element elementor-element-7d35e030 e-con-full e-flex e-con e-child\" data-id=\"7d35e030\" data-element_type=\"container\" data-settings=\"{&quot;background_background&quot;:&quot;classic&quot;}\">\n\t\t\t\t<div class=\"elementor-element elementor-element-5fa9a16b elementor-widget elementor-widget-heading\" data-id=\"5fa9a16b\" data-element_type=\"widget\" data-widget_type=\"heading.default\">\n\t\t\t\t<div class=\"elementor-widget-container\">\n\t\t\t\t\t<h2 class=\"elementor-heading-title elementor-size-default\">Strumenti gratuiti per la promozione musicale<\/h2>\t\t\t\t<\/div>\n\t\t\t\t<\/div>\n\t\t\t\t<div class=\"elementor-element elementor-element-749d3c92 elementor-widget elementor-widget-text-editor\" data-id=\"749d3c92\" data-element_type=\"widget\" data-widget_type=\"text-editor.default\">\n\t\t\t\t<div class=\"elementor-widget-container\">\n\t\t\t\t\t\t\t\t\t<p>Benvenuto nella nostra pagina dedicata agli strumenti gratuiti per la promozione musicale!<br \/>\nMigliora la tua promozione musicale con i nostri strumenti innovativi e facili da usare, pensati appositamente per i musicisti.<br \/>\nDalla creazione di splendide copertine di album al design del tuo merch e alla creazione della biografia perfetta dell&#8217;artista, abbiamo tutto ci\u00f2 che ti serve.<br \/>\nE soprattutto, questi strumenti sono completamente gratuiti!   <\/p>\n\t\t\t\t\t\t\t\t<\/div>\n\t\t\t\t<\/div>\n\t\t\t\t<div class=\"elementor-element elementor-element-0b25520 elementor-widget elementor-widget-image\" data-id=\"0b25520\" data-element_type=\"widget\" data-widget_type=\"image.default\">\n\t\t\t\t<div class=\"elementor-widget-container\">\n\t\t\t\t\t\t\t\t\t\t\t\t\t\t\t<img loading=\"lazy\" decoding=\"async\" width=\"800\" height=\"800\" src=\"https:\/\/whatsmusic.de\/wp-content\/uploads\/2024\/07\/A-retro-dystopian-graphic-style-illustration-visualizing-Free-Music-Promotion-Tools.-The-scene-depicts-a-nostalgic-yet-foreboding-mood-blending-past-.webp\" class=\"attachment-large size-large wp-image-545525\" alt=\"Retro dystopian graphic style illustration visualizing Free Music Promotion Tools. The scene features a musician with various promotional tools like an album cover generator, merchandise designer, and writing tools standing under neon lights, with neon signs indicating &#039;Music Promotion Tools&#039;, &#039;AI Music Tools&#039;, and &#039;Free Music Promo&#039; in the background. The sky is a mix of dull grays and vibrant neon colors, creating a surreal atmosphere.\" srcset=\"https:\/\/whatsmusic.de\/wp-content\/uploads\/2024\/07\/A-retro-dystopian-graphic-style-illustration-visualizing-Free-Music-Promotion-Tools.-The-scene-depicts-a-nostalgic-yet-foreboding-mood-blending-past-.webp 1024w, https:\/\/whatsmusic.de\/wp-content\/uploads\/2024\/07\/A-retro-dystopian-graphic-style-illustration-visualizing-Free-Music-Promotion-Tools.-The-scene-depicts-a-nostalgic-yet-foreboding-mood-blending-past--300x300.webp 300w, https:\/\/whatsmusic.de\/wp-content\/uploads\/2024\/07\/A-retro-dystopian-graphic-style-illustration-visualizing-Free-Music-Promotion-Tools.-The-scene-depicts-a-nostalgic-yet-foreboding-mood-blending-past--150x150.webp 150w, https:\/\/whatsmusic.de\/wp-content\/uploads\/2024\/07\/A-retro-dystopian-graphic-style-illustration-visualizing-Free-Music-Promotion-Tools.-The-scene-depicts-a-nostalgic-yet-foreboding-mood-blending-past--768x768.webp 768w, https:\/\/whatsmusic.de\/wp-content\/uploads\/2024\/07\/A-retro-dystopian-graphic-style-illustration-visualizing-Free-Music-Promotion-Tools.-The-scene-depicts-a-nostalgic-yet-foreboding-mood-blending-past--100x100.webp 100w\" sizes=\"auto, (max-width: 800px) 100vw, 800px\" \/>\t\t\t\t\t\t\t\t\t\t\t\t\t\t\t<\/div>\n\t\t\t\t<\/div>\n\t\t\t\t<\/div>\n\t\t<div data-particle_enable=\"false\" data-particle-mobile-disabled=\"false\" class=\"elementor-element elementor-element-2afc50ea e-con-full e-flex e-con e-child\" data-id=\"2afc50ea\" data-element_type=\"container\" data-settings=\"{&quot;background_background&quot;:&quot;classic&quot;}\">\n\t\t\t\t<div class=\"elementor-element elementor-element-53ad3a92 elementor-position-left animated-slow elementor-view-framed elementor-shape-square elementor-mobile-position-top elementor-invisible elementor-widget elementor-widget-icon-box\" data-id=\"53ad3a92\" data-element_type=\"widget\" data-settings=\"{&quot;_animation&quot;:&quot;fadeIn&quot;,&quot;_animation_delay&quot;:&quot;0&quot;}\" data-widget_type=\"icon-box.default\">\n\t\t\t\t<div class=\"elementor-widget-container\">\n\t\t\t\t\t\t\t<div class=\"elementor-icon-box-wrapper\">\n\n\t\t\t\t\t\t<div class=\"elementor-icon-box-icon\">\n\t\t\t\t<a href=\"https:\/\/whatsmusic.de\/free-album-cover-generator-online-for-your-music-albums-and-playlists\/\" class=\"elementor-icon elementor-animation-grow\" tabindex=\"-1\" aria-label=\"Generatore gratuito di copertine di album\">\n\t\t\t\t<svg aria-hidden=\"true\" class=\"e-font-icon-svg e-fas-compact-disc\" viewBox=\"0 0 496 512\" xmlns=\"http:\/\/www.w3.org\/2000\/svg\"><path d=\"M248 8C111 8 0 119 0 256s111 248 248 248 248-111 248-248S385 8 248 8zM88 256H56c0-105.9 86.1-192 192-192v32c-88.2 0-160 71.8-160 160zm160 96c-53 0-96-43-96-96s43-96 96-96 96 43 96 96-43 96-96 96zm0-128c-17.7 0-32 14.3-32 32s14.3 32 32 32 32-14.3 32-32-14.3-32-32-32z\"><\/path><\/svg>\t\t\t\t<\/a>\n\t\t\t<\/div>\n\t\t\t\n\t\t\t\t\t\t<div class=\"elementor-icon-box-content\">\n\n\t\t\t\t\t\t\t\t\t<h3 class=\"elementor-icon-box-title\">\n\t\t\t\t\t\t<a href=\"https:\/\/whatsmusic.de\/free-album-cover-generator-online-for-your-music-albums-and-playlists\/\" >\n\t\t\t\t\t\t\tGeneratore gratuito di copertine di album\t\t\t\t\t\t<\/a>\n\t\t\t\t\t<\/h3>\n\t\t\t\t\n\t\t\t\t\t\t\t\t\t<p class=\"elementor-icon-box-description\">\n\t\t\t\t\t\tCrea copertine di album accattivanti in pochi clic.\nIl nostro Generatore di Copertine di Album offre una variet\u00e0 di modelli e opzioni di personalizzazione per aiutarti a progettare una copertina che rappresenti perfettamente la tua musica. \t\t\t\t\t<\/p>\n\t\t\t\t\n\t\t\t<\/div>\n\t\t\t\n\t\t<\/div>\n\t\t\t\t\t\t<\/div>\n\t\t\t\t<\/div>\n\t\t\t\t<div class=\"elementor-element elementor-element-5e324d39 elementor-position-left animated-slow elementor-view-framed elementor-shape-square elementor-mobile-position-top elementor-invisible elementor-widget elementor-widget-icon-box\" data-id=\"5e324d39\" data-element_type=\"widget\" data-settings=\"{&quot;_animation&quot;:&quot;fadeIn&quot;,&quot;_animation_delay&quot;:&quot;0&quot;}\" data-widget_type=\"icon-box.default\">\n\t\t\t\t<div class=\"elementor-widget-container\">\n\t\t\t\t\t\t\t<div class=\"elementor-icon-box-wrapper\">\n\n\t\t\t\t\t\t<div class=\"elementor-icon-box-icon\">\n\t\t\t\t<a href=\"https:\/\/whatsmusic.de\/merchandise\/create\" class=\"elementor-icon elementor-animation-grow\" tabindex=\"-1\" aria-label=\"Articolo gratuito per i fan \/ Merchandise Maker\">\n\t\t\t\t<svg aria-hidden=\"true\" class=\"e-font-icon-svg e-fas-tshirt\" viewBox=\"0 0 640 512\" xmlns=\"http:\/\/www.w3.org\/2000\/svg\"><path d=\"M631.2 96.5L436.5 0C416.4 27.8 371.9 47.2 320 47.2S223.6 27.8 203.5 0L8.8 96.5c-7.9 4-11.1 13.6-7.2 21.5l57.2 114.5c4 7.9 13.6 11.1 21.5 7.2l56.6-27.7c10.6-5.2 23 2.5 23 14.4V480c0 17.7 14.3 32 32 32h256c17.7 0 32-14.3 32-32V226.3c0-11.8 12.4-19.6 23-14.4l56.6 27.7c7.9 4 17.5.8 21.5-7.2L638.3 118c4-7.9.8-17.6-7.1-21.5z\"><\/path><\/svg>\t\t\t\t<\/a>\n\t\t\t<\/div>\n\t\t\t\n\t\t\t\t\t\t<div class=\"elementor-icon-box-content\">\n\n\t\t\t\t\t\t\t\t\t<h3 class=\"elementor-icon-box-title\">\n\t\t\t\t\t\t<a href=\"https:\/\/whatsmusic.de\/merchandise\/create\" >\n\t\t\t\t\t\t\tArticolo gratuito per i fan \/ Merchandise Maker\t\t\t\t\t\t<\/a>\n\t\t\t\t\t<\/h3>\n\t\t\t\t\n\t\t\t\t\t\t\t\t\t<p class=\"elementor-icon-box-description\">\n\t\t\t\t\t\tCrea i tuoi articoli di merchandise per i fan e ordinali direttamente.\nIl nostro Merchandise Item Designer ti permette di creare magliette personalizzate, felpe con cappuccio, poster e molto altro ancora per aiutarti a entrare in contatto con i tuoi fan e promuovere il tuo marchio. \t\t\t\t\t<\/p>\n\t\t\t\t\n\t\t\t<\/div>\n\t\t\t\n\t\t<\/div>\n\t\t\t\t\t\t<\/div>\n\t\t\t\t<\/div>\n\t\t\t\t<\/div>\n\t\t\t\t<\/div>\n\t\t<div data-particle_enable=\"false\" data-particle-mobile-disabled=\"false\" class=\"elementor-element elementor-element-d602ca6 e-con-full e-flex e-con e-parent\" data-id=\"d602ca6\" data-element_type=\"container\" data-settings=\"{&quot;background_background&quot;:&quot;classic&quot;}\">\n\t\t<div data-particle_enable=\"false\" data-particle-mobile-disabled=\"false\" class=\"elementor-element elementor-element-feb8c1d e-flex e-con-boxed e-con e-child\" data-id=\"feb8c1d\" data-element_type=\"container\">\n\t\t\t\t\t<div class=\"e-con-inner\">\n\t\t\t\t<div class=\"elementor-element elementor-element-0b7ebf6 elementor-widget elementor-widget-heading\" data-id=\"0b7ebf6\" data-element_type=\"widget\" data-widget_type=\"heading.default\">\n\t\t\t\t<div class=\"elementor-widget-container\">\n\t\t\t\t\t<h2 class=\"elementor-heading-title elementor-size-default\">Perch\u00e9 utilizzare i nostri strumenti gratuiti per la promozione musicale?  <\/h2>\t\t\t\t<\/div>\n\t\t\t\t<\/div>\n\t\t\t\t<div class=\"elementor-element elementor-element-efc9016 elementor-widget elementor-widget-text-editor\" data-id=\"efc9016\" data-element_type=\"widget\" data-widget_type=\"text-editor.default\">\n\t\t\t\t<div class=\"elementor-widget-container\">\n\t\t\t\t\t\t\t\t\t<p><strong>Facili da usare:<\/strong> I nostri strumenti sono stati progettati appositamente per i musicisti e sono facili da usare, anche se non hai alcuna esperienza di design o di scrittura.<br \/>\nChe tu stia creando la copertina di un album, disegnando il merchandising o scrivendo un comunicato stampa, le nostre interfacce intuitive rendono il processo semplice e piacevole.<br \/>\nIn questo modo potrai concentrarti maggiormente sulla tua musica e meno sui dettagli tecnici.  <\/p>\n<p><strong>Alta qualit\u00e0:<\/strong> Tutti i nostri strumenti producono risultati di qualit\u00e0 professionale che ti aiutano a distinguerti nell&#8217;affollato settore musicale.<br \/>\nDalle copertine degli album ad alta risoluzione ai comunicati stampa curati, la qualit\u00e0 dei tuoi materiali promozionali rifletter\u00e0 la professionalit\u00e0 della tua musica.<br \/>\nImmagini di alta qualit\u00e0 e contenuti ben scritti possono migliorare notevolmente l&#8217;immagine del tuo marchio e attirare l&#8217;attenzione di fan e professionisti del settore.  <\/p>\n<p><strong>Risparmia tempo e denaro:<\/strong> Ottieni materiali promozionali di alta qualit\u00e0 senza spendere un centesimo o ore del tuo tempo.<br \/>\nI servizi tradizionali di design e scrittura possono essere costosi e richiedere molto tempo.<br \/>\nI nostri strumenti gratuiti offrono una soluzione economica che ti permette di creare rapidamente tutto ci\u00f2 che ti serve per promuovere la tua musica in modo efficiente.<br \/>\nQuesto \u00e8 particolarmente vantaggioso per gli artisti indipendenti che possono avere budget e risorse limitate.   <\/p>\n<p><strong>Potenzia la tua promozione:<\/strong> Migliora i tuoi sforzi promozionali con immagini accattivanti e contenuti scritti coinvolgenti, aiutandoti a entrare in contatto con il tuo pubblico e a far crescere la tua fanbase.<br \/>\nCopertine di album dal design professionale, merchandising personalizzato e comunicati stampa convincenti possono avere un impatto significativo sulle tue campagne promozionali.<br \/>\nUna promozione efficace pu\u00f2 portare a una maggiore esposizione, a un maggior numero di concerti e, in ultima analisi, a una fanbase pi\u00f9 ampia e coinvolta.  <\/p>\n<p><strong>Vantaggi SEO:<\/strong> L&#8217;utilizzo dei nostri strumenti pu\u00f2 anche migliorare la tua visibilit\u00e0 online.<br \/>\nI materiali promozionali di alta qualit\u00e0 hanno maggiori probabilit\u00e0 di essere condivisi sui social media e su altre piattaforme, generando backlink al tuo sito.<br \/>\nQuesto pu\u00f2 aumentare il posizionamento sui motori di ricerca, rendendo pi\u00f9 facile per i nuovi fan scoprire la tua musica.<br \/>\nInoltre, le biografie degli artisti e i comunicati stampa ben realizzati e ottimizzati per il SEO possono aiutare il tuo sito web a posizionarsi pi\u00f9 in alto nei risultati di ricerca, portando pi\u00f9 traffico organico al tuo sito.   <\/p>\n<p><strong>Maggiore coinvolgimento:<\/strong> I contenuti e le immagini coinvolgenti hanno maggiori probabilit\u00e0 di catturare l&#8217;attenzione del tuo pubblico.<br \/>\nI nostri strumenti ti aiutano a creare materiali non solo visivamente accattivanti, ma anche significativi e rilevanti per i tuoi fan.<br \/>\nQuesto maggiore coinvolgimento pu\u00f2 portare a un maggior numero di condivisioni, like e commenti sui tuoi post, amplificando ulteriormente la tua portata e il tuo impatto.  <\/p>\n<p><strong>Versatile e completa:<\/strong> La nostra suite di strumenti promozionali copre tutte le tue esigenze, dalla progettazione delle copertine degli album e del merchandise alla stesura di comunicati stampa e biografie.<br \/>\nQuesta versatilit\u00e0 ti garantisce una strategia promozionale completa che affronta ogni aspetto del tuo marketing musicale.<br \/>\nUtilizzando un insieme coeso di strumenti, puoi mantenere un&#8217;immagine coerente del marchio in tutti i tuoi materiali promozionali.  <\/p>\n<h3>Inizia subito!<\/h3>\n<p>Esplora oggi stesso i nostri strumenti gratuiti e porta la tua promozione musicale a un livello superiore.<br \/>\nChe tu sia un artista emergente o un musicista affermato, i nostri strumenti sono pensati per aiutarti ad avere successo. <\/p>\n\t\t\t\t\t\t\t\t<\/div>\n\t\t\t\t<\/div>\n\t\t\t\t\t<\/div>\n\t\t\t\t<\/div>\n\t\t\t\t<\/div>\n\t\t\t\t<\/div>\n\t\t","protected":false},"excerpt":{"rendered":"<p>Esplora i nostri strumenti gratuiti di promozione musicale progettati appositamente per i musicisti.<br \/>\nCrea splendide copertine di album, progetta merchandising personalizzato e crea comunicati stampa e biografie d&#8217;artista professionali.<br \/>\nI nostri strumenti di facile utilizzo offrono risultati di alta qualit\u00e0, ti fanno risparmiare tempo e denaro e incrementano i tuoi sforzi promozionali.<br \/>\nInizia oggi stesso a migliorare i tuoi blog musicali, a presentare le tue canzoni e a migliorare la tua strategia di comunicati stampa.   <\/p>\n","protected":false},"author":3,"featured_media":545525,"parent":0,"menu_order":0,"comment_status":"closed","ping_status":"closed","template":"","meta":{"_acf_changed":false,"footnotes":""},"class_list":["post-545617","page","type-page","status-publish","has-post-thumbnail","hentry"],"acf":[],"_links":{"self":[{"href":"https:\/\/whatsmusic.de\/it\/wp-json\/wp\/v2\/pages\/545617","targetHints":{"allow":["GET"]}}],"collection":[{"href":"https:\/\/whatsmusic.de\/it\/wp-json\/wp\/v2\/pages"}],"about":[{"href":"https:\/\/whatsmusic.de\/it\/wp-json\/wp\/v2\/types\/page"}],"author":[{"embeddable":true,"href":"https:\/\/whatsmusic.de\/it\/wp-json\/wp\/v2\/users\/3"}],"replies":[{"embeddable":true,"href":"https:\/\/whatsmusic.de\/it\/wp-json\/wp\/v2\/comments?post=545617"}],"version-history":[{"count":0,"href":"https:\/\/whatsmusic.de\/it\/wp-json\/wp\/v2\/pages\/545617\/revisions"}],"wp:featuredmedia":[{"embeddable":true,"href":"https:\/\/whatsmusic.de\/it\/wp-json\/wp\/v2\/media\/545525"}],"wp:attachment":[{"href":"https:\/\/whatsmusic.de\/it\/wp-json\/wp\/v2\/media?parent=545617"}],"curies":[{"name":"wp","href":"https:\/\/api.w.org\/{rel}","templated":true}]}}