{"id":558293,"date":"2024-10-05T23:09:37","date_gmt":"2024-10-05T21:09:37","guid":{"rendered":"https:\/\/whatsmusic.de\/generatore-gratuito-di-recensioni-di-canzoni-e-epk-whatsmusicepk\/"},"modified":"2024-11-21T16:42:56","modified_gmt":"2024-11-21T15:42:56","slug":"generatore-gratuito-di-recensioni-di-canzoni-e-epk-whatsmusicepk","status":"publish","type":"page","link":"https:\/\/whatsmusic.de\/it\/generatore-gratuito-di-recensioni-di-canzoni-e-epk-whatsmusicepk\/","title":{"rendered":"Generatore gratuito di recensioni di canzoni e EPK &#8211; WhatsMusicEPK"},"content":{"rendered":"\t\t<div data-elementor-type=\"wp-page\" data-elementor-id=\"558293\" class=\"elementor elementor-558293 elementor-557703\">\n\t\t\t\t<div data-particle_enable=\"false\" data-particle-mobile-disabled=\"false\" class=\"elementor-element elementor-element-76dca73 e-flex e-con-boxed e-con e-parent\" data-id=\"76dca73\" data-element_type=\"container\">\n\t\t\t\t\t<div class=\"e-con-inner\">\n\t\t\t\t<div class=\"elementor-element elementor-element-a234e60 elementor-widget elementor-widget-heading\" data-id=\"a234e60\" data-element_type=\"widget\" data-widget_type=\"heading.default\">\n\t\t\t\t<div class=\"elementor-widget-container\">\n\t\t\t\t\t<h2 class=\"elementor-heading-title elementor-size-default\"><strong>Generatore gratuito di recensioni di canzoni e EPK di WhatsMusicEPK<\/strong>\n<\/h2>\t\t\t\t<\/div>\n\t\t\t\t<\/div>\n\t\t\t\t\t<\/div>\n\t\t\t\t<\/div>\n\t\t<div data-particle_enable=\"false\" data-particle-mobile-disabled=\"false\" class=\"elementor-element elementor-element-0cf9127 e-flex e-con-boxed e-con e-parent\" data-id=\"0cf9127\" data-element_type=\"container\">\n\t\t\t\t\t<div class=\"e-con-inner\">\n\t\t\t\t<div class=\"elementor-element elementor-element-a592945 elementor-widget elementor-widget-shortcode\" data-id=\"a592945\" data-element_type=\"widget\" data-widget_type=\"shortcode.default\">\n\t\t\t\t<div class=\"elementor-widget-container\">\n\t\t\t\t\t\t\t<div class=\"elementor-shortcode\">    <div id=\"spotify-search-container\">\n        <label class=\"screen-reader-text\" for=\"spotify-search-input\">\n            Search for a song or artist        <\/label>\n        <input\n            type=\"text\"\n            id=\"spotify-search-input\"\n            class=\"spotify-search-input\"\n            placeholder=\"Cerca una canzone o un artista...\"\n            autocomplete=\"off\"\n        \/>\n        <div id=\"spotify-loader\" class=\"spotify-loader\" hidden>\n            <div class=\"loader\" aria-hidden=\"true\"><\/div>\n            <div class=\"loader-text\">Loading\u2026<\/div>\n        <\/div>\n        <div id=\"spotify-suggestions\" class=\"spotify-suggestions\" aria-live=\"polite\"><\/div>\n        <div id=\"spotify-details\" class=\"spotify-details\"><\/div>\n    <\/div>\n    <\/div>\n\t\t\t\t\t\t<\/div>\n\t\t\t\t<\/div>\n\t\t\t\t\t<\/div>\n\t\t\t\t<\/div>\n\t\t<div data-particle_enable=\"false\" data-particle-mobile-disabled=\"false\" class=\"elementor-element elementor-element-4e1cbf0b e-flex e-con-boxed e-con e-parent\" data-id=\"4e1cbf0b\" data-element_type=\"container\">\n\t\t\t\t\t<div class=\"e-con-inner\">\n\t\t\t\t<div class=\"elementor-element elementor-element-b4fdb7e elementor-widget elementor-widget-text-editor\" data-id=\"b4fdb7e\" data-element_type=\"widget\" data-widget_type=\"text-editor.default\">\n\t\t\t\t<div class=\"elementor-widget-container\">\n\t\t\t\t\t\t\t\t\t<h3><strong>Informazioni su WhatsMusicEPK<\/strong><\/h3>\n<p>La tua soluzione all-in-one per le recensioni di canzoni e i press kit elettronici<\/p>\n<p>WhatsMusicEPK \u00e8 lo strumento definitivo per musicisti, blogger musicali e appassionati che desiderano creare contenuti straordinari e ricchi di dati senza alcuno sforzo. Questo generatore gratuito di recensioni di canzoni e di cartelle stampa elettroniche (EPK) fornisce tutto ci\u00f2 di cui hai bisogno per presentare i tuoi brani e conquistare il tuo pubblico. <\/p>\n<h4><strong>Cosa pu\u00f2 fare WhatsMusicEPK per te?<\/strong><\/h4>\n<p><img loading=\"lazy\" decoding=\"async\" class=\"wp-image-558264 alignright\" src=\"https:\/\/whatsmusic.de\/wp-content\/uploads\/2024\/11\/WhatsMusicEPK-Grid-300x300.webp\" alt=\"\" width=\"217\" height=\"217\" srcset=\"https:\/\/whatsmusic.de\/wp-content\/uploads\/2024\/11\/WhatsMusicEPK-Grid-300x300.webp 300w, https:\/\/whatsmusic.de\/wp-content\/uploads\/2024\/11\/WhatsMusicEPK-Grid-150x150.webp 150w, https:\/\/whatsmusic.de\/wp-content\/uploads\/2024\/11\/WhatsMusicEPK-Grid-768x768.webp 768w, https:\/\/whatsmusic.de\/wp-content\/uploads\/2024\/11\/WhatsMusicEPK-Grid-100x100.webp 100w, https:\/\/whatsmusic.de\/wp-content\/uploads\/2024\/11\/WhatsMusicEPK-Grid.webp 1024w\" sizes=\"auto, (max-width: 217px) 100vw, 217px\" \/><\/p>\n<ul>\n<li><strong>Genera recensioni dettagliate dei brani all&#8217;istante:<\/strong> Crea recensioni professionali e coinvolgenti per qualsiasi brano disponibile su Spotify, grazie a un&#8217;intelligenza artificiale avanzata.<\/li>\n<li><strong>Ottieni dettagli completi sulle tracce:<\/strong> Visualizza informazioni essenziali come i nomi degli artisti, i titoli degli album, gli anni di pubblicazione, le durate, i tempi, le tonalit\u00e0, le atmosfere e molto altro ancora, tutto direttamente da Spotify.<\/li>\n<li><strong>Contenuti visivamente ricchi:<\/strong> Arricchisci la tua pagina con copertine di album di alta qualit\u00e0 e recensioni di canzoni ricche di emozioni.<\/li>\n<li><strong>Condividi ed esplora:<\/strong> Condividi facilmente i tuoi brani, visualizza le analisi e scopri canzoni simili per tenere il tuo pubblico sempre impegnato.<\/li>\n<\/ul>\n<h4><strong>Perch\u00e9 scegliere WhatsMusicEPK?<\/strong><\/h4>\n<ul>\n<li><strong>Perfetto per musicisti e blogger musicali:<\/strong> Pensato per le persone e i marchi che desiderano amplificare la loro presenza online con contenuti musicali accattivanti.<\/li>\n<li><strong>Integrazione perfetta con Spotify:<\/strong> Le nostre potenti integrazioni API garantiscono dati sempre accurati e aggiornati.<\/li>\n<li><strong>Design elegante e personalizzabile:<\/strong> Abbina il look and feel del tuo sito web con il nostro design facile da usare.<\/li>\n<li><strong>Aumenta il SEO e il coinvolgimento:<\/strong> Attira pi\u00f9 traffico con contenuti dinamici e ottimizzati per la SEO, pensati per gli appassionati di musica e i professionisti del settore.<\/li>\n<\/ul>\n<h4><strong>Inizia subito con WhatsMusicEPK!<\/strong><\/h4>\n<p>Che tu sia un artista che sta preparando la tua cartella stampa, un blogger che scrive degli ultimi successi o un appassionato di musica che vuole condividere i suoi brani preferiti, WhatsMusicEPK ti permette di creare contenuti coinvolgenti e condivisibili senza sforzo.<\/p>\n<p>Porta la tua promozione musicale e la tua strategia di contenuti a un livello superiore con WhatsMusicEPK, il tuo strumento gratuito per le recensioni dei brani e la creazione di EPK.<\/p>\n<h3><strong>Recensioni di canzoni e cartelle stampa elettroniche: Una combinazione indispensabile per i musicisti<\/strong><\/h3>\n<p>Nell&#8217;industria musicale, sempre pi\u00f9 competitiva, le <strong>recensioni dei brani<\/strong> e le <strong>cartelle stampa elettroniche (EPK)<\/strong> sono due strumenti fondamentali di cui ogni artista ha bisogno per distinguersi. Che tu sia un musicista indipendente o un&#8217;etichetta, questi elementi possono aumentare notevolmente la tua visibilit\u00e0 e credibilit\u00e0, aiutandoti a entrare in contatto con il pubblico e con i professionisti del settore. <\/p>\n<h4><strong>Perch\u00e9 le recensioni delle canzoni sono importanti?<\/strong><\/h4>\n<p>Le recensioni delle canzoni sono una parte essenziale della tua strategia di marketing musicale. Ecco perch\u00e9: <\/p>\n<ol>\n<li><strong>Maggiore visibilit\u00e0<\/strong>: Le recensioni pubblicate su blog, riviste o piattaforme musicali come WhatsMusic.de possono mettere le tue canzoni di fronte a migliaia di potenziali ascoltatori.<\/li>\n<li><strong>Credibilit\u00e0<\/strong>: Un feedback positivo da parte di fonti affidabili aggiunge un livello di autenticit\u00e0 al tuo lavoro, rendendolo pi\u00f9 interessante per i nuovi fan e gli addetti ai lavori.<\/li>\n<li><strong>Feedback prezioso<\/strong>: Le recensioni forniscono spunti costruttivi che possono aiutarti a migliorare il tuo lavoro e a capire meglio le preferenze del tuo pubblico.<\/li>\n<li><strong>Vantaggi SEO<\/strong>: Quando la tua canzone viene recensita online, aumenta la tua scopribilit\u00e0 nei motori di ricerca, soprattutto se la recensione include il tuo nome, il titolo della canzone e parole chiave come il tuo genere o il tuo stile unico.<\/li>\n<\/ol>\n<h4><strong>Cos&#8217;\u00e8 una cartella stampa elettronica (EPK)?<\/strong><\/h4>\n<p>Una <strong>cartella stampa elettronica (EPK)<\/strong> \u00e8 il tuo curriculum musicale professionale. \u00c8 un portfolio digitale progettato per fornire a promotori, media e potenziali collaboratori tutto ci\u00f2 che devono sapere su di te. <\/p>\n<h4><strong>Elementi chiave di un EPK professionale<\/strong><\/h4>\n<ol>\n<li><strong>Biografia<\/strong>: Una storia concisa e coinvolgente su chi sei e su cosa rende unica la tua musica.<\/li>\n<li><strong>Immagini di alta qualit\u00e0<\/strong>: Foto professionali per uso mediatico e promozionale.<\/li>\n<li><strong>Campioni musicali<\/strong>: Link ai tuoi migliori brani o video.<\/li>\n<li><strong>Copertura stampa<\/strong>: Includi i link a recensioni, interviste e articoli.<\/li>\n<li><strong>Informazioni di contatto<\/strong>: Assicurati che gli agenti di prenotazione e i giornalisti possano raggiungerti facilmente.<\/li>\n<li><strong>Link ai social media<\/strong>: Mostra la tua presenza online e il coinvolgimento dei fan.<\/li>\n<\/ol>\n<h4><strong>Come funzionano le recensioni delle canzoni e gli EPK<\/strong><\/h4>\n<p>Se combinate, le recensioni dei brani e gli EPK creano una potente sinergia. L&#8217;aggiunta di recensioni al tuo EPK dimostra la qualit\u00e0 della tua musica e l&#8217;impatto che ha sugli ascoltatori. I potenziali collaboratori o i locali sono pi\u00f9 propensi a prenderti sul serio quando vedono recensioni credibili.  <\/p>\n<h4><strong>Dove trovare recensioni di canzoni e assistenza per gli EPK<\/strong><\/h4>\n<p>Piattaforme come <strong>WhatsMusic.de<\/strong> sono specializzate nel fornire servizi completi per i musicisti. Dalle <strong>interviste gratuite<\/strong> agli strumenti come il <strong>generatore di copertine di album online<\/strong>, WhatsMusic.de aiuta gli artisti a brillare. Sfruttando questi servizi, puoi creare una presenza professionale e amplificare la tua portata.  <\/p>\n<hr>\n<p>Se vuoi davvero far progredire la tua carriera musicale, investire in <strong>recensioni<\/strong> di <strong>canzoni<\/strong> di alta qualit\u00e0 e in una <strong>cartella stampa elettronica<\/strong> professionale \u00e8 essenziale. Questi strumenti non solo migliorano la tua reputazione ma aprono anche le porte a nuove opportunit\u00e0 nel settore musicale. <\/p>\n<p>Resta al passo con i tempi: inizia a costruire la tua presenza sulla stampa oggi stesso!<\/p>\n\t\t\t\t\t\t\t\t<\/div>\n\t\t\t\t<\/div>\n\t\t\t\t\t<\/div>\n\t\t\t\t<\/div>\n\t\t\t\t<\/div>\n\t\t","protected":false},"excerpt":{"rendered":"<p>Crea recensioni di canzoni e cartelle stampa elettroniche straordinarie senza sforzo con WhatsMusicEPK. Recupera i dettagli dei brani di Spotify, genera recensioni potenziate dall&#8217;intelligenza artificiale e aumenta il coinvolgimento con contenuti musicali visivamente ricchi e ottimizzati per la SEO. Perfetto per musicisti, blogger e appassionati di musica!  <\/p>\n","protected":false},"author":3,"featured_media":0,"parent":0,"menu_order":0,"comment_status":"closed","ping_status":"closed","template":"","meta":{"_acf_changed":false,"footnotes":""},"class_list":["post-558293","page","type-page","status-publish","hentry"],"acf":[],"_links":{"self":[{"href":"https:\/\/whatsmusic.de\/it\/wp-json\/wp\/v2\/pages\/558293","targetHints":{"allow":["GET"]}}],"collection":[{"href":"https:\/\/whatsmusic.de\/it\/wp-json\/wp\/v2\/pages"}],"about":[{"href":"https:\/\/whatsmusic.de\/it\/wp-json\/wp\/v2\/types\/page"}],"author":[{"embeddable":true,"href":"https:\/\/whatsmusic.de\/it\/wp-json\/wp\/v2\/users\/3"}],"replies":[{"embeddable":true,"href":"https:\/\/whatsmusic.de\/it\/wp-json\/wp\/v2\/comments?post=558293"}],"version-history":[{"count":2,"href":"https:\/\/whatsmusic.de\/it\/wp-json\/wp\/v2\/pages\/558293\/revisions"}],"predecessor-version":[{"id":558304,"href":"https:\/\/whatsmusic.de\/it\/wp-json\/wp\/v2\/pages\/558293\/revisions\/558304"}],"wp:attachment":[{"href":"https:\/\/whatsmusic.de\/it\/wp-json\/wp\/v2\/media?parent=558293"}],"curies":[{"name":"wp","href":"https:\/\/api.w.org\/{rel}","templated":true}]}}