{"id":533444,"date":"2022-07-11T09:21:37","date_gmt":"2022-07-11T07:21:37","guid":{"rendered":"https:\/\/whatsmusic.de\/product\/premio-spotify-per-lo-streaming-musicale\/"},"modified":"2022-07-11T09:21:37","modified_gmt":"2022-07-11T07:21:37","slug":"premio-spotify-per-lo-streaming-musicale","status":"publish","type":"product","link":"https:\/\/whatsmusic.de\/it\/prodotto\/premio-spotify-per-lo-streaming-musicale\/","title":{"rendered":"Premio Spotify per lo streaming musicale"},"content":{"rendered":"<h2>Premio Spotify per lo streaming musicale<\/h2>\n<div>\n<p>Riconosci i tuoi successi musicali con lo Spotify Music Streaming Award. Questo premio personalizzato ti permette di mostrare il tuo duro lavoro e il tuo successo su Spotify. Con la copertina della tua canzone o del tuo album, il nome dell&#8217;artista e il numero di stream, \u00e8 perfetto per celebrare qualsiasi traguardo, da mille stream a milioni.<\/p>\n<p><strong>Artigianato di alta qualit\u00e0<\/strong><\/p>\n<p>Realizzato su carta pregiata per poster con finitura opaca, questo premio garantisce una superficie liscia e una stampa vibrante a colori con inchiostri a base di pigmenti. La carta da 45 lb., spessa 7,5 punti, offre resistenza ed eleganza, rendendolo un&#8217;aggiunta straordinaria a qualsiasi ambiente.<\/p>\n<p><strong>Stampe gicl\u00e9e di qualit\u00e0 da galleria<\/strong><\/p>\n<p>Ogni premio \u00e8 stampato con metodi Giclee di qualit\u00e0 da galleria, ideali per la riproduzione di opere d&#8217;arte e foto. La finitura opaca offre una superficie liscia e priva di acidi, assicurando che il tuo premio rimanga immacolato per gli anni a venire.<\/p>\n<p><strong>Opzioni di personalizzazione<\/strong><\/p>\n<p><img loading=\"lazy\" decoding=\"async\" class=\"wp-image-520786 alignright\" src=\"https:\/\/whatsmusic.de\/wp-content\/uploads\/2022\/07\/IMG_4972-300x200.png\" alt=\"Premio Spotify per lo streaming musicale sulla foto a parete\" width=\"375\" height=\"250\" srcset=\"https:\/\/whatsmusic.de\/wp-content\/uploads\/2022\/07\/IMG_4972-300x200.png 300w, https:\/\/whatsmusic.de\/wp-content\/uploads\/2022\/07\/IMG_4972-1024x683.png 1024w, https:\/\/whatsmusic.de\/wp-content\/uploads\/2022\/07\/IMG_4972-150x100.png 150w, https:\/\/whatsmusic.de\/wp-content\/uploads\/2022\/07\/IMG_4972-768x512.png 768w, https:\/\/whatsmusic.de\/wp-content\/uploads\/2022\/07\/IMG_4972-1536x1024.png 1536w, https:\/\/whatsmusic.de\/wp-content\/uploads\/2022\/07\/IMG_4972.png 1920w\" sizes=\"auto, (max-width: 375px) 100vw, 375px\" \/>Scegli fino a cinque tipi di carta unici e di alta qualit\u00e0 per soddisfare le tue esigenze creative. Il premio \u00e8 disponibile in dimensioni personalizzate fino a 60 pollici, con opzioni di incorniciatura che includono vetri acrilici antiriflesso. Questa flessibilit\u00e0 garantisce che il tuo premio rappresenti perfettamente i tuoi successi musicali.<\/p>\n<p><strong>Mostra con orgoglio<\/strong><\/p>\n<p>Appendi il tuo premio nello studio, in ufficio o nel salotto di casa tua per ispirare un successo continuo. \u00c8 pi\u00f9 di un semplice trofeo: \u00e8 una testimonianza del tuo duro lavoro e un elemento motivazionale che ti incoraggia a continuare a creare.<\/p>\n<p><strong>Un regalo premuroso<\/strong><\/p>\n<p>Stai cercando il regalo perfetto per un musicista o un amante della musica? Il <a href=\"https:\/\/whatsmusic.de\/product\/apple-music-streaming-award\/\" rel=\"\">Music Streaming Award<\/a> \u00e8 un modo unico e attento per celebrare il loro successo. Personalizzalo con il loro brano preferito e guarda il loro volto illuminarsi di orgoglio.<\/p>\n<p><strong>Ordina il tuo oggi stesso<\/strong><\/p>\n<p>Non perdere l&#8217;occasione di trasformare il tuo successo digitale in un bellissimo ricordo fisico. Ordina oggi stesso il tuo Spotify Music Streaming Award e commemora con stile i tuoi traguardi di streaming.<\/p>\n<h3>Specifiche:<\/h3>\n<ul>\n<li><strong>Materiale<\/strong>: Carta da poster di valore (opaca)<\/li>\n<li><strong>Personalizzazione<\/strong>: Copertina del brano\/album, nome dell&#8217;artista, numero di streaming<\/li>\n<li><strong>Dimensioni<\/strong>: Taglia personalizzata fino a 60 pollici<\/li>\n<li><strong>Stampa<\/strong>: Gicl\u00e9e di qualit\u00e0 da galleria con inchiostri a base di pigmento<\/li>\n<li><strong>Finitura<\/strong>: Superficie liscia opaca e priva di acidi<\/li>\n<li><strong>Peso<\/strong>: 45 lb., carta spessa 7,5 punti<\/li>\n<li><strong>Cornici<\/strong>: Disponibile con vetri acrilici antiriflesso<\/li>\n<\/ul>\n<p style=\"text-align: center;\"><strong>Celebra il tuo viaggio musicale con il premio Spotify per lo streaming musicale. \u00c8 il modo perfetto per onorare i tuoi successi e ispirare quelli futuri.<\/strong><\/p>\n<\/div>\n","protected":false},"excerpt":{"rendered":"<p>Festeggia i tuoi traguardi di streaming su Spotify con il premio personalizzato Spotify Music Streaming Award. Aggiungi la copertina del tuo brano\/album, il nome dell&#8217;artista e il numero di streaming per creare un premio unico e accattivante. Perfetto per esporre i tuoi successi musicali sulla parete o per condividerli con gli amici.<\/p>\n","protected":false},"featured_media":530571,"template":"","meta":{"_acf_changed":false,"wds_primary_product_brand":0,"wds_primary_product_cat":0},"product_brand":[],"product_cat":[2748],"product_tag":[3075,3076,3077,3073,3074],"class_list":{"0":"post-533444","1":"product","2":"type-product","3":"status-publish","4":"has-post-thumbnail","6":"product_cat-premio-streaming-musicale","7":"product_tag-premio","8":"product_tag-premio-musicale","9":"product_tag-premio-per-lo-streaming","10":"product_tag-spotify-it","11":"product_tag-streaming-it","13":"first","14":"instock","15":"sale","16":"featured","17":"taxable","18":"shipping-taxable","19":"product-type-external"},"acf":[],"_links":{"self":[{"href":"https:\/\/whatsmusic.de\/it\/wp-json\/wp\/v2\/product\/533444","targetHints":{"allow":["GET"]}}],"collection":[{"href":"https:\/\/whatsmusic.de\/it\/wp-json\/wp\/v2\/product"}],"about":[{"href":"https:\/\/whatsmusic.de\/it\/wp-json\/wp\/v2\/types\/product"}],"version-history":[{"count":0,"href":"https:\/\/whatsmusic.de\/it\/wp-json\/wp\/v2\/product\/533444\/revisions"}],"wp:featuredmedia":[{"embeddable":true,"href":"https:\/\/whatsmusic.de\/it\/wp-json\/wp\/v2\/media\/530571"}],"wp:attachment":[{"href":"https:\/\/whatsmusic.de\/it\/wp-json\/wp\/v2\/media?parent=533444"}],"wp:term":[{"taxonomy":"product_brand","embeddable":true,"href":"https:\/\/whatsmusic.de\/it\/wp-json\/wp\/v2\/product_brand?post=533444"},{"taxonomy":"product_cat","embeddable":true,"href":"https:\/\/whatsmusic.de\/it\/wp-json\/wp\/v2\/product_cat?post=533444"},{"taxonomy":"product_tag","embeddable":true,"href":"https:\/\/whatsmusic.de\/it\/wp-json\/wp\/v2\/product_tag?post=533444"}],"curies":[{"name":"wp","href":"https:\/\/api.w.org\/{rel}","templated":true}]}}